{"id":4855,"date":"2025-05-22T19:19:43","date_gmt":"2025-05-22T17:19:43","guid":{"rendered":"https:\/\/atlantide-sauna.com\/sauna-hammam\/recensioni-del-club-libertine\/"},"modified":"2025-05-22T19:19:43","modified_gmt":"2025-05-22T17:19:43","slug":"recensioni-del-club-libertine","status":"publish","type":"page","link":"https:\/\/atlantide-sauna.com\/it\/sauna-hammam\/recensioni-del-club-libertine\/","title":{"rendered":"Recensioni del club Libertine"},"content":{"rendered":"<p class=\"chapo\">All&#8217;Atlantide Sauna, al 13 di rue Parrot, vicino alla Gare de Lyon, tutto \u00e8 fatto per favorire i tuoi incontri libertini e le tue telefonate. Sono disponibili aree relax private o di gruppo, senza dimenticare la nostra sauna di alta gamma o il bagno turco piastrellato e profumato. Per facilitare i tuoi incontri, bar, cabine e sale video pansessuali sono a tua disposizione.  <\/p>\n<p id=\"cta\">Scopri di pi\u00f9 su : <a href=\"http:\/\/www.atlantide-sauna.com\/\">Opinioni libertine club paris<\/a><\/p>\n<p>All&#8217;Atlantide Sauna la nostra filosofia \u00e8 quella della tolleranza e dell&#8217;accoglienza di ogni tipo di libertinaggio. Siamo il primo bagno turco naturista misto della capitale, dove un&#8217;atmosfera amichevole incoraggia ogni tipo di incontro libertino e di progetto sessuale. <\/p>\n<h2>Sauna L&#8217;Atlantide: club libertino, tolleranza e savoir-faire.<\/h2>\n<p>L&#8217;Atlantide Sauna \u00e8 la prima sauna hammam mista e naturista di Parigi. Tutti i nostri sforzi si sono concentrati sull&#8217;attenta decorazione e sulla disposizione delle nostre aree relax per favorire gli incontri scambisti e libertini. I nostri team sono addestrati per garantire l&#8217;applicazione delle regole del nostro stabilimento: rispetto per gli altri e per tutte le sessualit\u00e0 e gli orientamenti sessuali. Sauna libertina ideale per piani con uomini o donne sposate.   <\/p>\n<p id=\"nl\">Altre ricerche : <a href=\"http:\/\/www.atlantide-sauna.com\/sauna-hammam\/sauna-mixte-a-paris\">Saune miste a Parigi<\/a>, <a href=\"http:\/\/www.atlantide-sauna.com\/sauna-hammam\/rencontre-echangiste\">Incontri scambisti<\/a>, <a href=\"http:\/\/www.atlantide-sauna.com\/sauna-hammam\/club-libertin-en-region-parisienne\">Club libertini a Parigi<\/a>.<\/p>\n","protected":false},"excerpt":{"rendered":"<p>All&#8217;Atlantide Sauna, al 13 di rue Parrot, vicino alla Gare de Lyon, tutto \u00e8 fatto per favorire i tuoi incontri libertini e le tue telefonate. Sono disponibili aree relax private o di gruppo, senza dimenticare la nostra sauna di alta gamma o il bagno turco piastrellato e profumato. Per facilitare i tuoi incontri, bar, cabine [&hellip;]<\/p>\n","protected":false},"author":4,"featured_media":0,"parent":1101,"menu_order":1,"comment_status":"closed","ping_status":"closed","template":"","meta":{"footnotes":""},"class_list":["post-4855","page","type-page","status-publish","hentry"],"yoast_head":"<!-- This site is optimized with the Yoast SEO Premium plugin v27.5 (Yoast SEO v27.5) - https:\/\/yoast.com\/product\/yoast-seo-premium-wordpress\/ -->\n<title>Recensioni del club Libertine - Atlantide Sauna<\/title>\n<meta name=\"description\" content=\"La nostra filosofia \u00e8 quella della tolleranza, accogliendo tutti i tipi di libertinaggio. Siamo il primo hammam naturista misto di Parigi.\" \/>\n<meta name=\"robots\" content=\"index, follow, max-snippet:-1, max-image-preview:large, max-video-preview:-1\" \/>\n<link rel=\"canonical\" href=\"https:\/\/atlantide-sauna.com\/it\/sauna-hammam\/recensioni-del-club-libertine\/\" \/>\n<meta property=\"og:locale\" content=\"it_IT\" \/>\n<meta property=\"og:type\" content=\"article\" \/>\n<meta property=\"og:title\" content=\"Recensioni del club Libertine\" \/>\n<meta property=\"og:description\" content=\"La nostra filosofia \u00e8 quella della tolleranza, accogliendo tutti i tipi di libertinaggio. Siamo il primo hammam naturista misto di Parigi.\" \/>\n<meta property=\"og:url\" content=\"https:\/\/atlantide-sauna.com\/it\/sauna-hammam\/recensioni-del-club-libertine\/\" \/>\n<meta property=\"og:site_name\" content=\"Atlantide Sauna\" \/>\n<meta property=\"article:publisher\" content=\"https:\/\/www.facebook.com\/profile.php?id=100082829877238\" \/>\n<meta property=\"og:image\" content=\"https:\/\/i0.wp.com\/atlantide-sauna.com\/wp-content\/uploads\/2025\/06\/ASH_IMG2025_000.jpg?fit=1440%2C810&ssl=1\" \/>\n\t<meta property=\"og:image:width\" content=\"1440\" \/>\n\t<meta property=\"og:image:height\" content=\"810\" \/>\n\t<meta property=\"og:image:type\" content=\"image\/jpeg\" \/>\n<meta name=\"twitter:card\" content=\"summary_large_image\" \/>\n<meta name=\"twitter:site\" content=\"@atlantidesauna\" \/>\n<meta name=\"twitter:label1\" content=\"Tempo di lettura stimato\" \/>\n\t<meta name=\"twitter:data1\" content=\"1 minuto\" \/>\n<script type=\"application\/ld+json\" class=\"yoast-schema-graph\">{\"@context\":\"https:\\\/\\\/schema.org\",\"@graph\":[{\"@type\":\"WebPage\",\"@id\":\"https:\\\/\\\/atlantide-sauna.com\\\/it\\\/sauna-hammam\\\/recensioni-del-club-libertine\\\/\",\"url\":\"https:\\\/\\\/atlantide-sauna.com\\\/it\\\/sauna-hammam\\\/recensioni-del-club-libertine\\\/\",\"name\":\"Recensioni del club Libertine - Atlantide Sauna\",\"isPartOf\":{\"@id\":\"https:\\\/\\\/atlantide-sauna.com\\\/it\\\/#website\"},\"datePublished\":\"2025-05-22T17:19:43+00:00\",\"description\":\"La nostra filosofia \u00e8 quella della tolleranza, accogliendo tutti i tipi di libertinaggio. Siamo il primo hammam naturista misto di Parigi.\",\"breadcrumb\":{\"@id\":\"https:\\\/\\\/atlantide-sauna.com\\\/it\\\/sauna-hammam\\\/recensioni-del-club-libertine\\\/#breadcrumb\"},\"inLanguage\":\"it-IT\",\"potentialAction\":[{\"@type\":\"ReadAction\",\"target\":[\"https:\\\/\\\/atlantide-sauna.com\\\/it\\\/sauna-hammam\\\/recensioni-del-club-libertine\\\/\"]}]},{\"@type\":\"BreadcrumbList\",\"@id\":\"https:\\\/\\\/atlantide-sauna.com\\\/it\\\/sauna-hammam\\\/recensioni-del-club-libertine\\\/#breadcrumb\",\"itemListElement\":[{\"@type\":\"ListItem\",\"position\":1,\"name\":\"Accueil\",\"item\":\"https:\\\/\\\/atlantide-sauna.com\\\/it\\\/casa\\\/\"},{\"@type\":\"ListItem\",\"position\":2,\"name\":\"Sauna Hammam\",\"item\":\"https:\\\/\\\/atlantide-sauna.com\\\/it\\\/sauna-hammam\\\/\"},{\"@type\":\"ListItem\",\"position\":3,\"name\":\"Recensioni del club Libertine\"}]},{\"@type\":\"WebSite\",\"@id\":\"https:\\\/\\\/atlantide-sauna.com\\\/it\\\/#website\",\"url\":\"https:\\\/\\\/atlantide-sauna.com\\\/it\\\/\",\"name\":\"Atlantide Sauna\",\"description\":\"Sauna Toutes Tendances Gay Bi Tr**\",\"publisher\":{\"@id\":\"https:\\\/\\\/atlantide-sauna.com\\\/it\\\/#organization\"},\"alternateName\":\"Club libertin Atlantide Sauna Paris\",\"potentialAction\":[{\"@type\":\"SearchAction\",\"target\":{\"@type\":\"EntryPoint\",\"urlTemplate\":\"https:\\\/\\\/atlantide-sauna.com\\\/it\\\/?s={search_term_string}\"},\"query-input\":{\"@type\":\"PropertyValueSpecification\",\"valueRequired\":true,\"valueName\":\"search_term_string\"}}],\"inLanguage\":\"it-IT\"},{\"@type\":\"Organization\",\"@id\":\"https:\\\/\\\/atlantide-sauna.com\\\/it\\\/#organization\",\"name\":\"ATLANTIDE SAUNA HAMMAM\",\"alternateName\":\"ATLANTIDE SAUNA HAMMAM\",\"url\":\"https:\\\/\\\/atlantide-sauna.com\\\/it\\\/\",\"logo\":{\"@type\":\"ImageObject\",\"inLanguage\":\"it-IT\",\"@id\":\"https:\\\/\\\/atlantide-sauna.com\\\/it\\\/#\\\/schema\\\/logo\\\/image\\\/\",\"url\":\"https:\\\/\\\/atlantide-sauna.com\\\/wp-content\\\/uploads\\\/2025\\\/05\\\/ash_logo_2025_01.svg\",\"contentUrl\":\"https:\\\/\\\/atlantide-sauna.com\\\/wp-content\\\/uploads\\\/2025\\\/05\\\/ash_logo_2025_01.svg\",\"width\":1,\"height\":1,\"caption\":\"ATLANTIDE SAUNA HAMMAM\"},\"image\":{\"@id\":\"https:\\\/\\\/atlantide-sauna.com\\\/it\\\/#\\\/schema\\\/logo\\\/image\\\/\"},\"sameAs\":[\"https:\\\/\\\/www.facebook.com\\\/profile.php?id=100082829877238\",\"https:\\\/\\\/x.com\\\/atlantidesauna\"],\"description\":\"Sauna hammam toutes tendances. Un espace de libert\u00e9, de mixit\u00e9 et de tol\u00e9rance. Chez Atlantide Sauna vous trouverez les conditions id\u00e9ales pour vos rencontres libertines.\",\"email\":\"infos@atlantide-sauna.com\",\"telephone\":\"0143422243\",\"legalName\":\"ATLANTIDE SAUNA HAMMAM\",\"foundingDate\":\"1999-08-09\",\"vatID\":\"FR39423920370\",\"taxID\":\"42392037000016\",\"numberOfEmployees\":{\"@type\":\"QuantitativeValue\",\"minValue\":\"1\",\"maxValue\":\"10\"}}]}<\/script>\n<!-- \/ Yoast SEO Premium plugin. -->","yoast_head_json":{"title":"Recensioni del club Libertine - Atlantide Sauna","description":"La nostra filosofia \u00e8 quella della tolleranza, accogliendo tutti i tipi di libertinaggio. Siamo il primo hammam naturista misto di Parigi.","robots":{"index":"index","follow":"follow","max-snippet":"max-snippet:-1","max-image-preview":"max-image-preview:large","max-video-preview":"max-video-preview:-1"},"canonical":"https:\/\/atlantide-sauna.com\/it\/sauna-hammam\/recensioni-del-club-libertine\/","og_locale":"it_IT","og_type":"article","og_title":"Recensioni del club Libertine","og_description":"La nostra filosofia \u00e8 quella della tolleranza, accogliendo tutti i tipi di libertinaggio. Siamo il primo hammam naturista misto di Parigi.","og_url":"https:\/\/atlantide-sauna.com\/it\/sauna-hammam\/recensioni-del-club-libertine\/","og_site_name":"Atlantide Sauna","article_publisher":"https:\/\/www.facebook.com\/profile.php?id=100082829877238","og_image":[{"width":1440,"height":810,"url":"https:\/\/i0.wp.com\/atlantide-sauna.com\/wp-content\/uploads\/2025\/06\/ASH_IMG2025_000.jpg?fit=1440%2C810&ssl=1","type":"image\/jpeg"}],"twitter_card":"summary_large_image","twitter_site":"@atlantidesauna","twitter_misc":{"Tempo di lettura stimato":"1 minuto"},"schema":{"@context":"https:\/\/schema.org","@graph":[{"@type":"WebPage","@id":"https:\/\/atlantide-sauna.com\/it\/sauna-hammam\/recensioni-del-club-libertine\/","url":"https:\/\/atlantide-sauna.com\/it\/sauna-hammam\/recensioni-del-club-libertine\/","name":"Recensioni del club Libertine - Atlantide Sauna","isPartOf":{"@id":"https:\/\/atlantide-sauna.com\/it\/#website"},"datePublished":"2025-05-22T17:19:43+00:00","description":"La nostra filosofia \u00e8 quella della tolleranza, accogliendo tutti i tipi di libertinaggio. Siamo il primo hammam naturista misto di Parigi.","breadcrumb":{"@id":"https:\/\/atlantide-sauna.com\/it\/sauna-hammam\/recensioni-del-club-libertine\/#breadcrumb"},"inLanguage":"it-IT","potentialAction":[{"@type":"ReadAction","target":["https:\/\/atlantide-sauna.com\/it\/sauna-hammam\/recensioni-del-club-libertine\/"]}]},{"@type":"BreadcrumbList","@id":"https:\/\/atlantide-sauna.com\/it\/sauna-hammam\/recensioni-del-club-libertine\/#breadcrumb","itemListElement":[{"@type":"ListItem","position":1,"name":"Accueil","item":"https:\/\/atlantide-sauna.com\/it\/casa\/"},{"@type":"ListItem","position":2,"name":"Sauna Hammam","item":"https:\/\/atlantide-sauna.com\/it\/sauna-hammam\/"},{"@type":"ListItem","position":3,"name":"Recensioni del club Libertine"}]},{"@type":"WebSite","@id":"https:\/\/atlantide-sauna.com\/it\/#website","url":"https:\/\/atlantide-sauna.com\/it\/","name":"Atlantide Sauna","description":"Sauna Toutes Tendances Gay Bi Tr**","publisher":{"@id":"https:\/\/atlantide-sauna.com\/it\/#organization"},"alternateName":"Club libertin Atlantide Sauna Paris","potentialAction":[{"@type":"SearchAction","target":{"@type":"EntryPoint","urlTemplate":"https:\/\/atlantide-sauna.com\/it\/?s={search_term_string}"},"query-input":{"@type":"PropertyValueSpecification","valueRequired":true,"valueName":"search_term_string"}}],"inLanguage":"it-IT"},{"@type":"Organization","@id":"https:\/\/atlantide-sauna.com\/it\/#organization","name":"ATLANTIDE SAUNA HAMMAM","alternateName":"ATLANTIDE SAUNA HAMMAM","url":"https:\/\/atlantide-sauna.com\/it\/","logo":{"@type":"ImageObject","inLanguage":"it-IT","@id":"https:\/\/atlantide-sauna.com\/it\/#\/schema\/logo\/image\/","url":"https:\/\/atlantide-sauna.com\/wp-content\/uploads\/2025\/05\/ash_logo_2025_01.svg","contentUrl":"https:\/\/atlantide-sauna.com\/wp-content\/uploads\/2025\/05\/ash_logo_2025_01.svg","width":1,"height":1,"caption":"ATLANTIDE SAUNA HAMMAM"},"image":{"@id":"https:\/\/atlantide-sauna.com\/it\/#\/schema\/logo\/image\/"},"sameAs":["https:\/\/www.facebook.com\/profile.php?id=100082829877238","https:\/\/x.com\/atlantidesauna"],"description":"Sauna hammam toutes tendances. Un espace de libert\u00e9, de mixit\u00e9 et de tol\u00e9rance. Chez Atlantide Sauna vous trouverez les conditions id\u00e9ales pour vos rencontres libertines.","email":"infos@atlantide-sauna.com","telephone":"0143422243","legalName":"ATLANTIDE SAUNA HAMMAM","foundingDate":"1999-08-09","vatID":"FR39423920370","taxID":"42392037000016","numberOfEmployees":{"@type":"QuantitativeValue","minValue":"1","maxValue":"10"}}]}},"jetpack_sharing_enabled":true,"_links":{"self":[{"href":"https:\/\/atlantide-sauna.com\/it\/wp-json\/wp\/v2\/pages\/4855","targetHints":{"allow":["GET"]}}],"collection":[{"href":"https:\/\/atlantide-sauna.com\/it\/wp-json\/wp\/v2\/pages"}],"about":[{"href":"https:\/\/atlantide-sauna.com\/it\/wp-json\/wp\/v2\/types\/page"}],"author":[{"embeddable":true,"href":"https:\/\/atlantide-sauna.com\/it\/wp-json\/wp\/v2\/users\/4"}],"replies":[{"embeddable":true,"href":"https:\/\/atlantide-sauna.com\/it\/wp-json\/wp\/v2\/comments?post=4855"}],"version-history":[{"count":0,"href":"https:\/\/atlantide-sauna.com\/it\/wp-json\/wp\/v2\/pages\/4855\/revisions"}],"up":[{"embeddable":true,"href":"https:\/\/atlantide-sauna.com\/it\/wp-json\/wp\/v2\/pages\/1101"}],"wp:attachment":[{"href":"https:\/\/atlantide-sauna.com\/it\/wp-json\/wp\/v2\/media?parent=4855"}],"curies":[{"name":"wp","href":"https:\/\/api.w.org\/{rel}","templated":true}]}}