{"id":4859,"date":"2025-05-22T19:19:44","date_gmt":"2025-05-22T17:19:44","guid":{"rendered":"https:\/\/atlantide-sauna.com\/sauna-hammam\/rencontre-coquines-paris-12\/"},"modified":"2025-05-22T19:19:44","modified_gmt":"2025-05-22T17:19:44","slug":"rencontre-coquines-paris-12","status":"publish","type":"page","link":"https:\/\/atlantide-sauna.com\/it\/sauna-hammam\/rencontre-coquines-paris-12\/","title":{"rendered":"Rencontre coquines Paris 12"},"content":{"rendered":"<h1>Rencontre coquines Paris 12<\/h1>\n<p class=\"chapo\">Se sei appassionato di libertinaggio e candaulismo pansessuale, ora hai un posto dove incontrarti a Parigi vicino alla Gare de Lyon: Atlantide Sauna. Aperta 7 giorni su 7, siamo una sauna hammam mista dove cortesia e tolleranza sono la regola. Nel nostro sex club libertino potrai godere di un&#8217;atmosfera tranquilla e profumata.  <\/p>\n<p id=\"cta\">Scopri di pi\u00f9 su : <a href=\"http:\/\/www.atlantide-sauna.com\/\">Incontri sconci<\/a><\/p>\n<p>La Sauna L&#8217;Atlantide \u00e8 unica nella zona est di Parigi in quanto accoglie tutti coloro che fanno della sessualit\u00e0 un&#8217;arte di vivere, indipendentemente dal loro orientamento sessuale o dalle loro pratiche. Tolleranza \u00e8 la nostra parola d&#8217;ordine: sia gli incontri eterosessuali curiosi che quelli gay o transessuali sono ugualmente benvenuti. Il nostro club privato \u00e8 inoltre improntato alla delicatezza e alla correttezza.  <\/p>\n<h2>La Sauna Atlantide: un luogo di libertinaggio, tolleranza e savoir-faire.<\/h2>\n<p>La Sauna Atlantide di Parigi \u00e8 l&#8217;ambiente ideale per i tuoi incontri pansessuali e scambisti. Troverai un&#8217;atmosfera calda ed elegante, perfetta per gli scambi intimi. Per i tuoi approcci e i tuoi incontri amorosi, puoi scegliere tra il rilassante hammam, la sauna o le sale video collettive.  <\/p>\n<p id=\"nl\">Altre ricerche : <a href=\"http:\/\/www.atlantide-sauna.com\/sauna-hammam\/club-sauna-melangiste-paris\">Club sauna m\u00e9langiste Paris<\/a>, <a href=\"http:\/\/www.atlantide-sauna.com\/sauna-hammam\/jacuzzi-libertin\">Jacuzzi libertina<\/a>, <a href=\"http:\/\/www.atlantide-sauna.com\/sauna-hammam\/sauna-region-parisienne\">Area Sauna Paris<\/a>.<\/p>\n","protected":false},"excerpt":{"rendered":"<p>Rencontre coquines Paris 12 Se sei appassionato di libertinaggio e candaulismo pansessuale, ora hai un posto dove incontrarti a Parigi vicino alla Gare de Lyon: Atlantide Sauna. Aperta 7 giorni su 7, siamo una sauna hammam mista dove cortesia e tolleranza sono la regola. Nel nostro sex club libertino potrai godere di un&#8217;atmosfera tranquilla e [&hellip;]<\/p>\n","protected":false},"author":4,"featured_media":0,"parent":1101,"menu_order":26,"comment_status":"closed","ping_status":"closed","template":"","meta":{"footnotes":""},"class_list":["post-4859","page","type-page","status-publish","hentry"],"yoast_head":"<!-- This site is optimized with the Yoast SEO Premium plugin v27.5 (Yoast SEO v27.5) - https:\/\/yoast.com\/product\/yoast-seo-premium-wordpress\/ -->\n<title>Rencontre coquines Paris 12 - Atlantide Sauna<\/title>\n<meta name=\"robots\" content=\"index, follow, max-snippet:-1, max-image-preview:large, max-video-preview:-1\" \/>\n<link rel=\"canonical\" href=\"https:\/\/atlantide-sauna.com\/it\/sauna-hammam\/rencontre-coquines-paris-12\/\" \/>\n<meta property=\"og:locale\" content=\"it_IT\" \/>\n<meta property=\"og:type\" content=\"article\" \/>\n<meta property=\"og:title\" content=\"Rencontre coquines Paris 12\" \/>\n<meta property=\"og:description\" content=\"Rencontre coquines Paris 12 Se sei appassionato di libertinaggio e candaulismo pansessuale, ora hai un posto dove incontrarti a Parigi vicino alla Gare de Lyon: Atlantide Sauna. Aperta 7 giorni su 7, siamo una sauna hammam mista dove cortesia e tolleranza sono la regola. Nel nostro sex club libertino potrai godere di un&#8217;atmosfera tranquilla e [&hellip;]\" \/>\n<meta property=\"og:url\" content=\"https:\/\/atlantide-sauna.com\/it\/sauna-hammam\/rencontre-coquines-paris-12\/\" \/>\n<meta property=\"og:site_name\" content=\"Atlantide Sauna\" \/>\n<meta property=\"article:publisher\" content=\"https:\/\/www.facebook.com\/profile.php?id=100082829877238\" \/>\n<meta property=\"og:image\" content=\"https:\/\/i0.wp.com\/atlantide-sauna.com\/wp-content\/uploads\/2025\/06\/ASH_IMG2025_000.jpg?fit=1440%2C810&ssl=1\" \/>\n\t<meta property=\"og:image:width\" content=\"1440\" \/>\n\t<meta property=\"og:image:height\" content=\"810\" \/>\n\t<meta property=\"og:image:type\" content=\"image\/jpeg\" \/>\n<meta name=\"twitter:card\" content=\"summary_large_image\" \/>\n<meta name=\"twitter:site\" content=\"@atlantidesauna\" \/>\n<meta name=\"twitter:label1\" content=\"Tempo di lettura stimato\" \/>\n\t<meta name=\"twitter:data1\" content=\"1 minuto\" \/>\n<script type=\"application\/ld+json\" class=\"yoast-schema-graph\">{\"@context\":\"https:\\\/\\\/schema.org\",\"@graph\":[{\"@type\":\"WebPage\",\"@id\":\"https:\\\/\\\/atlantide-sauna.com\\\/it\\\/sauna-hammam\\\/rencontre-coquines-paris-12\\\/\",\"url\":\"https:\\\/\\\/atlantide-sauna.com\\\/it\\\/sauna-hammam\\\/rencontre-coquines-paris-12\\\/\",\"name\":\"Rencontre coquines Paris 12 - Atlantide Sauna\",\"isPartOf\":{\"@id\":\"https:\\\/\\\/atlantide-sauna.com\\\/it\\\/#website\"},\"datePublished\":\"2025-05-22T17:19:44+00:00\",\"breadcrumb\":{\"@id\":\"https:\\\/\\\/atlantide-sauna.com\\\/it\\\/sauna-hammam\\\/rencontre-coquines-paris-12\\\/#breadcrumb\"},\"inLanguage\":\"it-IT\",\"potentialAction\":[{\"@type\":\"ReadAction\",\"target\":[\"https:\\\/\\\/atlantide-sauna.com\\\/it\\\/sauna-hammam\\\/rencontre-coquines-paris-12\\\/\"]}]},{\"@type\":\"BreadcrumbList\",\"@id\":\"https:\\\/\\\/atlantide-sauna.com\\\/it\\\/sauna-hammam\\\/rencontre-coquines-paris-12\\\/#breadcrumb\",\"itemListElement\":[{\"@type\":\"ListItem\",\"position\":1,\"name\":\"Accueil\",\"item\":\"https:\\\/\\\/atlantide-sauna.com\\\/it\\\/casa\\\/\"},{\"@type\":\"ListItem\",\"position\":2,\"name\":\"Sauna Hammam\",\"item\":\"https:\\\/\\\/atlantide-sauna.com\\\/it\\\/sauna-hammam\\\/\"},{\"@type\":\"ListItem\",\"position\":3,\"name\":\"Rencontre coquines Paris 12\"}]},{\"@type\":\"WebSite\",\"@id\":\"https:\\\/\\\/atlantide-sauna.com\\\/it\\\/#website\",\"url\":\"https:\\\/\\\/atlantide-sauna.com\\\/it\\\/\",\"name\":\"Atlantide Sauna\",\"description\":\"Sauna Toutes Tendances Gay Bi Tr**\",\"publisher\":{\"@id\":\"https:\\\/\\\/atlantide-sauna.com\\\/it\\\/#organization\"},\"alternateName\":\"Club libertin Atlantide Sauna Paris\",\"potentialAction\":[{\"@type\":\"SearchAction\",\"target\":{\"@type\":\"EntryPoint\",\"urlTemplate\":\"https:\\\/\\\/atlantide-sauna.com\\\/it\\\/?s={search_term_string}\"},\"query-input\":{\"@type\":\"PropertyValueSpecification\",\"valueRequired\":true,\"valueName\":\"search_term_string\"}}],\"inLanguage\":\"it-IT\"},{\"@type\":\"Organization\",\"@id\":\"https:\\\/\\\/atlantide-sauna.com\\\/it\\\/#organization\",\"name\":\"ATLANTIDE SAUNA HAMMAM\",\"alternateName\":\"ATLANTIDE SAUNA HAMMAM\",\"url\":\"https:\\\/\\\/atlantide-sauna.com\\\/it\\\/\",\"logo\":{\"@type\":\"ImageObject\",\"inLanguage\":\"it-IT\",\"@id\":\"https:\\\/\\\/atlantide-sauna.com\\\/it\\\/#\\\/schema\\\/logo\\\/image\\\/\",\"url\":\"https:\\\/\\\/atlantide-sauna.com\\\/wp-content\\\/uploads\\\/2025\\\/05\\\/ash_logo_2025_01.svg\",\"contentUrl\":\"https:\\\/\\\/atlantide-sauna.com\\\/wp-content\\\/uploads\\\/2025\\\/05\\\/ash_logo_2025_01.svg\",\"width\":1,\"height\":1,\"caption\":\"ATLANTIDE SAUNA HAMMAM\"},\"image\":{\"@id\":\"https:\\\/\\\/atlantide-sauna.com\\\/it\\\/#\\\/schema\\\/logo\\\/image\\\/\"},\"sameAs\":[\"https:\\\/\\\/www.facebook.com\\\/profile.php?id=100082829877238\",\"https:\\\/\\\/x.com\\\/atlantidesauna\"],\"description\":\"Sauna hammam toutes tendances. Un espace de libert\u00e9, de mixit\u00e9 et de tol\u00e9rance. Chez Atlantide Sauna vous trouverez les conditions id\u00e9ales pour vos rencontres libertines.\",\"email\":\"infos@atlantide-sauna.com\",\"telephone\":\"0143422243\",\"legalName\":\"ATLANTIDE SAUNA HAMMAM\",\"foundingDate\":\"1999-08-09\",\"vatID\":\"FR39423920370\",\"taxID\":\"42392037000016\",\"numberOfEmployees\":{\"@type\":\"QuantitativeValue\",\"minValue\":\"1\",\"maxValue\":\"10\"}}]}<\/script>\n<!-- \/ Yoast SEO Premium plugin. -->","yoast_head_json":{"title":"Rencontre coquines Paris 12 - Atlantide Sauna","robots":{"index":"index","follow":"follow","max-snippet":"max-snippet:-1","max-image-preview":"max-image-preview:large","max-video-preview":"max-video-preview:-1"},"canonical":"https:\/\/atlantide-sauna.com\/it\/sauna-hammam\/rencontre-coquines-paris-12\/","og_locale":"it_IT","og_type":"article","og_title":"Rencontre coquines Paris 12","og_description":"Rencontre coquines Paris 12 Se sei appassionato di libertinaggio e candaulismo pansessuale, ora hai un posto dove incontrarti a Parigi vicino alla Gare de Lyon: Atlantide Sauna. Aperta 7 giorni su 7, siamo una sauna hammam mista dove cortesia e tolleranza sono la regola. Nel nostro sex club libertino potrai godere di un&#8217;atmosfera tranquilla e [&hellip;]","og_url":"https:\/\/atlantide-sauna.com\/it\/sauna-hammam\/rencontre-coquines-paris-12\/","og_site_name":"Atlantide Sauna","article_publisher":"https:\/\/www.facebook.com\/profile.php?id=100082829877238","og_image":[{"width":1440,"height":810,"url":"https:\/\/i0.wp.com\/atlantide-sauna.com\/wp-content\/uploads\/2025\/06\/ASH_IMG2025_000.jpg?fit=1440%2C810&ssl=1","type":"image\/jpeg"}],"twitter_card":"summary_large_image","twitter_site":"@atlantidesauna","twitter_misc":{"Tempo di lettura stimato":"1 minuto"},"schema":{"@context":"https:\/\/schema.org","@graph":[{"@type":"WebPage","@id":"https:\/\/atlantide-sauna.com\/it\/sauna-hammam\/rencontre-coquines-paris-12\/","url":"https:\/\/atlantide-sauna.com\/it\/sauna-hammam\/rencontre-coquines-paris-12\/","name":"Rencontre coquines Paris 12 - Atlantide Sauna","isPartOf":{"@id":"https:\/\/atlantide-sauna.com\/it\/#website"},"datePublished":"2025-05-22T17:19:44+00:00","breadcrumb":{"@id":"https:\/\/atlantide-sauna.com\/it\/sauna-hammam\/rencontre-coquines-paris-12\/#breadcrumb"},"inLanguage":"it-IT","potentialAction":[{"@type":"ReadAction","target":["https:\/\/atlantide-sauna.com\/it\/sauna-hammam\/rencontre-coquines-paris-12\/"]}]},{"@type":"BreadcrumbList","@id":"https:\/\/atlantide-sauna.com\/it\/sauna-hammam\/rencontre-coquines-paris-12\/#breadcrumb","itemListElement":[{"@type":"ListItem","position":1,"name":"Accueil","item":"https:\/\/atlantide-sauna.com\/it\/casa\/"},{"@type":"ListItem","position":2,"name":"Sauna Hammam","item":"https:\/\/atlantide-sauna.com\/it\/sauna-hammam\/"},{"@type":"ListItem","position":3,"name":"Rencontre coquines Paris 12"}]},{"@type":"WebSite","@id":"https:\/\/atlantide-sauna.com\/it\/#website","url":"https:\/\/atlantide-sauna.com\/it\/","name":"Atlantide Sauna","description":"Sauna Toutes Tendances Gay Bi Tr**","publisher":{"@id":"https:\/\/atlantide-sauna.com\/it\/#organization"},"alternateName":"Club libertin Atlantide Sauna Paris","potentialAction":[{"@type":"SearchAction","target":{"@type":"EntryPoint","urlTemplate":"https:\/\/atlantide-sauna.com\/it\/?s={search_term_string}"},"query-input":{"@type":"PropertyValueSpecification","valueRequired":true,"valueName":"search_term_string"}}],"inLanguage":"it-IT"},{"@type":"Organization","@id":"https:\/\/atlantide-sauna.com\/it\/#organization","name":"ATLANTIDE SAUNA HAMMAM","alternateName":"ATLANTIDE SAUNA HAMMAM","url":"https:\/\/atlantide-sauna.com\/it\/","logo":{"@type":"ImageObject","inLanguage":"it-IT","@id":"https:\/\/atlantide-sauna.com\/it\/#\/schema\/logo\/image\/","url":"https:\/\/atlantide-sauna.com\/wp-content\/uploads\/2025\/05\/ash_logo_2025_01.svg","contentUrl":"https:\/\/atlantide-sauna.com\/wp-content\/uploads\/2025\/05\/ash_logo_2025_01.svg","width":1,"height":1,"caption":"ATLANTIDE SAUNA HAMMAM"},"image":{"@id":"https:\/\/atlantide-sauna.com\/it\/#\/schema\/logo\/image\/"},"sameAs":["https:\/\/www.facebook.com\/profile.php?id=100082829877238","https:\/\/x.com\/atlantidesauna"],"description":"Sauna hammam toutes tendances. Un espace de libert\u00e9, de mixit\u00e9 et de tol\u00e9rance. Chez Atlantide Sauna vous trouverez les conditions id\u00e9ales pour vos rencontres libertines.","email":"infos@atlantide-sauna.com","telephone":"0143422243","legalName":"ATLANTIDE SAUNA HAMMAM","foundingDate":"1999-08-09","vatID":"FR39423920370","taxID":"42392037000016","numberOfEmployees":{"@type":"QuantitativeValue","minValue":"1","maxValue":"10"}}]}},"jetpack-related-posts":[{"id":4873,"url":"https:\/\/atlantide-sauna.com\/it\/sauna-hammam\/club-per-bisessuali-e-travestiti-a-parigi-vicino-alla-gare-de-lyon\/","url_meta":{"origin":4859,"position":0},"title":"Club per bisessuali e travestiti a Parigi vicino alla Gare de Lyon","author":"Atlantide Sauna","date":"22 Maggio 2025","format":false,"excerpt":"Club per bisessuali e travestiti a Parigi 12 La Sauna Atlantide \u00e8 unica per essere un bagno turco libertino nel cuore di Parigi. La nostra sauna libertina a Parigi Gare de Lyon accoglie coppie e amanti degli incontri con travestiti e transessuali, eterosessuali curiosi o gay. Offriamo uno staff accogliente\u2026","rel":"","context":"In &quot;Sauna Hammam&quot;","block_context":{"text":"Sauna Hammam","link":"https:\/\/atlantide-sauna.com\/it\/category\/sauna-hammam-it\/"},"img":{"alt_text":"","src":"","width":0,"height":0},"classes":[]},{"id":4855,"url":"https:\/\/atlantide-sauna.com\/it\/sauna-hammam\/recensioni-del-club-libertine\/","url_meta":{"origin":4859,"position":1},"title":"Recensioni del club Libertine","author":"Atlantide Sauna","date":"22 Maggio 2025","format":false,"excerpt":"All'Atlantide Sauna, al 13 di rue Parrot, vicino alla Gare de Lyon, tutto \u00e8 fatto per favorire i tuoi incontri libertini e le tue telefonate. Sono disponibili aree relax private o di gruppo, senza dimenticare la nostra sauna di alta gamma o il bagno turco piastrellato e profumato. Per facilitare\u2026","rel":"","context":"In &quot;Sauna Hammam&quot;","block_context":{"text":"Sauna Hammam","link":"https:\/\/atlantide-sauna.com\/it\/category\/sauna-hammam-it\/"},"img":{"alt_text":"","src":"","width":0,"height":0},"classes":[]},{"id":1120,"url":"https:\/\/atlantide-sauna.com\/it\/sauna-hammam\/atlantide\/","url_meta":{"origin":4859,"position":2},"title":"Atlantide Sauna Parigi","author":"Atlantide Sauna","date":"25 Novembre 2014","format":false,"excerpt":"L'Atlantide Sauna \u00e8 un hammam e una sauna mista a Parigi, una mecca del libertinaggio, in uno spirito di tolleranza e rispetto per tutte le sessualit\u00e0. La Sauna L \u201cAtlantide ha fatto tutto il possibile per soddisfare le tue fantasie sessuali pi\u00f9 diverse e per favorire gli incontri tra libertini,\u2026","rel":"","context":"In &quot;Sauna Hammam&quot;","block_context":{"text":"Sauna Hammam","link":"https:\/\/atlantide-sauna.com\/it\/category\/sauna-hammam-it\/"},"img":{"alt_text":"Atlantide Sauna Paris","src":"https:\/\/i0.wp.com\/atlantide-sauna.com\/wp-content\/uploads\/2025\/05\/ASH_IMG2023_03-e1748970792165.jpg?fit=1200%2C675&ssl=1&resize=350%2C200","width":350,"height":200,"srcset":"https:\/\/i0.wp.com\/atlantide-sauna.com\/wp-content\/uploads\/2025\/05\/ASH_IMG2023_03-e1748970792165.jpg?fit=1200%2C675&ssl=1&resize=350%2C200 1x, https:\/\/i0.wp.com\/atlantide-sauna.com\/wp-content\/uploads\/2025\/05\/ASH_IMG2023_03-e1748970792165.jpg?fit=1200%2C675&ssl=1&resize=525%2C300 1.5x, https:\/\/i0.wp.com\/atlantide-sauna.com\/wp-content\/uploads\/2025\/05\/ASH_IMG2023_03-e1748970792165.jpg?fit=1200%2C675&ssl=1&resize=700%2C400 2x, https:\/\/i0.wp.com\/atlantide-sauna.com\/wp-content\/uploads\/2025\/05\/ASH_IMG2023_03-e1748970792165.jpg?fit=1200%2C675&ssl=1&resize=1050%2C600 3x"},"classes":[]},{"id":4782,"url":"https:\/\/atlantide-sauna.com\/it\/sauna-hammam\/club-backroom-glory-holes-sling-croix-de-st-andre-parigi\/","url_meta":{"origin":4859,"position":3},"title":"Club Backroom Glory Holes Sling Croix de st Andr\u00e9 Parigi","author":"Atlantide Sauna","date":"22 Maggio 2025","format":false,"excerpt":"Club Libertin Backroom Glory Holes Sling Croix de St Andr\u00e9 a Parigi 12 Tolleranza e diversit\u00e0 di orientamenti sessuali sono le caratteristiche dell'Atlantide Sauna, dove puoi organizzare le tue trombamicizie in un'atmosfera rilassata, vicino alla Gare de Lyon, e incontrare persone che ti interessano. Club backroom glory holes sling croix\u2026","rel":"","context":"In &quot;Sauna Hammam&quot;","block_context":{"text":"Sauna Hammam","link":"https:\/\/atlantide-sauna.com\/it\/category\/sauna-hammam-it\/"},"img":{"alt_text":"Sling Backroom Croix de St  Andr\u00e9","src":"https:\/\/i0.wp.com\/atlantide-sauna.com\/wp-content\/uploads\/2025\/06\/ASH_IMG2025_014-1.jpg?fit=1200%2C675&ssl=1&resize=350%2C200","width":350,"height":200,"srcset":"https:\/\/i0.wp.com\/atlantide-sauna.com\/wp-content\/uploads\/2025\/06\/ASH_IMG2025_014-1.jpg?fit=1200%2C675&ssl=1&resize=350%2C200 1x, https:\/\/i0.wp.com\/atlantide-sauna.com\/wp-content\/uploads\/2025\/06\/ASH_IMG2025_014-1.jpg?fit=1200%2C675&ssl=1&resize=525%2C300 1.5x, https:\/\/i0.wp.com\/atlantide-sauna.com\/wp-content\/uploads\/2025\/06\/ASH_IMG2025_014-1.jpg?fit=1200%2C675&ssl=1&resize=700%2C400 2x, https:\/\/i0.wp.com\/atlantide-sauna.com\/wp-content\/uploads\/2025\/06\/ASH_IMG2025_014-1.jpg?fit=1200%2C675&ssl=1&resize=1050%2C600 3x"},"classes":[]},{"id":4796,"url":"https:\/\/atlantide-sauna.com\/it\/sauna-hammam\/tolleranza-ed-etica-al-servizio-dei-libertini\/","url_meta":{"origin":4859,"position":4},"title":"Tolleranza ed etica al servizio dei libertini","author":"Atlantide Sauna","date":"22 Maggio 2025","format":false,"excerpt":"Sauna L'Atlantide: tolleranza ed etica al servizio dei libertini All'Atlantide Sauna Paris 12 troverai le condizioni ideali per i tuoi incontri libertini. Nel bar, nell'hammam o nella sauna, goditi il relax in un'atmosfera amichevole e pansessuale. Aree relax private o collettive sono a tua disposizione per dare libero sfogo ai\u2026","rel":"","context":"In &quot;Sauna Hammam&quot;","block_context":{"text":"Sauna Hammam","link":"https:\/\/atlantide-sauna.com\/it\/category\/sauna-hammam-it\/"},"img":{"alt_text":"","src":"https:\/\/i0.wp.com\/atlantide-sauna.com\/wp-content\/uploads\/2021\/11\/ASH_IMG2023_09.jpg?fit=1200%2C675&ssl=1&resize=350%2C200","width":350,"height":200,"srcset":"https:\/\/i0.wp.com\/atlantide-sauna.com\/wp-content\/uploads\/2021\/11\/ASH_IMG2023_09.jpg?fit=1200%2C675&ssl=1&resize=350%2C200 1x, https:\/\/i0.wp.com\/atlantide-sauna.com\/wp-content\/uploads\/2021\/11\/ASH_IMG2023_09.jpg?fit=1200%2C675&ssl=1&resize=525%2C300 1.5x, https:\/\/i0.wp.com\/atlantide-sauna.com\/wp-content\/uploads\/2021\/11\/ASH_IMG2023_09.jpg?fit=1200%2C675&ssl=1&resize=700%2C400 2x, https:\/\/i0.wp.com\/atlantide-sauna.com\/wp-content\/uploads\/2021\/11\/ASH_IMG2023_09.jpg?fit=1200%2C675&ssl=1&resize=1050%2C600 3x"},"classes":[]},{"id":4844,"url":"https:\/\/atlantide-sauna.com\/it\/sauna-hammam\/incontri-libertini-parigi-gare-de-lyon\/","url_meta":{"origin":4859,"position":5},"title":"Incontri libertini Parigi Gare de Lyon","author":"Atlantide Sauna","date":"22 Maggio 2025","format":false,"excerpt":"Incontri libertini Alla Sauna Atlantide, vicino alla Gare de Lyon, tutto \u00e8 fatto per incoraggiare i tuoi incontri libertini e candaulisti. Sono disponibili aree relax private o di gruppo, senza dimenticare la nostra sauna di alta gamma o il bagno turco piastrellato e profumato. Per facilitare i tuoi incontri, bar,\u2026","rel":"","context":"In &quot;Sauna Hammam&quot;","block_context":{"text":"Sauna Hammam","link":"https:\/\/atlantide-sauna.com\/it\/category\/sauna-hammam-it\/"},"img":{"alt_text":"","src":"","width":0,"height":0},"classes":[]}],"jetpack_sharing_enabled":true,"_links":{"self":[{"href":"https:\/\/atlantide-sauna.com\/it\/wp-json\/wp\/v2\/pages\/4859","targetHints":{"allow":["GET"]}}],"collection":[{"href":"https:\/\/atlantide-sauna.com\/it\/wp-json\/wp\/v2\/pages"}],"about":[{"href":"https:\/\/atlantide-sauna.com\/it\/wp-json\/wp\/v2\/types\/page"}],"author":[{"embeddable":true,"href":"https:\/\/atlantide-sauna.com\/it\/wp-json\/wp\/v2\/users\/4"}],"replies":[{"embeddable":true,"href":"https:\/\/atlantide-sauna.com\/it\/wp-json\/wp\/v2\/comments?post=4859"}],"version-history":[{"count":0,"href":"https:\/\/atlantide-sauna.com\/it\/wp-json\/wp\/v2\/pages\/4859\/revisions"}],"up":[{"embeddable":true,"href":"https:\/\/atlantide-sauna.com\/it\/wp-json\/wp\/v2\/pages\/1101"}],"wp:attachment":[{"href":"https:\/\/atlantide-sauna.com\/it\/wp-json\/wp\/v2\/media?parent=4859"}],"curies":[{"name":"wp","href":"https:\/\/api.w.org\/{rel}","templated":true}]}}