{"id":5087,"date":"2025-05-22T19:20:03","date_gmt":"2025-05-22T17:20:03","guid":{"rendered":"https:\/\/atlantide-sauna.com\/sauna-hammam\/sauna-hammam-coppia-parigi\/"},"modified":"2025-05-22T19:20:03","modified_gmt":"2025-05-22T17:20:03","slug":"sauna-hammam-coppia-parigi","status":"publish","type":"page","link":"https:\/\/atlantide-sauna.com\/it\/sauna-hammam\/sauna-hammam-coppia-parigi\/","title":{"rendered":"Sauna hammam coppia parigi"},"content":{"rendered":"<p class=\"chapo\">All&#8217;Atlantide Sauna troverai le condizioni ideali per i tuoi incontri libertini. Nel bar, nell&#8217;hammam o nella sauna, goditi il relax in un&#8217;atmosfera amichevole. Le aree relax private o collettive sono a tua disposizione per dare libero sfogo ai tuoi sensi!  <\/p>\n<p id=\"cta\">Scopri di pi\u00f9 su : <a href=\"http:\/\/www.atlantide-sauna.com\/\">Sauna hammam coppia parigi<\/a><\/p>\n<p>Quando varcherai la porta della Sauna Atlantide, scoprirai che tutto \u00e8 fatto per favorire incontri, relax e una vasta gamma di attivit\u00e0 sessuali. Dal bar alle sale video, passerai all&#8217;hammam, piastrellato e profumato con oli essenziali. <\/p>\n<h2>Strutture speciali per il tuo relax e la tua sessualit\u00e0<\/h2>\n<p>Nella sauna e nel bagno turco sono disponibili tutti i servizi per dare libero sfogo alle tue fantasie pi\u00f9 sfrenate. \u00c8 possibile noleggiare accappatoi e sandali, oltre ad asciugamani, gel lubrificante e preservativi. Naturalmente, a l&#8217;Atlantide l&#8217;igiene assoluta \u00e8 d&#8217;obbligo.  <\/p>\n<p id=\"nl\">Altre ricerche: <a href=\"http:\/\/www.atlantide-sauna.com\/sauna-hammam\/sauna-mixte-couples\">Sauna per coppie miste<\/a>, <a href=\"http:\/\/www.atlantide-sauna.com\/sauna-hammam\/hammam-sauna\">Sauna Hammam<\/a>, <a href=\"http:\/\/www.atlantide-sauna.com\/sauna-hammam\/rencontres-libertines\">Incontri libertini<\/a>.<\/p>\n","protected":false},"excerpt":{"rendered":"<p>All&#8217;Atlantide Sauna troverai le condizioni ideali per i tuoi incontri libertini. Nel bar, nell&#8217;hammam o nella sauna, goditi il relax in un&#8217;atmosfera amichevole. Le aree relax private o collettive sono a tua disposizione per dare libero sfogo ai tuoi sensi! Scopri di pi\u00f9 su : Sauna hammam coppia parigi Quando varcherai la porta della Sauna [&hellip;]<\/p>\n","protected":false},"author":4,"featured_media":5077,"parent":1101,"menu_order":33,"comment_status":"closed","ping_status":"closed","template":"","meta":{"footnotes":""},"class_list":["post-5087","page","type-page","status-publish","has-post-thumbnail","hentry"],"yoast_head":"<!-- This site is optimized with the Yoast SEO Premium plugin v27.5 (Yoast SEO v27.5) - https:\/\/yoast.com\/product\/yoast-seo-premium-wordpress\/ -->\n<title>Attrezzature speciali per aiutare la tua sessualit\u00e0 a fiorire %sep%sitename%%%<\/title>\n<meta name=\"description\" content=\"La Sauna L&#039;Atlantide offre strutture specifiche per il relax e la sessualit\u00e0, favorendo incontri unici.\" \/>\n<meta name=\"robots\" content=\"index, follow, max-snippet:-1, max-image-preview:large, max-video-preview:-1\" \/>\n<link rel=\"canonical\" href=\"https:\/\/atlantide-sauna.com\/it\/sauna-hammam\/sauna-hammam-coppia-parigi\/\" \/>\n<meta property=\"og:locale\" content=\"it_IT\" \/>\n<meta property=\"og:type\" content=\"article\" \/>\n<meta property=\"og:title\" content=\"Sauna hammam coppia parigi\" \/>\n<meta property=\"og:description\" content=\"La Sauna L&#039;Atlantide offre strutture specifiche per il relax e la sessualit\u00e0, favorendo incontri unici.\" \/>\n<meta property=\"og:url\" content=\"https:\/\/atlantide-sauna.com\/it\/sauna-hammam\/sauna-hammam-coppia-parigi\/\" \/>\n<meta property=\"og:site_name\" content=\"Atlantide Sauna\" \/>\n<meta property=\"article:publisher\" content=\"https:\/\/www.facebook.com\/profile.php?id=100082829877238\" \/>\n<meta property=\"og:image\" content=\"https:\/\/atlantide-sauna.com\/wp-content\/uploads\/2025\/10\/ASH_IMG2025_014.jpg\" \/>\n\t<meta property=\"og:image:width\" content=\"1440\" \/>\n\t<meta property=\"og:image:height\" content=\"810\" \/>\n\t<meta property=\"og:image:type\" content=\"image\/jpeg\" \/>\n<meta name=\"twitter:card\" content=\"summary_large_image\" \/>\n<meta name=\"twitter:site\" content=\"@atlantidesauna\" \/>\n<meta name=\"twitter:label1\" content=\"Tempo di lettura stimato\" \/>\n\t<meta name=\"twitter:data1\" content=\"1 minuto\" \/>\n<script type=\"application\/ld+json\" class=\"yoast-schema-graph\">{\"@context\":\"https:\\\/\\\/schema.org\",\"@graph\":[{\"@type\":\"WebPage\",\"@id\":\"https:\\\/\\\/atlantide-sauna.com\\\/it\\\/sauna-hammam\\\/sauna-hammam-coppia-parigi\\\/\",\"url\":\"https:\\\/\\\/atlantide-sauna.com\\\/it\\\/sauna-hammam\\\/sauna-hammam-coppia-parigi\\\/\",\"name\":\"Attrezzature speciali per aiutare la tua sessualit\u00e0 a fiorire %sep%sitename%%%\",\"isPartOf\":{\"@id\":\"https:\\\/\\\/atlantide-sauna.com\\\/it\\\/#website\"},\"primaryImageOfPage\":{\"@id\":\"https:\\\/\\\/atlantide-sauna.com\\\/it\\\/sauna-hammam\\\/sauna-hammam-coppia-parigi\\\/#primaryimage\"},\"image\":{\"@id\":\"https:\\\/\\\/atlantide-sauna.com\\\/it\\\/sauna-hammam\\\/sauna-hammam-coppia-parigi\\\/#primaryimage\"},\"thumbnailUrl\":\"https:\\\/\\\/i0.wp.com\\\/atlantide-sauna.com\\\/wp-content\\\/uploads\\\/2025\\\/10\\\/ASH_IMG2025_014.jpg?fit=1440%2C810&ssl=1\",\"datePublished\":\"2025-05-22T17:20:03+00:00\",\"description\":\"La Sauna L'Atlantide offre strutture specifiche per il relax e la sessualit\u00e0, favorendo incontri unici.\",\"breadcrumb\":{\"@id\":\"https:\\\/\\\/atlantide-sauna.com\\\/it\\\/sauna-hammam\\\/sauna-hammam-coppia-parigi\\\/#breadcrumb\"},\"inLanguage\":\"it-IT\",\"potentialAction\":[{\"@type\":\"ReadAction\",\"target\":[\"https:\\\/\\\/atlantide-sauna.com\\\/it\\\/sauna-hammam\\\/sauna-hammam-coppia-parigi\\\/\"]}]},{\"@type\":\"ImageObject\",\"inLanguage\":\"it-IT\",\"@id\":\"https:\\\/\\\/atlantide-sauna.com\\\/it\\\/sauna-hammam\\\/sauna-hammam-coppia-parigi\\\/#primaryimage\",\"url\":\"https:\\\/\\\/i0.wp.com\\\/atlantide-sauna.com\\\/wp-content\\\/uploads\\\/2025\\\/10\\\/ASH_IMG2025_014.jpg?fit=1440%2C810&ssl=1\",\"contentUrl\":\"https:\\\/\\\/i0.wp.com\\\/atlantide-sauna.com\\\/wp-content\\\/uploads\\\/2025\\\/10\\\/ASH_IMG2025_014.jpg?fit=1440%2C810&ssl=1\",\"width\":1440,\"height\":810},{\"@type\":\"BreadcrumbList\",\"@id\":\"https:\\\/\\\/atlantide-sauna.com\\\/it\\\/sauna-hammam\\\/sauna-hammam-coppia-parigi\\\/#breadcrumb\",\"itemListElement\":[{\"@type\":\"ListItem\",\"position\":1,\"name\":\"Accueil\",\"item\":\"https:\\\/\\\/atlantide-sauna.com\\\/it\\\/casa\\\/\"},{\"@type\":\"ListItem\",\"position\":2,\"name\":\"Sauna Hammam\",\"item\":\"https:\\\/\\\/atlantide-sauna.com\\\/it\\\/sauna-hammam\\\/\"},{\"@type\":\"ListItem\",\"position\":3,\"name\":\"Sauna hammam coppia parigi\"}]},{\"@type\":\"WebSite\",\"@id\":\"https:\\\/\\\/atlantide-sauna.com\\\/it\\\/#website\",\"url\":\"https:\\\/\\\/atlantide-sauna.com\\\/it\\\/\",\"name\":\"Atlantide Sauna\",\"description\":\"Sauna Toutes Tendances Gay Bi Tr**\",\"publisher\":{\"@id\":\"https:\\\/\\\/atlantide-sauna.com\\\/it\\\/#organization\"},\"alternateName\":\"Club libertin Atlantide Sauna Paris\",\"potentialAction\":[{\"@type\":\"SearchAction\",\"target\":{\"@type\":\"EntryPoint\",\"urlTemplate\":\"https:\\\/\\\/atlantide-sauna.com\\\/it\\\/?s={search_term_string}\"},\"query-input\":{\"@type\":\"PropertyValueSpecification\",\"valueRequired\":true,\"valueName\":\"search_term_string\"}}],\"inLanguage\":\"it-IT\"},{\"@type\":\"Organization\",\"@id\":\"https:\\\/\\\/atlantide-sauna.com\\\/it\\\/#organization\",\"name\":\"ATLANTIDE SAUNA HAMMAM\",\"alternateName\":\"ATLANTIDE SAUNA HAMMAM\",\"url\":\"https:\\\/\\\/atlantide-sauna.com\\\/it\\\/\",\"logo\":{\"@type\":\"ImageObject\",\"inLanguage\":\"it-IT\",\"@id\":\"https:\\\/\\\/atlantide-sauna.com\\\/it\\\/#\\\/schema\\\/logo\\\/image\\\/\",\"url\":\"https:\\\/\\\/atlantide-sauna.com\\\/wp-content\\\/uploads\\\/2025\\\/05\\\/ash_logo_2025_01.svg\",\"contentUrl\":\"https:\\\/\\\/atlantide-sauna.com\\\/wp-content\\\/uploads\\\/2025\\\/05\\\/ash_logo_2025_01.svg\",\"width\":1,\"height\":1,\"caption\":\"ATLANTIDE SAUNA HAMMAM\"},\"image\":{\"@id\":\"https:\\\/\\\/atlantide-sauna.com\\\/it\\\/#\\\/schema\\\/logo\\\/image\\\/\"},\"sameAs\":[\"https:\\\/\\\/www.facebook.com\\\/profile.php?id=100082829877238\",\"https:\\\/\\\/x.com\\\/atlantidesauna\"],\"description\":\"Sauna hammam toutes tendances. Un espace de libert\u00e9, de mixit\u00e9 et de tol\u00e9rance. Chez Atlantide Sauna vous trouverez les conditions id\u00e9ales pour vos rencontres libertines.\",\"email\":\"infos@atlantide-sauna.com\",\"telephone\":\"0143422243\",\"legalName\":\"ATLANTIDE SAUNA HAMMAM\",\"foundingDate\":\"1999-08-09\",\"vatID\":\"FR39423920370\",\"taxID\":\"42392037000016\",\"numberOfEmployees\":{\"@type\":\"QuantitativeValue\",\"minValue\":\"1\",\"maxValue\":\"10\"}}]}<\/script>\n<!-- \/ Yoast SEO Premium plugin. -->","yoast_head_json":{"title":"Attrezzature speciali per aiutare la tua sessualit\u00e0 a fiorire %sep%sitename%%%","description":"La Sauna L'Atlantide offre strutture specifiche per il relax e la sessualit\u00e0, favorendo incontri unici.","robots":{"index":"index","follow":"follow","max-snippet":"max-snippet:-1","max-image-preview":"max-image-preview:large","max-video-preview":"max-video-preview:-1"},"canonical":"https:\/\/atlantide-sauna.com\/it\/sauna-hammam\/sauna-hammam-coppia-parigi\/","og_locale":"it_IT","og_type":"article","og_title":"Sauna hammam coppia parigi","og_description":"La Sauna L'Atlantide offre strutture specifiche per il relax e la sessualit\u00e0, favorendo incontri unici.","og_url":"https:\/\/atlantide-sauna.com\/it\/sauna-hammam\/sauna-hammam-coppia-parigi\/","og_site_name":"Atlantide Sauna","article_publisher":"https:\/\/www.facebook.com\/profile.php?id=100082829877238","og_image":[{"width":1440,"height":810,"url":"https:\/\/atlantide-sauna.com\/wp-content\/uploads\/2025\/10\/ASH_IMG2025_014.jpg","type":"image\/jpeg"}],"twitter_card":"summary_large_image","twitter_site":"@atlantidesauna","twitter_misc":{"Tempo di lettura stimato":"1 minuto"},"schema":{"@context":"https:\/\/schema.org","@graph":[{"@type":"WebPage","@id":"https:\/\/atlantide-sauna.com\/it\/sauna-hammam\/sauna-hammam-coppia-parigi\/","url":"https:\/\/atlantide-sauna.com\/it\/sauna-hammam\/sauna-hammam-coppia-parigi\/","name":"Attrezzature speciali per aiutare la tua sessualit\u00e0 a fiorire %sep%sitename%%%","isPartOf":{"@id":"https:\/\/atlantide-sauna.com\/it\/#website"},"primaryImageOfPage":{"@id":"https:\/\/atlantide-sauna.com\/it\/sauna-hammam\/sauna-hammam-coppia-parigi\/#primaryimage"},"image":{"@id":"https:\/\/atlantide-sauna.com\/it\/sauna-hammam\/sauna-hammam-coppia-parigi\/#primaryimage"},"thumbnailUrl":"https:\/\/i0.wp.com\/atlantide-sauna.com\/wp-content\/uploads\/2025\/10\/ASH_IMG2025_014.jpg?fit=1440%2C810&ssl=1","datePublished":"2025-05-22T17:20:03+00:00","description":"La Sauna L'Atlantide offre strutture specifiche per il relax e la sessualit\u00e0, favorendo incontri unici.","breadcrumb":{"@id":"https:\/\/atlantide-sauna.com\/it\/sauna-hammam\/sauna-hammam-coppia-parigi\/#breadcrumb"},"inLanguage":"it-IT","potentialAction":[{"@type":"ReadAction","target":["https:\/\/atlantide-sauna.com\/it\/sauna-hammam\/sauna-hammam-coppia-parigi\/"]}]},{"@type":"ImageObject","inLanguage":"it-IT","@id":"https:\/\/atlantide-sauna.com\/it\/sauna-hammam\/sauna-hammam-coppia-parigi\/#primaryimage","url":"https:\/\/i0.wp.com\/atlantide-sauna.com\/wp-content\/uploads\/2025\/10\/ASH_IMG2025_014.jpg?fit=1440%2C810&ssl=1","contentUrl":"https:\/\/i0.wp.com\/atlantide-sauna.com\/wp-content\/uploads\/2025\/10\/ASH_IMG2025_014.jpg?fit=1440%2C810&ssl=1","width":1440,"height":810},{"@type":"BreadcrumbList","@id":"https:\/\/atlantide-sauna.com\/it\/sauna-hammam\/sauna-hammam-coppia-parigi\/#breadcrumb","itemListElement":[{"@type":"ListItem","position":1,"name":"Accueil","item":"https:\/\/atlantide-sauna.com\/it\/casa\/"},{"@type":"ListItem","position":2,"name":"Sauna Hammam","item":"https:\/\/atlantide-sauna.com\/it\/sauna-hammam\/"},{"@type":"ListItem","position":3,"name":"Sauna hammam coppia parigi"}]},{"@type":"WebSite","@id":"https:\/\/atlantide-sauna.com\/it\/#website","url":"https:\/\/atlantide-sauna.com\/it\/","name":"Atlantide Sauna","description":"Sauna Toutes Tendances Gay Bi Tr**","publisher":{"@id":"https:\/\/atlantide-sauna.com\/it\/#organization"},"alternateName":"Club libertin Atlantide Sauna Paris","potentialAction":[{"@type":"SearchAction","target":{"@type":"EntryPoint","urlTemplate":"https:\/\/atlantide-sauna.com\/it\/?s={search_term_string}"},"query-input":{"@type":"PropertyValueSpecification","valueRequired":true,"valueName":"search_term_string"}}],"inLanguage":"it-IT"},{"@type":"Organization","@id":"https:\/\/atlantide-sauna.com\/it\/#organization","name":"ATLANTIDE SAUNA HAMMAM","alternateName":"ATLANTIDE SAUNA HAMMAM","url":"https:\/\/atlantide-sauna.com\/it\/","logo":{"@type":"ImageObject","inLanguage":"it-IT","@id":"https:\/\/atlantide-sauna.com\/it\/#\/schema\/logo\/image\/","url":"https:\/\/atlantide-sauna.com\/wp-content\/uploads\/2025\/05\/ash_logo_2025_01.svg","contentUrl":"https:\/\/atlantide-sauna.com\/wp-content\/uploads\/2025\/05\/ash_logo_2025_01.svg","width":1,"height":1,"caption":"ATLANTIDE SAUNA HAMMAM"},"image":{"@id":"https:\/\/atlantide-sauna.com\/it\/#\/schema\/logo\/image\/"},"sameAs":["https:\/\/www.facebook.com\/profile.php?id=100082829877238","https:\/\/x.com\/atlantidesauna"],"description":"Sauna hammam toutes tendances. Un espace de libert\u00e9, de mixit\u00e9 et de tol\u00e9rance. Chez Atlantide Sauna vous trouverez les conditions id\u00e9ales pour vos rencontres libertines.","email":"infos@atlantide-sauna.com","telephone":"0143422243","legalName":"ATLANTIDE SAUNA HAMMAM","foundingDate":"1999-08-09","vatID":"FR39423920370","taxID":"42392037000016","numberOfEmployees":{"@type":"QuantitativeValue","minValue":"1","maxValue":"10"}}]}},"jetpack_sharing_enabled":true,"_links":{"self":[{"href":"https:\/\/atlantide-sauna.com\/it\/wp-json\/wp\/v2\/pages\/5087","targetHints":{"allow":["GET"]}}],"collection":[{"href":"https:\/\/atlantide-sauna.com\/it\/wp-json\/wp\/v2\/pages"}],"about":[{"href":"https:\/\/atlantide-sauna.com\/it\/wp-json\/wp\/v2\/types\/page"}],"author":[{"embeddable":true,"href":"https:\/\/atlantide-sauna.com\/it\/wp-json\/wp\/v2\/users\/4"}],"replies":[{"embeddable":true,"href":"https:\/\/atlantide-sauna.com\/it\/wp-json\/wp\/v2\/comments?post=5087"}],"version-history":[{"count":0,"href":"https:\/\/atlantide-sauna.com\/it\/wp-json\/wp\/v2\/pages\/5087\/revisions"}],"up":[{"embeddable":true,"href":"https:\/\/atlantide-sauna.com\/it\/wp-json\/wp\/v2\/pages\/1101"}],"wp:featuredmedia":[{"embeddable":true,"href":"https:\/\/atlantide-sauna.com\/it\/wp-json\/wp\/v2\/media\/5077"}],"wp:attachment":[{"href":"https:\/\/atlantide-sauna.com\/it\/wp-json\/wp\/v2\/media?parent=5087"}],"curies":[{"name":"wp","href":"https:\/\/api.w.org\/{rel}","templated":true}]}}