{"id":520,"date":"2022-07-16T17:25:33","date_gmt":"2022-07-16T15:25:33","guid":{"rendered":"https:\/\/dev.atlantide-sauna.com\/faq-informazioni-pratiche\/"},"modified":"2025-06-27T18:23:20","modified_gmt":"2025-06-27T16:23:20","slug":"faq-informazioni-pratiche","status":"publish","type":"page","link":"https:\/\/atlantide-sauna.com\/it\/faq-informazioni-pratiche\/","title":{"rendered":"Informazioni"},"content":{"rendered":"<h5 class=\"uk-alert\" style=\"text-align: left\">QUALI SONO GLI ORARI DI APERTURA DELLA SAUNA ATLANTIDE?<\/h5>\n<p class=\"uk-alert uk-alert-success\" style=\"padding-left: 40px;text-align: justify\">Tutti i giorni dalle 12:00 alle 22:00, comprese le domeniche e i giorni festivi. Possiamo offrire altri orari di apertura in caso di eventi speciali. <\/p>\n<h5 class=\"uk-alert\" style=\"text-align: left\">QUANDO C&#8217;\u00c8 PI\u00d9 GENTE ALLA SAUNA ATLANTIDE?<\/h5>\n<p class=\"uk-alert uk-alert-success\" style=\"padding-left: 40px;text-align: justify\">Una domanda per Madame Irma e la sua sfera di cristallo! Come regola generale (anche se ci sono molte eccezioni), c&#8217;\u00e8 pi\u00f9 gente durante il giorno! Il nostro locale si riempie e raggiunge il suo picco tra le 15:00 e le 19:00. Poi il numero di persone diminuisce fino all&#8217;ora di chiusura.  <\/p>\n<h5 class=\"uk-alert\" style=\"text-align: left\">CHI PU\u00d2 VENIRE ALLA SAUNA ATLANTIDE?<\/h5>\n<p class=\"uk-alert uk-alert-success\" style=\"padding-left: 40px;text-align: justify\">Assolutamente tutti. Tuttavia, alcuni atteggiamenti possono portarci a rifiutare l&#8217;ingresso a persone aggressive, sotto l&#8217;effetto di alcol o droghe, intolleranti o sporche. Il nostro obiettivo \u00e8 quello di garantire una buona atmosfera nel locale e il rispetto di tutti.  <\/p>\n<h5 class=\"uk-alert\" style=\"text-align: left\">POSSO VENIRE DA SOLO?<\/h5>\n<p class=\"uk-alert uk-alert-success\" style=\"padding-left: 40px;text-align: justify\"><strong>S\u00cc!<\/strong>  Puoi venire da solo a l&#8217;Atlantide. Tuttavia, se vieni con una ragazza, \u00e8 ancora meglio. <\/p>\n<h5 class=\"uk-alert\" style=\"text-align: left\">C&#8217;\u00c8 UN CODICE DI ABBIGLIAMENTO A L&#8217;ATLANTIDE?<\/h5>\n<p class=\"uk-alert uk-alert-warning\" style=\"padding-left: 40px;text-align: justify\"><strong>NO!<\/strong>  Vieni come vuoi! Ma assicurati che sia pulito e con il sorriso sulle labbra! <\/p>\n<h5 class=\"uk-alert\" style=\"text-align: left\">POSSO ENTRARE SE HO MENO DI 18 ANNI?<\/h5>\n<p class=\"uk-alert uk-alert-danger\" style=\"padding-left: 40px;text-align: justify\"><strong>NO!<\/strong>  Assolutamente no! Rifiutiamo l&#8217;accesso al locale ai minori!<\/p>\n<h5 class=\"uk-alert\" style=\"text-align: left\">POSSO ENTRARE SE SONO NERO, ARABO, TURCO O DISABILE?<\/h5>\n<p class=\"uk-alert uk-alert-success\" style=\"padding-left: 40px;text-align: justify\"><strong>S\u00cc!  <\/strong>La nostra scuola si oppone a qualsiasi forma di discriminazione fisica o culturale. Viva la diversit\u00e0! <\/p>\n<h5 class=\"uk-alert\" style=\"text-align: left\">COSA INTENDIAMO PER DONNE ALLA SAUNA ATLANTIDE?<\/h5>\n<p class=\"uk-alert uk-alert-success\" style=\"padding-left: 40px;text-align: justify\">Data la variet\u00e0 dei casi e per facilitare il nostro lavoro, abbiamo deciso di considerare donna qualsiasi essere umano che si presenti come tale. Questo include travestiti, transessuali, ecc.<br \/>\nTuttavia, per facilitare il lavoro del personale di accoglienza, abbiamo deciso di riservare la tariffa donne solo alle persone che si presentano come donne all&#8217;accoglienza. <\/p>\n<h5 class=\"uk-alert\" style=\"text-align: left\">CHI PU\u00d2 BENEFICIARE DELLA TARIFFA PER SOLE DONNE?<\/h5>\n<p class=\"uk-alert uk-alert-success\" style=\"padding-left: 40px;text-align: justify\">Tutte le persone che si presentano alla reception con l&#8217;aspetto di una donna (donne, transessuali, transessuali). Gli uomini che si travestono all&#8217;interno del locale e si presentano alla reception come uomini pagano la tariffa d&#8217;ingresso riservata agli uomini (anche quelli che indossano una parrucca nell&#8217;area della reception). Che logica!  <\/p>\n<h5 class=\"uk-alert\" style=\"text-align: left\">QUANDO CI SONO PI\u00d9 DONNE ALLA SAUNA ATLANTIDE?<\/h5>\n<p class=\"uk-alert uk-alert-success\" style=\"padding-left: 40px;text-align: justify\">Una domanda difficile a cui rispondere senza una sfera di cristallo! Ogni giorno vediamo donne che vengono da noi per fare la sauna e a volte per avere incontri sessuali. Alcune di loro cercano uno o pi\u00f9 partner, altre cercano solo il proprio partner. Quello che hanno in comune \u00e8 che non sono prostitute e quindi non sono al servizio degli uomini presenti. Sono loro a decidere cosa vogliono o non vogliono. Per avere le migliori possibilit\u00e0 di avere una relazione con una di loro, \u00e8 necessario avere pazienza, fortuna, buone maniere e piacere a loro!     <\/p>\n<h5 class=\"uk-alert\" style=\"text-align: left\">QUANDO SI TROVANO I VIAGGI PI\u00d9 BI-TRANS?<\/h5>\n<p class=\"uk-alert uk-alert-success\" style=\"padding-left: 40px;text-align: justify\">Puoi incontrare Bi Trans Trav ogni giorno e in qualsiasi momento, e non solo alle feste che li mettono sotto i riflettori! Ma per rispondere in modo categorico, avremmo bisogno di una sfera di cristallo o di poteri di chiaroveggenza, che non abbiamo. Per quanto riguarda le cose pi\u00f9 serie, tutti i nostri clienti hanno la fastidiosa abitudine di non farci sapere quando verranno (a parte qualche rara eccezione). Quindi dobbiamo affidarci un po&#8217; alla fortuna e darci un po&#8217; di tempo, perch\u00e9 non c&#8217;\u00e8 giorno in cui non riceviamo una visita da clienti Bi Trans o Trav!   <\/p>\n<h5 class=\"uk-alert\" style=\"text-align: left\">PUOI VENIRE OGNI GIORNO CON LA TUA CARROZZERIA?<\/h5>\n<p class=\"uk-alert uk-alert-success\" style=\"padding-left: 40px;text-align: justify\"><strong>S\u00cc!<\/strong>  Naturalmente i travestiti sono i benvenuti tutti i giorni e in qualsiasi momento!<\/p>\n<h5 class=\"uk-alert\" style=\"text-align: left\">QUAL \u00c8 IL MOMENTO MIGLIORE PER INCONTRARE LE PERSONE?<\/h5>\n<p class=\"uk-alert uk-alert-success\" style=\"padding-left: 40px;text-align: justify\">Non \u00e8 una questione di tempismo, ma di fortuna e di voglia di collaborare con una o pi\u00f9 persone!<br \/>\nNon \u00e8 sempre quando ci sono pi\u00f9 persone che si creano i contatti migliori! Devi affidarti alla fortuna e alla competizione! <\/p>\n<h5 class=\"uk-alert\" style=\"text-align: left\">COME POSSO MASSIMIZZARE LE MIE POSSIBILIT\u00c0 DI INCONTRARE QUALCUNO?<\/h5>\n<p class=\"uk-alert uk-alert-success\" style=\"padding-left: 40px;text-align: justify\">Chiunque frequenti questo tipo di locali sa che un incontro si basa su ben poco: un&#8217;attrazione, un momento di eccitazione, una fantasia&#8230; Diventa un po&#8217; pi\u00f9 complicato se l&#8217;altra persona non condivide la stessa attrazione o la stessa fantasia&#8230; Devi accettare questa regola universale e rimanere aperto a nuove possibilit\u00e0 e tollerante nei confronti dei rifiuti. Questo \u00e8 lo stato d&#8217;animo che ogni cliente dovrebbe avere quando viene a trovarci. Ma Atlantide Sauna va oltre e ti offre la possibilit\u00e0 di comunicare con altri clienti in modo da poter organizzare un incontro ancor prima di visitarci. Non esitare a compilare il tuo profilo su questo sito e a lasciare regolarmente dei messaggi: aumenterai le tue possibilit\u00e0 di incontrare persone!   <\/p>\n","protected":false},"excerpt":{"rendered":"<p>QUALI SONO GLI ORARI DI APERTURA DELLA SAUNA ATLANTIDE? Tutti i giorni dalle 12:00 alle 22:00, comprese le domeniche e i giorni festivi. Possiamo offrire altri orari di apertura in caso di eventi speciali. QUANDO C&#8217;\u00c8 PI\u00d9 GENTE ALLA SAUNA ATLANTIDE? Una domanda per Madame Irma e la sua sfera di cristallo! Come regola generale [&hellip;]<\/p>\n","protected":false},"author":4,"featured_media":216,"parent":0,"menu_order":7,"comment_status":"closed","ping_status":"closed","template":"","meta":{"footnotes":""},"class_list":["post-520","page","type-page","status-publish","has-post-thumbnail","hentry"],"yoast_head":"<!-- This site is optimized with the Yoast SEO Premium plugin v27.2 (Yoast SEO v27.2) - https:\/\/yoast.com\/product\/yoast-seo-premium-wordpress\/ -->\n<title>Informazioni pratiche sulla tua sauna: orari di apertura - Atlantide Sauna<\/title>\n<meta name=\"description\" content=\"Scopri le informazioni pratiche sulla tua sauna, compresi gli orari di apertura e le regole di accesso.\" \/>\n<meta name=\"robots\" content=\"index, follow, max-snippet:-1, max-image-preview:large, max-video-preview:-1\" \/>\n<link rel=\"canonical\" href=\"https:\/\/atlantide-sauna.com\/it\/faq-informazioni-pratiche\/\" \/>\n<meta property=\"og:locale\" content=\"it_IT\" \/>\n<meta property=\"og:type\" content=\"article\" \/>\n<meta property=\"og:title\" content=\"Informazioni\" \/>\n<meta property=\"og:description\" content=\"Scopri le informazioni pratiche sulla tua sauna, compresi gli orari di apertura e le regole di accesso.\" \/>\n<meta property=\"og:url\" content=\"https:\/\/atlantide-sauna.com\/it\/faq-informazioni-pratiche\/\" \/>\n<meta property=\"og:site_name\" content=\"Atlantide Sauna\" \/>\n<meta property=\"article:publisher\" content=\"https:\/\/www.facebook.com\/profile.php?id=100082829877238\" \/>\n<meta property=\"article:modified_time\" content=\"2025-06-27T16:23:20+00:00\" \/>\n<meta property=\"og:image\" content=\"https:\/\/atlantide-sauna.com\/wp-content\/uploads\/2014\/04\/ASH_IMG_0180_675_1200-e1748345108440.jpg\" \/>\n\t<meta property=\"og:image:width\" content=\"675\" \/>\n\t<meta property=\"og:image:height\" content=\"380\" \/>\n\t<meta property=\"og:image:type\" content=\"image\/jpeg\" \/>\n<meta name=\"twitter:card\" content=\"summary_large_image\" \/>\n<meta name=\"twitter:site\" content=\"@atlantidesauna\" \/>\n<meta name=\"twitter:label1\" content=\"Tempo di lettura stimato\" \/>\n\t<meta name=\"twitter:data1\" content=\"4 minuti\" \/>\n<script type=\"application\/ld+json\" class=\"yoast-schema-graph\">{\"@context\":\"https:\/\/schema.org\",\"@graph\":[{\"@type\":\"WebPage\",\"@id\":\"https:\/\/atlantide-sauna.com\/it\/faq-informazioni-pratiche\/\",\"url\":\"https:\/\/atlantide-sauna.com\/it\/faq-informazioni-pratiche\/\",\"name\":\"Informazioni pratiche sulla tua sauna: orari di apertura - Atlantide Sauna\",\"isPartOf\":{\"@id\":\"https:\/\/atlantide-sauna.com\/it\/#website\"},\"primaryImageOfPage\":{\"@id\":\"https:\/\/atlantide-sauna.com\/it\/faq-informazioni-pratiche\/#primaryimage\"},\"image\":{\"@id\":\"https:\/\/atlantide-sauna.com\/it\/faq-informazioni-pratiche\/#primaryimage\"},\"thumbnailUrl\":\"https:\/\/i0.wp.com\/atlantide-sauna.com\/wp-content\/uploads\/2014\/04\/ASH_IMG_0180_675_1200-e1748345108440.jpg?fit=675%2C380&ssl=1\",\"datePublished\":\"2022-07-16T15:25:33+00:00\",\"dateModified\":\"2025-06-27T16:23:20+00:00\",\"description\":\"Scopri le informazioni pratiche sulla tua sauna, compresi gli orari di apertura e le regole di accesso.\",\"breadcrumb\":{\"@id\":\"https:\/\/atlantide-sauna.com\/it\/faq-informazioni-pratiche\/#breadcrumb\"},\"inLanguage\":\"it-IT\",\"potentialAction\":[{\"@type\":\"ReadAction\",\"target\":[\"https:\/\/atlantide-sauna.com\/it\/faq-informazioni-pratiche\/\"]}]},{\"@type\":\"ImageObject\",\"inLanguage\":\"it-IT\",\"@id\":\"https:\/\/atlantide-sauna.com\/it\/faq-informazioni-pratiche\/#primaryimage\",\"url\":\"https:\/\/i0.wp.com\/atlantide-sauna.com\/wp-content\/uploads\/2014\/04\/ASH_IMG_0180_675_1200-e1748345108440.jpg?fit=675%2C380&ssl=1\",\"contentUrl\":\"https:\/\/i0.wp.com\/atlantide-sauna.com\/wp-content\/uploads\/2014\/04\/ASH_IMG_0180_675_1200-e1748345108440.jpg?fit=675%2C380&ssl=1\",\"width\":675,\"height\":380,\"caption\":\"Atlantide Sauna Paris - Informations pratiques\"},{\"@type\":\"BreadcrumbList\",\"@id\":\"https:\/\/atlantide-sauna.com\/it\/faq-informazioni-pratiche\/#breadcrumb\",\"itemListElement\":[{\"@type\":\"ListItem\",\"position\":1,\"name\":\"Accueil\",\"item\":\"https:\/\/atlantide-sauna.com\/it\/casa\/\"},{\"@type\":\"ListItem\",\"position\":2,\"name\":\"Informazioni\"}]},{\"@type\":\"WebSite\",\"@id\":\"https:\/\/atlantide-sauna.com\/it\/#website\",\"url\":\"https:\/\/atlantide-sauna.com\/it\/\",\"name\":\"Atlantide Sauna\",\"description\":\"Sauna Toutes Tendances Gay Bi Tr**\",\"publisher\":{\"@id\":\"https:\/\/atlantide-sauna.com\/it\/#organization\"},\"alternateName\":\"Club libertin Atlantide Sauna Paris\",\"potentialAction\":[{\"@type\":\"SearchAction\",\"target\":{\"@type\":\"EntryPoint\",\"urlTemplate\":\"https:\/\/atlantide-sauna.com\/it\/?s={search_term_string}\"},\"query-input\":{\"@type\":\"PropertyValueSpecification\",\"valueRequired\":true,\"valueName\":\"search_term_string\"}}],\"inLanguage\":\"it-IT\"},{\"@type\":\"Organization\",\"@id\":\"https:\/\/atlantide-sauna.com\/it\/#organization\",\"name\":\"ATLANTIDE SAUNA HAMMAM\",\"alternateName\":\"ATLANTIDE SAUNA HAMMAM\",\"url\":\"https:\/\/atlantide-sauna.com\/it\/\",\"logo\":{\"@type\":\"ImageObject\",\"inLanguage\":\"it-IT\",\"@id\":\"https:\/\/atlantide-sauna.com\/it\/#\/schema\/logo\/image\/\",\"url\":\"https:\/\/atlantide-sauna.com\/wp-content\/uploads\/2025\/05\/ash_logo_2025_01.svg\",\"contentUrl\":\"https:\/\/atlantide-sauna.com\/wp-content\/uploads\/2025\/05\/ash_logo_2025_01.svg\",\"width\":1,\"height\":1,\"caption\":\"ATLANTIDE SAUNA HAMMAM\"},\"image\":{\"@id\":\"https:\/\/atlantide-sauna.com\/it\/#\/schema\/logo\/image\/\"},\"sameAs\":[\"https:\/\/www.facebook.com\/profile.php?id=100082829877238\",\"https:\/\/x.com\/atlantidesauna\"],\"description\":\"Sauna hammam toutes tendances. Un espace de libert\u00e9, de mixit\u00e9 et de tol\u00e9rance. Chez Atlantide Sauna vous trouverez les conditions id\u00e9ales pour vos rencontres libertines.\",\"email\":\"infos@atlantide-sauna.com\",\"telephone\":\"0143422243\",\"legalName\":\"ATLANTIDE SAUNA HAMMAM\",\"foundingDate\":\"1999-08-09\",\"vatID\":\"FR39423920370\",\"taxID\":\"42392037000016\",\"numberOfEmployees\":{\"@type\":\"QuantitativeValue\",\"minValue\":\"1\",\"maxValue\":\"10\"}}]}<\/script>\n<!-- \/ Yoast SEO Premium plugin. -->","yoast_head_json":{"title":"Informazioni pratiche sulla tua sauna: orari di apertura - Atlantide Sauna","description":"Scopri le informazioni pratiche sulla tua sauna, compresi gli orari di apertura e le regole di accesso.","robots":{"index":"index","follow":"follow","max-snippet":"max-snippet:-1","max-image-preview":"max-image-preview:large","max-video-preview":"max-video-preview:-1"},"canonical":"https:\/\/atlantide-sauna.com\/it\/faq-informazioni-pratiche\/","og_locale":"it_IT","og_type":"article","og_title":"Informazioni","og_description":"Scopri le informazioni pratiche sulla tua sauna, compresi gli orari di apertura e le regole di accesso.","og_url":"https:\/\/atlantide-sauna.com\/it\/faq-informazioni-pratiche\/","og_site_name":"Atlantide Sauna","article_publisher":"https:\/\/www.facebook.com\/profile.php?id=100082829877238","article_modified_time":"2025-06-27T16:23:20+00:00","og_image":[{"width":675,"height":380,"url":"https:\/\/atlantide-sauna.com\/wp-content\/uploads\/2014\/04\/ASH_IMG_0180_675_1200-e1748345108440.jpg","type":"image\/jpeg"}],"twitter_card":"summary_large_image","twitter_site":"@atlantidesauna","twitter_misc":{"Tempo di lettura stimato":"4 minuti"},"schema":{"@context":"https:\/\/schema.org","@graph":[{"@type":"WebPage","@id":"https:\/\/atlantide-sauna.com\/it\/faq-informazioni-pratiche\/","url":"https:\/\/atlantide-sauna.com\/it\/faq-informazioni-pratiche\/","name":"Informazioni pratiche sulla tua sauna: orari di apertura - Atlantide Sauna","isPartOf":{"@id":"https:\/\/atlantide-sauna.com\/it\/#website"},"primaryImageOfPage":{"@id":"https:\/\/atlantide-sauna.com\/it\/faq-informazioni-pratiche\/#primaryimage"},"image":{"@id":"https:\/\/atlantide-sauna.com\/it\/faq-informazioni-pratiche\/#primaryimage"},"thumbnailUrl":"https:\/\/i0.wp.com\/atlantide-sauna.com\/wp-content\/uploads\/2014\/04\/ASH_IMG_0180_675_1200-e1748345108440.jpg?fit=675%2C380&ssl=1","datePublished":"2022-07-16T15:25:33+00:00","dateModified":"2025-06-27T16:23:20+00:00","description":"Scopri le informazioni pratiche sulla tua sauna, compresi gli orari di apertura e le regole di accesso.","breadcrumb":{"@id":"https:\/\/atlantide-sauna.com\/it\/faq-informazioni-pratiche\/#breadcrumb"},"inLanguage":"it-IT","potentialAction":[{"@type":"ReadAction","target":["https:\/\/atlantide-sauna.com\/it\/faq-informazioni-pratiche\/"]}]},{"@type":"ImageObject","inLanguage":"it-IT","@id":"https:\/\/atlantide-sauna.com\/it\/faq-informazioni-pratiche\/#primaryimage","url":"https:\/\/i0.wp.com\/atlantide-sauna.com\/wp-content\/uploads\/2014\/04\/ASH_IMG_0180_675_1200-e1748345108440.jpg?fit=675%2C380&ssl=1","contentUrl":"https:\/\/i0.wp.com\/atlantide-sauna.com\/wp-content\/uploads\/2014\/04\/ASH_IMG_0180_675_1200-e1748345108440.jpg?fit=675%2C380&ssl=1","width":675,"height":380,"caption":"Atlantide Sauna Paris - Informations pratiques"},{"@type":"BreadcrumbList","@id":"https:\/\/atlantide-sauna.com\/it\/faq-informazioni-pratiche\/#breadcrumb","itemListElement":[{"@type":"ListItem","position":1,"name":"Accueil","item":"https:\/\/atlantide-sauna.com\/it\/casa\/"},{"@type":"ListItem","position":2,"name":"Informazioni"}]},{"@type":"WebSite","@id":"https:\/\/atlantide-sauna.com\/it\/#website","url":"https:\/\/atlantide-sauna.com\/it\/","name":"Atlantide Sauna","description":"Sauna Toutes Tendances Gay Bi Tr**","publisher":{"@id":"https:\/\/atlantide-sauna.com\/it\/#organization"},"alternateName":"Club libertin Atlantide Sauna Paris","potentialAction":[{"@type":"SearchAction","target":{"@type":"EntryPoint","urlTemplate":"https:\/\/atlantide-sauna.com\/it\/?s={search_term_string}"},"query-input":{"@type":"PropertyValueSpecification","valueRequired":true,"valueName":"search_term_string"}}],"inLanguage":"it-IT"},{"@type":"Organization","@id":"https:\/\/atlantide-sauna.com\/it\/#organization","name":"ATLANTIDE SAUNA HAMMAM","alternateName":"ATLANTIDE SAUNA HAMMAM","url":"https:\/\/atlantide-sauna.com\/it\/","logo":{"@type":"ImageObject","inLanguage":"it-IT","@id":"https:\/\/atlantide-sauna.com\/it\/#\/schema\/logo\/image\/","url":"https:\/\/atlantide-sauna.com\/wp-content\/uploads\/2025\/05\/ash_logo_2025_01.svg","contentUrl":"https:\/\/atlantide-sauna.com\/wp-content\/uploads\/2025\/05\/ash_logo_2025_01.svg","width":1,"height":1,"caption":"ATLANTIDE SAUNA HAMMAM"},"image":{"@id":"https:\/\/atlantide-sauna.com\/it\/#\/schema\/logo\/image\/"},"sameAs":["https:\/\/www.facebook.com\/profile.php?id=100082829877238","https:\/\/x.com\/atlantidesauna"],"description":"Sauna hammam toutes tendances. Un espace de libert\u00e9, de mixit\u00e9 et de tol\u00e9rance. Chez Atlantide Sauna vous trouverez les conditions id\u00e9ales pour vos rencontres libertines.","email":"infos@atlantide-sauna.com","telephone":"0143422243","legalName":"ATLANTIDE SAUNA HAMMAM","foundingDate":"1999-08-09","vatID":"FR39423920370","taxID":"42392037000016","numberOfEmployees":{"@type":"QuantitativeValue","minValue":"1","maxValue":"10"}}]}},"jetpack-related-posts":[{"id":4859,"url":"https:\/\/atlantide-sauna.com\/it\/sauna-hammam\/rencontre-coquines-paris-12\/","url_meta":{"origin":520,"position":0},"title":"Rencontre coquines Paris 12","author":"Atlantide Sauna","date":"22 Maggio 2025","format":false,"excerpt":"Rencontre coquines Paris 12 Se sei appassionato di libertinaggio e candaulismo pansessuale, ora hai un posto dove incontrarti a Parigi vicino alla Gare de Lyon: Atlantide Sauna. Aperta 7 giorni su 7, siamo una sauna hammam mista dove cortesia e tolleranza sono la regola. Nel nostro sex club libertino potrai\u2026","rel":"","context":"In &quot;Sauna Hammam&quot;","block_context":{"text":"Sauna Hammam","link":"https:\/\/atlantide-sauna.com\/it\/category\/sauna-hammam-it\/"},"img":{"alt_text":"","src":"","width":0,"height":0},"classes":[]},{"id":724,"url":"https:\/\/atlantide-sauna.com\/it\/","url_meta":{"origin":520,"position":1},"title":"Benvenuti","author":"Atlantide Sauna","date":"11 Maggio 2025","format":false,"excerpt":"Atlantide Sauna \u00e8 stata fondata nel 1999 per creare uno spazio di libert\u00e0, diversit\u00e0 e tolleranza. In questo CLUB riservato, tutti i desideri e le fantasie possono essere espressi in un ambiente rispettoso e amichevole. Qualunque siano le tue origini, la tua cultura, la tua et\u00e0 o i tuoi desideri,\u2026","rel":"","context":"Articolo simile","block_context":{"text":"Articolo simile","link":""},"img":{"alt_text":"Atlantide Sauna Paris - Club libertin toutes tendance - Gare de Lyon","src":"https:\/\/i0.wp.com\/atlantide-sauna.com\/wp-content\/uploads\/2025\/06\/ASH_IMG2025_000.jpg?fit=1200%2C675&ssl=1&resize=350%2C200","width":350,"height":200,"srcset":"https:\/\/i0.wp.com\/atlantide-sauna.com\/wp-content\/uploads\/2025\/06\/ASH_IMG2025_000.jpg?fit=1200%2C675&ssl=1&resize=350%2C200 1x, https:\/\/i0.wp.com\/atlantide-sauna.com\/wp-content\/uploads\/2025\/06\/ASH_IMG2025_000.jpg?fit=1200%2C675&ssl=1&resize=525%2C300 1.5x, https:\/\/i0.wp.com\/atlantide-sauna.com\/wp-content\/uploads\/2025\/06\/ASH_IMG2025_000.jpg?fit=1200%2C675&ssl=1&resize=700%2C400 2x, https:\/\/i0.wp.com\/atlantide-sauna.com\/wp-content\/uploads\/2025\/06\/ASH_IMG2025_000.jpg?fit=1200%2C675&ssl=1&resize=1050%2C600 3x"},"classes":[]},{"id":4855,"url":"https:\/\/atlantide-sauna.com\/it\/sauna-hammam\/recensioni-del-club-libertine\/","url_meta":{"origin":520,"position":2},"title":"Recensioni del club Libertine","author":"Atlantide Sauna","date":"22 Maggio 2025","format":false,"excerpt":"All'Atlantide Sauna, al 13 di rue Parrot, vicino alla Gare de Lyon, tutto \u00e8 fatto per favorire i tuoi incontri libertini e le tue telefonate. Sono disponibili aree relax private o di gruppo, senza dimenticare la nostra sauna di alta gamma o il bagno turco piastrellato e profumato. Per facilitare\u2026","rel":"","context":"In &quot;Sauna Hammam&quot;","block_context":{"text":"Sauna Hammam","link":"https:\/\/atlantide-sauna.com\/it\/category\/sauna-hammam-it\/"},"img":{"alt_text":"","src":"","width":0,"height":0},"classes":[]},{"id":4844,"url":"https:\/\/atlantide-sauna.com\/it\/sauna-hammam\/incontri-libertini-parigi-gare-de-lyon\/","url_meta":{"origin":520,"position":3},"title":"Incontri libertini Parigi Gare de Lyon","author":"Atlantide Sauna","date":"22 Maggio 2025","format":false,"excerpt":"Incontri libertini Alla Sauna Atlantide, vicino alla Gare de Lyon, tutto \u00e8 fatto per incoraggiare i tuoi incontri libertini e candaulisti. Sono disponibili aree relax private o di gruppo, senza dimenticare la nostra sauna di alta gamma o il bagno turco piastrellato e profumato. Per facilitare i tuoi incontri, bar,\u2026","rel":"","context":"In &quot;Sauna Hammam&quot;","block_context":{"text":"Sauna Hammam","link":"https:\/\/atlantide-sauna.com\/it\/category\/sauna-hammam-it\/"},"img":{"alt_text":"","src":"","width":0,"height":0},"classes":[]},{"id":1148,"url":"https:\/\/atlantide-sauna.com\/it\/sauna-hammam\/opinione-sauna-atlantide\/","url_meta":{"origin":520,"position":4},"title":"Opinione sauna atlantide","author":"Atlantide Sauna","date":"22 Maggio 2025","format":false,"excerpt":"La Sauna Atlantide combina il piacere dei tuoi incontri sconci con le sue strutture lussuose e rilassanti, il tutto in un'atmosfera amichevole. Scopri di pi\u00f9 su : Sauna Atlantide L'Atlantide Sauna, a due passi dalla Gare de Lyon, \u00e8 il primo club privato per incontri libertini di ogni tipo a\u2026","rel":"","context":"In &quot;Sauna Hammam&quot;","block_context":{"text":"Sauna Hammam","link":"https:\/\/atlantide-sauna.com\/it\/category\/sauna-hammam-it\/"},"img":{"alt_text":"","src":"","width":0,"height":0},"classes":[]},{"id":4782,"url":"https:\/\/atlantide-sauna.com\/it\/sauna-hammam\/club-backroom-glory-holes-sling-croix-de-st-andre-parigi\/","url_meta":{"origin":520,"position":5},"title":"Club Backroom Glory Holes Sling Croix de st Andr\u00e9 Parigi","author":"Atlantide Sauna","date":"22 Maggio 2025","format":false,"excerpt":"Club Libertin Backroom Glory Holes Sling Croix de St Andr\u00e9 a Parigi 12 Tolleranza e diversit\u00e0 di orientamenti sessuali sono le caratteristiche dell'Atlantide Sauna, dove puoi organizzare le tue trombamicizie in un'atmosfera rilassata, vicino alla Gare de Lyon, e incontrare persone che ti interessano. Club backroom glory holes sling croix\u2026","rel":"","context":"In &quot;Sauna Hammam&quot;","block_context":{"text":"Sauna Hammam","link":"https:\/\/atlantide-sauna.com\/it\/category\/sauna-hammam-it\/"},"img":{"alt_text":"Sling Backroom Croix de St  Andr\u00e9","src":"https:\/\/i0.wp.com\/atlantide-sauna.com\/wp-content\/uploads\/2025\/06\/ASH_IMG2025_014-1.jpg?fit=1200%2C675&ssl=1&resize=350%2C200","width":350,"height":200,"srcset":"https:\/\/i0.wp.com\/atlantide-sauna.com\/wp-content\/uploads\/2025\/06\/ASH_IMG2025_014-1.jpg?fit=1200%2C675&ssl=1&resize=350%2C200 1x, https:\/\/i0.wp.com\/atlantide-sauna.com\/wp-content\/uploads\/2025\/06\/ASH_IMG2025_014-1.jpg?fit=1200%2C675&ssl=1&resize=525%2C300 1.5x, https:\/\/i0.wp.com\/atlantide-sauna.com\/wp-content\/uploads\/2025\/06\/ASH_IMG2025_014-1.jpg?fit=1200%2C675&ssl=1&resize=700%2C400 2x, https:\/\/i0.wp.com\/atlantide-sauna.com\/wp-content\/uploads\/2025\/06\/ASH_IMG2025_014-1.jpg?fit=1200%2C675&ssl=1&resize=1050%2C600 3x"},"classes":[]}],"jetpack_sharing_enabled":true,"_links":{"self":[{"href":"https:\/\/atlantide-sauna.com\/it\/wp-json\/wp\/v2\/pages\/520","targetHints":{"allow":["GET"]}}],"collection":[{"href":"https:\/\/atlantide-sauna.com\/it\/wp-json\/wp\/v2\/pages"}],"about":[{"href":"https:\/\/atlantide-sauna.com\/it\/wp-json\/wp\/v2\/types\/page"}],"author":[{"embeddable":true,"href":"https:\/\/atlantide-sauna.com\/it\/wp-json\/wp\/v2\/users\/4"}],"replies":[{"embeddable":true,"href":"https:\/\/atlantide-sauna.com\/it\/wp-json\/wp\/v2\/comments?post=520"}],"version-history":[{"count":4,"href":"https:\/\/atlantide-sauna.com\/it\/wp-json\/wp\/v2\/pages\/520\/revisions"}],"predecessor-version":[{"id":4619,"href":"https:\/\/atlantide-sauna.com\/it\/wp-json\/wp\/v2\/pages\/520\/revisions\/4619"}],"wp:featuredmedia":[{"embeddable":true,"href":"https:\/\/atlantide-sauna.com\/it\/wp-json\/wp\/v2\/media\/216"}],"wp:attachment":[{"href":"https:\/\/atlantide-sauna.com\/it\/wp-json\/wp\/v2\/media?parent=520"}],"curies":[{"name":"wp","href":"https:\/\/api.w.org\/{rel}","templated":true}]}}