{"id":675,"date":"2018-05-25T16:25:43","date_gmt":"2018-05-25T14:25:43","guid":{"rendered":"https:\/\/dev.atlantide-sauna.com\/informativa-sulla-privacy\/"},"modified":"2025-10-11T14:57:41","modified_gmt":"2025-10-11T12:57:41","slug":"informativa-sulla-privacy","status":"publish","type":"page","link":"https:\/\/atlantide-sauna.com\/it\/informativa-sulla-privacy\/","title":{"rendered":"Informativa sulla privacy"},"content":{"rendered":"<p>Data di entrata in vigore: 27 maggio 2025<\/p>\n<p>La presente Informativa sulla privacy illustra le politiche di ATLANTIDE SAUNA HAMMAM<br \/>\nrelative alla raccolta e all&#8217;utilizzo delle informazioni che raccogliamo quando l&#8217;utente accede a<br \/>\no https:\/\/atlantide-sauna.com (il &#8220;Servizio&#8221;). La presente Informativa sulla privacy descrive i diritti dell&#8217;utente sulla privacy e le modalit\u00e0 con cui<br \/>\n\u00e8 tutelato dalle leggi sulla privacy. <\/p>\n<p>Utilizzando il nostro Servizio, acconsenti alla raccolta e all \u201cutilizzo delle tue informazioni<br \/>\nin conformit\u00e0 con la presente Informativa sulla privacy. Ti invitiamo a non accedere o utilizzare il nostro Servizio o<x id=\"gid_1\"><\/x>se non acconsenti alla raccolta e all\u201d utilizzo delle tue informazioni come descritto nella presente<x id=\"gid_2\"><\/x>Informativa sulla privacy. La presente Informativa sulla privacy \u00e8 stata creata con l \u201caiuto di<br \/>\n<a href=\"https:\/\/cookie-script.com\/privacy-policy-generator\" target=\"_blank\" rel=\"noopener\">CookieScript\u201d s Privacy Policy Generator<\/a>.  <\/p>\n<p>ATLANTIDE SAUNA HAMMAM pu\u00f2 modificare la presente Informativa sulla privacy in qualsiasi momento<br \/>\n, anche senza preavviso.<\/p>\n<p>ATLANTIDE SAUNA HAMMAM pubblicher\u00e0 la nuova Informativa sulla Privacy sul sito web https:\/\/atlantide-sauna.com.<\/p>\n<h3>Raccolta e utilizzo dei tuoi dati personali<\/h3>\n<h4>Informazioni che raccogliamo<\/h4>\n<p>Quando utilizzi il nostro Servizio, ti verr\u00e0 chiesto di fornirci informazioni personali<br \/>\nutilizzate per contattarti o identificarti. https:\/\/atlantide-sauna.com raccoglie le seguenti informazioni: <\/p>\n<ul>\n<li>Dati di utilizzo<\/li>\n<li>E-mail<\/li>\n<li>Nome<\/li>\n<\/ul>\n<p>I dati di utilizzo includono i seguenti elementi:<\/p>\n<ul>\n<li>L&#8217;indirizzo del protocollo internet (IP) dei computer che accedono al sito<\/li>\n<li>Richieste di pagine web<\/li>\n<li>Pagine di destinazione web<\/li>\n<li>Browser utilizzato per accedere al sito<\/li>\n<li>Data e ora dell&#8217;accesso<\/li>\n<\/ul>\n<h4>Come raccogliamo le informazioni<\/h4>\n<p>https:\/\/atlantide-sauna.com raccoglie e riceve informazioni dall&#8217;utente nei seguenti modi:<\/p>\n<ul>\n<li>Quando compili un modulo di registrazione o invii in altro modo i tuoi dati personali.<\/li>\n<li>Quando interagisci con il nostro Servizio.<\/li>\n<\/ul>\n<p>Le tue informazioni saranno conservate per un massimo di 30 giorni dopo la chiusura dell \u201caccount da parte di<br \/>\n. Le tue informazioni possono essere conservate per periodi pi\u00f9 lunghi per<x id=\"gid_1\"><\/x>scopi di reporting o di registrazione in conformit\u00e0 con le leggi vigenti. Le informazioni che non consentono di<br \/>\nidentificare personalmente l\u201d utente possono essere conservate a tempo indeterminato.  <\/p>\n<h4>Come utilizziamo i tuoi dati<\/h4>\n<p>https:\/\/atlantide-sauna.com pu\u00f2 utilizzare i tuoi dati per i seguenti scopi:<\/p>\n<ul>\n<li><b>Per fornire e mantenere il nostro Servizio<\/b> e per monitorare l&#8217;uso del nostro Servizio.<\/li>\n<li><b>Altri scopi.<\/b>  ATLANTIDE SAUNA HAMMAM utilizzer\u00e0 le tue informazioni per l \u201canalisi dei dati per identificare le tendenze di utilizzo o per determinare l\u201d efficacia delle nostre campagne di marketing, ove ragionevole. Utilizzeremo i tuoi dati per valutare e migliorare il nostro Servizio, i nostri prodotti, i nostri servizi e le nostre iniziative di marketing. <\/li>\n<li><b>Raccogliere testimonianze e commenti dei clienti.<\/b>  Se condividi una testimonianza o una recensione sulla tua esperienza di utilizzo del nostro Servizio, questa sar\u00e0 condivisa o utilizzata in altro modo sul Sito web.<\/li>\n<li><b>Informazioni amministrative.<\/b>  I tuoi dati personali saranno utilizzati per gestire le pratiche amministrative del nostro sito web.<\/li>\n<li><b>Iniziative di marketing e promozionali.<\/b>  ATLANTIDE SAUNA HAMMAM utilizzer\u00e0 le informazioni non specifiche raccolte dall&#8217;utente per migliorare le proprie attivit\u00e0 di marketing.<\/li>\n<li><b>Mantenendoti informato<\/b> con notizie, informazioni generali, offerte speciali, nuovi servizi ed eventi.<\/li>\n<\/ul>\n<h4>Come condividiamo le tue informazioni<\/h4>\n<p>ATLANTIDE SAUNA HAMMAM condivider\u00e0 le tue informazioni, ove opportuno, nelle seguenti situazioni:<\/p>\n<ul>\n<li><b>Con il tuo consenso.<\/b>  ATLANTIDE SAUNA HAMMAM condivider\u00e0 le tue informazioni per qualsiasi scopo con il tuo esplicito consenso.<\/li>\n<\/ul>\n<h4>Condivisione con terzi<\/h4>\n<p>I tuoi dati possono essere divulgati per altri motivi, in particolare:<\/p>\n<ul>\n<li>Rispettare le leggi, i regolamenti o gli ordini del tribunale applicabili.<\/li>\n<li>Rispondere a reclami secondo cui il tuo utilizzo del nostro Servizio viola i diritti di terzi.<\/li>\n<li>Per garantire il rispetto degli accordi che hai stipulato con noi, inclusa la presente Informativa sulla privacy.<\/li>\n<\/ul>\n<h4>Biscotti<\/h4>\n<p>I cookie sono piccoli file di testo che<br \/>\nvengono inseriti nel tuo computer dai siti web che visiti. I siti web utilizzano i cookie per aiutare gli utenti di<br \/>\na navigare in modo efficiente e a svolgere determinate funzioni. I cookie necessari per il corretto<x id=\"gid_2\"><\/x>funzionamento del sito web possono essere installati senza il tuo consenso. Tutti gli altri cookie devono essere approvati<br \/>\nprima di poter essere installati nel browser.   <\/p>\n<ul>\n<li><b>Cookie strettamente necessari.<\/b>  I cookie strettamente necessari consentono le funzioni di base del sito web, come il login dell \u201cutente e la gestione dell\u201d account. Il sito web non pu\u00f2 essere utilizzato correttamente senza i cookie strettamente necessari. <\/li>\n<li><b>Cookie di prestazione.<\/b>  I cookie di performance sono utilizzati per vedere come i visitatori utilizzano il sito web, ad esempio i cookie di analisi. Questi cookie non possono essere utilizzati per identificare direttamente un visitatore specifico. <\/li>\n<\/ul>\n<div class=\"cookie-report-container\">\n<p data-cookiereport=\"true\">Puoi modificare il tuo consenso all&#8217;uso dei cookie qui di seguito.<\/p>\n<\/div>\n<h4>Sicurezza<\/h4>\n<p>La sicurezza delle tue informazioni \u00e8 importante per noi. https:\/\/atlantide-sauna.com<x id=\"gid_0\"><\/x>utilizza una serie di misure di sicurezza per prevenire l \u201cuso improprio, la perdita o l\u201d alterazione delle<x id=\"gid_1\"><\/x>informazioni che ci hai fornito. Tuttavia, poich\u00e9 non possiamo garantire la sicurezza delle informazioni<br \/>\nche ci fornisci, accedi al nostro servizio a tuo rischio e pericolo.  <\/p>\n<p>ATLANTIDE SAUNA HAMMAM non \u00e8 responsabile delle prestazioni di<br \/>\nsiti web gestiti da terzi o delle interazioni dell&#8217;utente con essi. Quando lasci questo sito web, ti consigliamo di<br \/>\nesaminare le pratiche sulla privacy degli altri siti web con cui interagisci e di<br \/>\ndeterminare se tali pratiche sono appropriate. <\/p>\n<h4>Contattaci<\/h4>\n<p>Per qualsiasi domanda, contattaci tramite i seguenti canali:<\/p>\n<p>Nome: ATLANTIDE SAUNA HAMMAM<br \/>\nIndirizzo: 13 RUE PARROT 75012 PARIS<br \/>\nE-mail: infos@atlantide-sauna.com<\/p>\n<p>Se hai domande o dubbi sul trattamento dei tuoi dati, puoi contattare il nostro responsabile della privacy all&#8217;indirizzo webmaster@atlantide-sauna.com o dpo@atlantide-sauna.com.<\/p>\n<p>Ultimo aggiornamento: 2025-10-12<\/p>\n","protected":false},"excerpt":{"rendered":"<p>Data di entrata in vigore: 27 maggio 2025 La presente Informativa sulla privacy illustra le politiche di ATLANTIDE SAUNA HAMMAM relative alla raccolta e all&#8217;utilizzo delle informazioni che raccogliamo quando l&#8217;utente accede a o https:\/\/atlantide-sauna.com (il &#8220;Servizio&#8221;). La presente Informativa sulla privacy descrive i diritti dell&#8217;utente sulla privacy e le modalit\u00e0 con cui \u00e8 tutelato [&hellip;]<\/p>\n","protected":false},"author":4,"featured_media":0,"parent":0,"menu_order":9,"comment_status":"closed","ping_status":"closed","template":"","meta":{"footnotes":""},"class_list":["post-675","page","type-page","status-publish","hentry"],"yoast_head":"<!-- This site is optimized with the Yoast SEO Premium plugin v27.5 (Yoast SEO v27.5) - https:\/\/yoast.com\/product\/yoast-seo-premium-wordpress\/ -->\n<title>Informativa sulla privacy - Atlantide Sauna<\/title>\n<meta name=\"robots\" content=\"index, follow, max-snippet:-1, max-image-preview:large, max-video-preview:-1\" \/>\n<link rel=\"canonical\" href=\"https:\/\/atlantide-sauna.com\/it\/informativa-sulla-privacy\/\" \/>\n<meta property=\"og:locale\" content=\"it_IT\" \/>\n<meta property=\"og:type\" content=\"article\" \/>\n<meta property=\"og:title\" content=\"Informativa sulla privacy\" \/>\n<meta property=\"og:description\" content=\"Data di entrata in vigore: 27 maggio 2025 La presente Informativa sulla privacy illustra le politiche di ATLANTIDE SAUNA HAMMAM relative alla raccolta e all&#8217;utilizzo delle informazioni che raccogliamo quando l&#8217;utente accede a o https:\/\/atlantide-sauna.com (il &#8220;Servizio&#8221;). La presente Informativa sulla privacy descrive i diritti dell&#8217;utente sulla privacy e le modalit\u00e0 con cui \u00e8 tutelato [&hellip;]\" \/>\n<meta property=\"og:url\" content=\"https:\/\/atlantide-sauna.com\/it\/informativa-sulla-privacy\/\" \/>\n<meta property=\"og:site_name\" content=\"Atlantide Sauna\" \/>\n<meta property=\"article:publisher\" content=\"https:\/\/www.facebook.com\/profile.php?id=100082829877238\" \/>\n<meta property=\"article:modified_time\" content=\"2025-10-11T12:57:41+00:00\" \/>\n<meta property=\"og:image\" content=\"https:\/\/i0.wp.com\/atlantide-sauna.com\/wp-content\/uploads\/2025\/06\/ASH_IMG2025_000.jpg?fit=1440%2C810&ssl=1\" \/>\n\t<meta property=\"og:image:width\" content=\"1440\" \/>\n\t<meta property=\"og:image:height\" content=\"810\" \/>\n\t<meta property=\"og:image:type\" content=\"image\/jpeg\" \/>\n<meta name=\"twitter:card\" content=\"summary_large_image\" \/>\n<meta name=\"twitter:site\" content=\"@atlantidesauna\" \/>\n<meta name=\"twitter:label1\" content=\"Tempo di lettura stimato\" \/>\n\t<meta name=\"twitter:data1\" content=\"4 minuti\" \/>\n<script type=\"application\/ld+json\" class=\"yoast-schema-graph\">{\"@context\":\"https:\\\/\\\/schema.org\",\"@graph\":[{\"@type\":\"WebPage\",\"@id\":\"https:\\\/\\\/atlantide-sauna.com\\\/it\\\/informativa-sulla-privacy\\\/\",\"url\":\"https:\\\/\\\/atlantide-sauna.com\\\/it\\\/informativa-sulla-privacy\\\/\",\"name\":\"Informativa sulla privacy - Atlantide Sauna\",\"isPartOf\":{\"@id\":\"https:\\\/\\\/atlantide-sauna.com\\\/it\\\/#website\"},\"datePublished\":\"2018-05-25T14:25:43+00:00\",\"dateModified\":\"2025-10-11T12:57:41+00:00\",\"breadcrumb\":{\"@id\":\"https:\\\/\\\/atlantide-sauna.com\\\/it\\\/informativa-sulla-privacy\\\/#breadcrumb\"},\"inLanguage\":\"it-IT\",\"potentialAction\":[{\"@type\":\"ReadAction\",\"target\":[\"https:\\\/\\\/atlantide-sauna.com\\\/it\\\/informativa-sulla-privacy\\\/\"]}]},{\"@type\":\"BreadcrumbList\",\"@id\":\"https:\\\/\\\/atlantide-sauna.com\\\/it\\\/informativa-sulla-privacy\\\/#breadcrumb\",\"itemListElement\":[{\"@type\":\"ListItem\",\"position\":1,\"name\":\"Accueil\",\"item\":\"https:\\\/\\\/atlantide-sauna.com\\\/it\\\/casa\\\/\"},{\"@type\":\"ListItem\",\"position\":2,\"name\":\"Informativa sulla privacy\"}]},{\"@type\":\"WebSite\",\"@id\":\"https:\\\/\\\/atlantide-sauna.com\\\/it\\\/#website\",\"url\":\"https:\\\/\\\/atlantide-sauna.com\\\/it\\\/\",\"name\":\"Atlantide Sauna\",\"description\":\"Sauna Toutes Tendances Gay Bi Tr**\",\"publisher\":{\"@id\":\"https:\\\/\\\/atlantide-sauna.com\\\/it\\\/#organization\"},\"alternateName\":\"Club libertin Atlantide Sauna Paris\",\"potentialAction\":[{\"@type\":\"SearchAction\",\"target\":{\"@type\":\"EntryPoint\",\"urlTemplate\":\"https:\\\/\\\/atlantide-sauna.com\\\/it\\\/?s={search_term_string}\"},\"query-input\":{\"@type\":\"PropertyValueSpecification\",\"valueRequired\":true,\"valueName\":\"search_term_string\"}}],\"inLanguage\":\"it-IT\"},{\"@type\":\"Organization\",\"@id\":\"https:\\\/\\\/atlantide-sauna.com\\\/it\\\/#organization\",\"name\":\"ATLANTIDE SAUNA HAMMAM\",\"alternateName\":\"ATLANTIDE SAUNA HAMMAM\",\"url\":\"https:\\\/\\\/atlantide-sauna.com\\\/it\\\/\",\"logo\":{\"@type\":\"ImageObject\",\"inLanguage\":\"it-IT\",\"@id\":\"https:\\\/\\\/atlantide-sauna.com\\\/it\\\/#\\\/schema\\\/logo\\\/image\\\/\",\"url\":\"https:\\\/\\\/atlantide-sauna.com\\\/wp-content\\\/uploads\\\/2025\\\/05\\\/ash_logo_2025_01.svg\",\"contentUrl\":\"https:\\\/\\\/atlantide-sauna.com\\\/wp-content\\\/uploads\\\/2025\\\/05\\\/ash_logo_2025_01.svg\",\"width\":1,\"height\":1,\"caption\":\"ATLANTIDE SAUNA HAMMAM\"},\"image\":{\"@id\":\"https:\\\/\\\/atlantide-sauna.com\\\/it\\\/#\\\/schema\\\/logo\\\/image\\\/\"},\"sameAs\":[\"https:\\\/\\\/www.facebook.com\\\/profile.php?id=100082829877238\",\"https:\\\/\\\/x.com\\\/atlantidesauna\"],\"description\":\"Sauna hammam toutes tendances. Un espace de libert\u00e9, de mixit\u00e9 et de tol\u00e9rance. Chez Atlantide Sauna vous trouverez les conditions id\u00e9ales pour vos rencontres libertines.\",\"email\":\"infos@atlantide-sauna.com\",\"telephone\":\"0143422243\",\"legalName\":\"ATLANTIDE SAUNA HAMMAM\",\"foundingDate\":\"1999-08-09\",\"vatID\":\"FR39423920370\",\"taxID\":\"42392037000016\",\"numberOfEmployees\":{\"@type\":\"QuantitativeValue\",\"minValue\":\"1\",\"maxValue\":\"10\"}}]}<\/script>\n<!-- \/ Yoast SEO Premium plugin. -->","yoast_head_json":{"title":"Informativa sulla privacy - Atlantide Sauna","robots":{"index":"index","follow":"follow","max-snippet":"max-snippet:-1","max-image-preview":"max-image-preview:large","max-video-preview":"max-video-preview:-1"},"canonical":"https:\/\/atlantide-sauna.com\/it\/informativa-sulla-privacy\/","og_locale":"it_IT","og_type":"article","og_title":"Informativa sulla privacy","og_description":"Data di entrata in vigore: 27 maggio 2025 La presente Informativa sulla privacy illustra le politiche di ATLANTIDE SAUNA HAMMAM relative alla raccolta e all&#8217;utilizzo delle informazioni che raccogliamo quando l&#8217;utente accede a o https:\/\/atlantide-sauna.com (il &#8220;Servizio&#8221;). La presente Informativa sulla privacy descrive i diritti dell&#8217;utente sulla privacy e le modalit\u00e0 con cui \u00e8 tutelato [&hellip;]","og_url":"https:\/\/atlantide-sauna.com\/it\/informativa-sulla-privacy\/","og_site_name":"Atlantide Sauna","article_publisher":"https:\/\/www.facebook.com\/profile.php?id=100082829877238","article_modified_time":"2025-10-11T12:57:41+00:00","og_image":[{"width":1440,"height":810,"url":"https:\/\/i0.wp.com\/atlantide-sauna.com\/wp-content\/uploads\/2025\/06\/ASH_IMG2025_000.jpg?fit=1440%2C810&ssl=1","type":"image\/jpeg"}],"twitter_card":"summary_large_image","twitter_site":"@atlantidesauna","twitter_misc":{"Tempo di lettura stimato":"4 minuti"},"schema":{"@context":"https:\/\/schema.org","@graph":[{"@type":"WebPage","@id":"https:\/\/atlantide-sauna.com\/it\/informativa-sulla-privacy\/","url":"https:\/\/atlantide-sauna.com\/it\/informativa-sulla-privacy\/","name":"Informativa sulla privacy - Atlantide Sauna","isPartOf":{"@id":"https:\/\/atlantide-sauna.com\/it\/#website"},"datePublished":"2018-05-25T14:25:43+00:00","dateModified":"2025-10-11T12:57:41+00:00","breadcrumb":{"@id":"https:\/\/atlantide-sauna.com\/it\/informativa-sulla-privacy\/#breadcrumb"},"inLanguage":"it-IT","potentialAction":[{"@type":"ReadAction","target":["https:\/\/atlantide-sauna.com\/it\/informativa-sulla-privacy\/"]}]},{"@type":"BreadcrumbList","@id":"https:\/\/atlantide-sauna.com\/it\/informativa-sulla-privacy\/#breadcrumb","itemListElement":[{"@type":"ListItem","position":1,"name":"Accueil","item":"https:\/\/atlantide-sauna.com\/it\/casa\/"},{"@type":"ListItem","position":2,"name":"Informativa sulla privacy"}]},{"@type":"WebSite","@id":"https:\/\/atlantide-sauna.com\/it\/#website","url":"https:\/\/atlantide-sauna.com\/it\/","name":"Atlantide Sauna","description":"Sauna Toutes Tendances Gay Bi Tr**","publisher":{"@id":"https:\/\/atlantide-sauna.com\/it\/#organization"},"alternateName":"Club libertin Atlantide Sauna Paris","potentialAction":[{"@type":"SearchAction","target":{"@type":"EntryPoint","urlTemplate":"https:\/\/atlantide-sauna.com\/it\/?s={search_term_string}"},"query-input":{"@type":"PropertyValueSpecification","valueRequired":true,"valueName":"search_term_string"}}],"inLanguage":"it-IT"},{"@type":"Organization","@id":"https:\/\/atlantide-sauna.com\/it\/#organization","name":"ATLANTIDE SAUNA HAMMAM","alternateName":"ATLANTIDE SAUNA HAMMAM","url":"https:\/\/atlantide-sauna.com\/it\/","logo":{"@type":"ImageObject","inLanguage":"it-IT","@id":"https:\/\/atlantide-sauna.com\/it\/#\/schema\/logo\/image\/","url":"https:\/\/atlantide-sauna.com\/wp-content\/uploads\/2025\/05\/ash_logo_2025_01.svg","contentUrl":"https:\/\/atlantide-sauna.com\/wp-content\/uploads\/2025\/05\/ash_logo_2025_01.svg","width":1,"height":1,"caption":"ATLANTIDE SAUNA HAMMAM"},"image":{"@id":"https:\/\/atlantide-sauna.com\/it\/#\/schema\/logo\/image\/"},"sameAs":["https:\/\/www.facebook.com\/profile.php?id=100082829877238","https:\/\/x.com\/atlantidesauna"],"description":"Sauna hammam toutes tendances. Un espace de libert\u00e9, de mixit\u00e9 et de tol\u00e9rance. Chez Atlantide Sauna vous trouverez les conditions id\u00e9ales pour vos rencontres libertines.","email":"infos@atlantide-sauna.com","telephone":"0143422243","legalName":"ATLANTIDE SAUNA HAMMAM","foundingDate":"1999-08-09","vatID":"FR39423920370","taxID":"42392037000016","numberOfEmployees":{"@type":"QuantitativeValue","minValue":"1","maxValue":"10"}}]}},"jetpack_sharing_enabled":true,"_links":{"self":[{"href":"https:\/\/atlantide-sauna.com\/it\/wp-json\/wp\/v2\/pages\/675","targetHints":{"allow":["GET"]}}],"collection":[{"href":"https:\/\/atlantide-sauna.com\/it\/wp-json\/wp\/v2\/pages"}],"about":[{"href":"https:\/\/atlantide-sauna.com\/it\/wp-json\/wp\/v2\/types\/page"}],"author":[{"embeddable":true,"href":"https:\/\/atlantide-sauna.com\/it\/wp-json\/wp\/v2\/users\/4"}],"replies":[{"embeddable":true,"href":"https:\/\/atlantide-sauna.com\/it\/wp-json\/wp\/v2\/comments?post=675"}],"version-history":[{"count":5,"href":"https:\/\/atlantide-sauna.com\/it\/wp-json\/wp\/v2\/pages\/675\/revisions"}],"predecessor-version":[{"id":5353,"href":"https:\/\/atlantide-sauna.com\/it\/wp-json\/wp\/v2\/pages\/675\/revisions\/5353"}],"wp:attachment":[{"href":"https:\/\/atlantide-sauna.com\/it\/wp-json\/wp\/v2\/media?parent=675"}],"curies":[{"name":"wp","href":"https:\/\/api.w.org\/{rel}","templated":true}]}}