{"id":724,"date":"2025-05-11T15:20:26","date_gmt":"2025-05-11T13:20:26","guid":{"rendered":"https:\/\/dev.atlantide-sauna.com\/casa\/"},"modified":"2026-01-28T17:28:26","modified_gmt":"2026-01-28T16:28:26","slug":"casa","status":"publish","type":"page","link":"https:\/\/atlantide-sauna.com\/it\/","title":{"rendered":"Benvenuti"},"content":{"rendered":"<div style=\"text-align: justify;\"><strong>Atlantide Sauna \u00e8 stata fondata nel 1999<\/strong> per creare uno spazio di libert\u00e0, diversit\u00e0 e tolleranza. In questo <strong>CLUB riservato<\/strong>, tutti i desideri e le fantasie possono essere espressi in un ambiente rispettoso e amichevole. Qualunque siano le tue origini, la tua cultura, la tua et\u00e0 o i tuoi desideri, sarai accolto da uno staff sorridente, attento e premuroso.  <\/div>\n<div style=\"text-align: justify;\"><\/div>\n<div style=\"text-align: justify;\">Ci assicuriamo che le regole di salute e sicurezza siano rispettate e che ci comportiamo in modo rispettoso e tollerante, il che \u00e8 essenziale per il buon funzionamento del CLUB.<\/div>\n<p><iframe loading=\"lazy\" title=\"Lettore video di YouTube\" src=\"https:\/\/www.youtube-nocookie.com\/embed\/UtM2Eaf40Zo?si=V1KmeYsQt9r-rs7O&amp;controls=0&amp;start=17\" width=\"370\" height=\"208\" frameborder=\"0\" allowfullscreen=\"allowfullscreen\"><\/iframe><\/p>\n<h6 style=\"text-align: left;\">Sauna parigina per gay, bisex, etero, travestiti, trans &#8230;<br \/>\nSauna hammam tutte le tendenze &#8230;<br \/>\nBenvenuto su Atlantide Sauna!<\/h6>\n<p style=\"text-align: left;\">Il tuo spazio di libert\u00e0, diversit\u00e0 e tolleranza. Scopri la nostra sauna hammam alla moda che soddisfer\u00e0 tutti i tuoi desideri. <\/p>\n<div>Dai un&#8217;occhiata ai nostri <a href=\"https:\/\/atlantide-sauna.com\/it\/tariffe\/\" target=\"_blank\" rel=\"noopener\">prezzi<\/a> e al nostro <a href=\"https:\/\/atlantide-sauna.com\/it\/blog\/\" target=\"_blank\" rel=\"noopener\">blog<\/a> per avere informazioni sulla sauna a vapore. La sauna hammam, ispirata a tutte le tendenze, \u00e8 un luogo dove puoi incontrare i nostri membri del <a href=\"https:\/\/club.atlantide-sauna.com\/\" target=\"_blank\" rel=\"noopener\">CLUB<\/a>, un luogo dove tutte le tendenze hanno un posto d&#8217;onore. <\/div>\n<div class=\"uk-alert\" style=\"text-align: center;\"><strong>APERTO tutti i giorni<\/strong> dalle 12:00 alle 22:00<\/p>\n<p><strong> INGRESSO UOMO<\/strong> a partire da \u20ac18<br \/>\n<a class=\"uk-button uk-button-small uk-button-secondary\" href=\"https:\/\/atlantide-sauna.com\/it\/tariffe\/\" target=\"_blank\" rel=\"noopener\">Maggiori informazioni<\/a><\/div>\n<p style=\"text-align: left;\">All&#8217;Atlantide Sauna troverai le condizioni ideali per i tuoi incontri libertini.<br \/>\nAl bar, nell&#8217;hammam o nella sauna, goditi il relax in un&#8217;atmosfera amichevole.<br \/>\nLe aree relax private o collettive sono a tua disposizione per dare libero sfogo ai tuoi sensi!<\/p>\n<div class=\"uk-alert\" style=\"text-align: center;\">\n<div style=\"text-align: center;\"><a href=\"https:\/\/atlantide-sauna.com\/billetterie\/\">Acquista i tuoi biglietti<\/a> online.<br \/>\nPromozioni, offerte speciali, eventi&#8230;<\/div>\n<p>&nbsp;<\/p>\n<div style=\"text-align: center;\"><a href=\"https:\/\/atlantide-sauna.com\/billetterie\/\"><img decoding=\"async\" class=\"aligncenter wp-image-5699\" src=\"https:\/\/atlantide-sauna.com\/wp-content\/uploads\/2025\/10\/ASH_TICKET_25-BILLETTERIE.svg\" alt=\"\" width=\"300\"><\/a><\/div>\n<p>&nbsp;<\/p>\n<div style=\"text-align: center;\">Ogni mese vengono applicati sconti alle nostre varie tariffe.<\/div>\n<\/div>\n<p style=\"text-align: left;\">L&#8217;Atlantide Sauna, a due passi dalla <strong>Gare de Lyon<\/strong>, \u00e8 il primo club privato per incontri libertini di ogni tipo a Parigi. Che tu sia uomo, donna, etero, gay, transessuale o travestito, che tu venga da solo o in coppia, sei il benvenuto in una sauna hammam che punta tutto sulla convivialit\u00e0, permettendoti di unirti in una complicit\u00e0 particolarmente favorevole alle pratiche sessuali pi\u00f9 sfrenate. <\/p>\n<h2 style=\"text-align: left;\"><strong>Sauna Atlantide: tolleranza ed etica al servizio del libertinaggio.<\/strong><\/h2>\n","protected":false},"excerpt":{"rendered":"<p>Atlantide Sauna \u00e8 stata fondata nel 1999 per creare uno spazio di libert\u00e0, diversit\u00e0 e tolleranza. In questo CLUB riservato, tutti i desideri e le fantasie possono essere espressi in un ambiente rispettoso e amichevole. Qualunque siano le tue origini, la tua cultura, la tua et\u00e0 o i tuoi desideri, sarai accolto da uno staff [&hellip;]<\/p>\n","protected":false},"author":4,"featured_media":4441,"parent":0,"menu_order":0,"comment_status":"closed","ping_status":"closed","template":"","meta":{"footnotes":""},"class_list":["post-724","page","type-page","status-publish","has-post-thumbnail","hentry"],"yoast_head":"<!-- This site is optimized with the Yoast SEO Premium plugin v27.2 (Yoast SEO v27.2) - https:\/\/yoast.com\/product\/yoast-seo-premium-wordpress\/ -->\n<title>Sauna hammam per tutti i gusti - Atlantide Sauna<\/title>\n<meta name=\"description\" content=\"Atlantide Sauna Paris: un luogo di libert\u00e0, diversit\u00e0 e tolleranza. Tutti i tuoi desideri e le tue fantasie in un ambiente rispettoso e amichevole.\" \/>\n<meta name=\"robots\" content=\"index, follow, max-snippet:-1, max-image-preview:large, max-video-preview:-1\" \/>\n<link rel=\"canonical\" href=\"https:\/\/atlantide-sauna.com\/it\/\" \/>\n<meta property=\"og:locale\" content=\"it_IT\" \/>\n<meta property=\"og:type\" content=\"article\" \/>\n<meta property=\"og:title\" content=\"Benvenuti\" \/>\n<meta property=\"og:description\" content=\"Atlantide Sauna Paris: un luogo di libert\u00e0, diversit\u00e0 e tolleranza. Tutti i tuoi desideri e le tue fantasie in un ambiente rispettoso e amichevole.\" \/>\n<meta property=\"og:url\" content=\"https:\/\/atlantide-sauna.com\/it\/\" \/>\n<meta property=\"og:site_name\" content=\"Atlantide Sauna\" \/>\n<meta property=\"article:publisher\" content=\"https:\/\/www.facebook.com\/profile.php?id=100082829877238\" \/>\n<meta property=\"article:modified_time\" content=\"2026-01-28T16:28:26+00:00\" \/>\n<meta property=\"og:image\" content=\"https:\/\/i0.wp.com\/atlantide-sauna.com\/wp-content\/uploads\/2025\/06\/ASH_IMG2025_000.jpg?fit=1440%2C810&ssl=1\" \/>\n\t<meta property=\"og:image:width\" content=\"1440\" \/>\n\t<meta property=\"og:image:height\" content=\"810\" \/>\n\t<meta property=\"og:image:type\" content=\"image\/jpeg\" \/>\n<meta name=\"twitter:card\" content=\"summary_large_image\" \/>\n<meta name=\"twitter:site\" content=\"@atlantidesauna\" \/>\n<meta name=\"twitter:label1\" content=\"Tempo di lettura stimato\" \/>\n\t<meta name=\"twitter:data1\" content=\"2 minuti\" \/>\n<script type=\"application\/ld+json\" class=\"yoast-schema-graph\">{\"@context\":\"https:\/\/schema.org\",\"@graph\":[{\"@type\":\"WebPage\",\"@id\":\"https:\/\/atlantide-sauna.com\/it\/\",\"url\":\"https:\/\/atlantide-sauna.com\/it\/\",\"name\":\"Sauna hammam per tutti i gusti - Atlantide Sauna\",\"isPartOf\":{\"@id\":\"https:\/\/atlantide-sauna.com\/it\/#website\"},\"primaryImageOfPage\":{\"@id\":\"https:\/\/atlantide-sauna.com\/it\/#primaryimage\"},\"image\":{\"@id\":\"https:\/\/atlantide-sauna.com\/it\/#primaryimage\"},\"thumbnailUrl\":\"https:\/\/i0.wp.com\/atlantide-sauna.com\/wp-content\/uploads\/2025\/06\/ASH_IMG2025_000.jpg?fit=1440%2C810&ssl=1\",\"datePublished\":\"2025-05-11T13:20:26+00:00\",\"dateModified\":\"2026-01-28T16:28:26+00:00\",\"description\":\"Atlantide Sauna Paris: un luogo di libert\u00e0, diversit\u00e0 e tolleranza. Tutti i tuoi desideri e le tue fantasie in un ambiente rispettoso e amichevole.\",\"breadcrumb\":{\"@id\":\"https:\/\/atlantide-sauna.com\/it\/#breadcrumb\"},\"inLanguage\":\"it-IT\",\"potentialAction\":[{\"@type\":\"ReadAction\",\"target\":[\"https:\/\/atlantide-sauna.com\/it\/\"]}]},{\"@type\":\"ImageObject\",\"inLanguage\":\"it-IT\",\"@id\":\"https:\/\/atlantide-sauna.com\/it\/#primaryimage\",\"url\":\"https:\/\/i0.wp.com\/atlantide-sauna.com\/wp-content\/uploads\/2025\/06\/ASH_IMG2025_000.jpg?fit=1440%2C810&ssl=1\",\"contentUrl\":\"https:\/\/i0.wp.com\/atlantide-sauna.com\/wp-content\/uploads\/2025\/06\/ASH_IMG2025_000.jpg?fit=1440%2C810&ssl=1\",\"width\":1440,\"height\":810,\"caption\":\"Atlantide Sauna Paris - Club libertin toutes tendance - Gare de Lyon\"},{\"@type\":\"BreadcrumbList\",\"@id\":\"https:\/\/atlantide-sauna.com\/it\/#breadcrumb\",\"itemListElement\":[{\"@type\":\"ListItem\",\"position\":1,\"name\":\"Accueil\",\"item\":\"https:\/\/atlantide-sauna.com\/it\/casa\/\"},{\"@type\":\"ListItem\",\"position\":2,\"name\":\"Benvenuti\"}]},{\"@type\":\"WebSite\",\"@id\":\"https:\/\/atlantide-sauna.com\/it\/#website\",\"url\":\"https:\/\/atlantide-sauna.com\/it\/\",\"name\":\"Atlantide Sauna\",\"description\":\"Sauna Toutes Tendances Gay Bi Tr**\",\"publisher\":{\"@id\":\"https:\/\/atlantide-sauna.com\/it\/#organization\"},\"alternateName\":\"Club libertin Atlantide Sauna Paris\",\"potentialAction\":[{\"@type\":\"SearchAction\",\"target\":{\"@type\":\"EntryPoint\",\"urlTemplate\":\"https:\/\/atlantide-sauna.com\/it\/?s={search_term_string}\"},\"query-input\":{\"@type\":\"PropertyValueSpecification\",\"valueRequired\":true,\"valueName\":\"search_term_string\"}}],\"inLanguage\":\"it-IT\"},{\"@type\":\"Organization\",\"@id\":\"https:\/\/atlantide-sauna.com\/it\/#organization\",\"name\":\"ATLANTIDE SAUNA HAMMAM\",\"alternateName\":\"ATLANTIDE SAUNA HAMMAM\",\"url\":\"https:\/\/atlantide-sauna.com\/it\/\",\"logo\":{\"@type\":\"ImageObject\",\"inLanguage\":\"it-IT\",\"@id\":\"https:\/\/atlantide-sauna.com\/it\/#\/schema\/logo\/image\/\",\"url\":\"https:\/\/atlantide-sauna.com\/wp-content\/uploads\/2025\/05\/ash_logo_2025_01.svg\",\"contentUrl\":\"https:\/\/atlantide-sauna.com\/wp-content\/uploads\/2025\/05\/ash_logo_2025_01.svg\",\"width\":1,\"height\":1,\"caption\":\"ATLANTIDE SAUNA HAMMAM\"},\"image\":{\"@id\":\"https:\/\/atlantide-sauna.com\/it\/#\/schema\/logo\/image\/\"},\"sameAs\":[\"https:\/\/www.facebook.com\/profile.php?id=100082829877238\",\"https:\/\/x.com\/atlantidesauna\"],\"description\":\"Sauna hammam toutes tendances. Un espace de libert\u00e9, de mixit\u00e9 et de tol\u00e9rance. Chez Atlantide Sauna vous trouverez les conditions id\u00e9ales pour vos rencontres libertines.\",\"email\":\"infos@atlantide-sauna.com\",\"telephone\":\"0143422243\",\"legalName\":\"ATLANTIDE SAUNA HAMMAM\",\"foundingDate\":\"1999-08-09\",\"vatID\":\"FR39423920370\",\"taxID\":\"42392037000016\",\"numberOfEmployees\":{\"@type\":\"QuantitativeValue\",\"minValue\":\"1\",\"maxValue\":\"10\"}}]}<\/script>\n<!-- \/ Yoast SEO Premium plugin. -->","yoast_head_json":{"title":"Sauna hammam per tutti i gusti - Atlantide Sauna","description":"Atlantide Sauna Paris: un luogo di libert\u00e0, diversit\u00e0 e tolleranza. Tutti i tuoi desideri e le tue fantasie in un ambiente rispettoso e amichevole.","robots":{"index":"index","follow":"follow","max-snippet":"max-snippet:-1","max-image-preview":"max-image-preview:large","max-video-preview":"max-video-preview:-1"},"canonical":"https:\/\/atlantide-sauna.com\/it\/","og_locale":"it_IT","og_type":"article","og_title":"Benvenuti","og_description":"Atlantide Sauna Paris: un luogo di libert\u00e0, diversit\u00e0 e tolleranza. Tutti i tuoi desideri e le tue fantasie in un ambiente rispettoso e amichevole.","og_url":"https:\/\/atlantide-sauna.com\/it\/","og_site_name":"Atlantide Sauna","article_publisher":"https:\/\/www.facebook.com\/profile.php?id=100082829877238","article_modified_time":"2026-01-28T16:28:26+00:00","og_image":[{"width":1440,"height":810,"url":"https:\/\/i0.wp.com\/atlantide-sauna.com\/wp-content\/uploads\/2025\/06\/ASH_IMG2025_000.jpg?fit=1440%2C810&ssl=1","type":"image\/jpeg"}],"twitter_card":"summary_large_image","twitter_site":"@atlantidesauna","twitter_misc":{"Tempo di lettura stimato":"2 minuti"},"schema":{"@context":"https:\/\/schema.org","@graph":[{"@type":"WebPage","@id":"https:\/\/atlantide-sauna.com\/it\/","url":"https:\/\/atlantide-sauna.com\/it\/","name":"Sauna hammam per tutti i gusti - Atlantide Sauna","isPartOf":{"@id":"https:\/\/atlantide-sauna.com\/it\/#website"},"primaryImageOfPage":{"@id":"https:\/\/atlantide-sauna.com\/it\/#primaryimage"},"image":{"@id":"https:\/\/atlantide-sauna.com\/it\/#primaryimage"},"thumbnailUrl":"https:\/\/i0.wp.com\/atlantide-sauna.com\/wp-content\/uploads\/2025\/06\/ASH_IMG2025_000.jpg?fit=1440%2C810&ssl=1","datePublished":"2025-05-11T13:20:26+00:00","dateModified":"2026-01-28T16:28:26+00:00","description":"Atlantide Sauna Paris: un luogo di libert\u00e0, diversit\u00e0 e tolleranza. Tutti i tuoi desideri e le tue fantasie in un ambiente rispettoso e amichevole.","breadcrumb":{"@id":"https:\/\/atlantide-sauna.com\/it\/#breadcrumb"},"inLanguage":"it-IT","potentialAction":[{"@type":"ReadAction","target":["https:\/\/atlantide-sauna.com\/it\/"]}]},{"@type":"ImageObject","inLanguage":"it-IT","@id":"https:\/\/atlantide-sauna.com\/it\/#primaryimage","url":"https:\/\/i0.wp.com\/atlantide-sauna.com\/wp-content\/uploads\/2025\/06\/ASH_IMG2025_000.jpg?fit=1440%2C810&ssl=1","contentUrl":"https:\/\/i0.wp.com\/atlantide-sauna.com\/wp-content\/uploads\/2025\/06\/ASH_IMG2025_000.jpg?fit=1440%2C810&ssl=1","width":1440,"height":810,"caption":"Atlantide Sauna Paris - Club libertin toutes tendance - Gare de Lyon"},{"@type":"BreadcrumbList","@id":"https:\/\/atlantide-sauna.com\/it\/#breadcrumb","itemListElement":[{"@type":"ListItem","position":1,"name":"Accueil","item":"https:\/\/atlantide-sauna.com\/it\/casa\/"},{"@type":"ListItem","position":2,"name":"Benvenuti"}]},{"@type":"WebSite","@id":"https:\/\/atlantide-sauna.com\/it\/#website","url":"https:\/\/atlantide-sauna.com\/it\/","name":"Atlantide Sauna","description":"Sauna Toutes Tendances Gay Bi Tr**","publisher":{"@id":"https:\/\/atlantide-sauna.com\/it\/#organization"},"alternateName":"Club libertin Atlantide Sauna Paris","potentialAction":[{"@type":"SearchAction","target":{"@type":"EntryPoint","urlTemplate":"https:\/\/atlantide-sauna.com\/it\/?s={search_term_string}"},"query-input":{"@type":"PropertyValueSpecification","valueRequired":true,"valueName":"search_term_string"}}],"inLanguage":"it-IT"},{"@type":"Organization","@id":"https:\/\/atlantide-sauna.com\/it\/#organization","name":"ATLANTIDE SAUNA HAMMAM","alternateName":"ATLANTIDE SAUNA HAMMAM","url":"https:\/\/atlantide-sauna.com\/it\/","logo":{"@type":"ImageObject","inLanguage":"it-IT","@id":"https:\/\/atlantide-sauna.com\/it\/#\/schema\/logo\/image\/","url":"https:\/\/atlantide-sauna.com\/wp-content\/uploads\/2025\/05\/ash_logo_2025_01.svg","contentUrl":"https:\/\/atlantide-sauna.com\/wp-content\/uploads\/2025\/05\/ash_logo_2025_01.svg","width":1,"height":1,"caption":"ATLANTIDE SAUNA HAMMAM"},"image":{"@id":"https:\/\/atlantide-sauna.com\/it\/#\/schema\/logo\/image\/"},"sameAs":["https:\/\/www.facebook.com\/profile.php?id=100082829877238","https:\/\/x.com\/atlantidesauna"],"description":"Sauna hammam toutes tendances. Un espace de libert\u00e9, de mixit\u00e9 et de tol\u00e9rance. Chez Atlantide Sauna vous trouverez les conditions id\u00e9ales pour vos rencontres libertines.","email":"infos@atlantide-sauna.com","telephone":"0143422243","legalName":"ATLANTIDE SAUNA HAMMAM","foundingDate":"1999-08-09","vatID":"FR39423920370","taxID":"42392037000016","numberOfEmployees":{"@type":"QuantitativeValue","minValue":"1","maxValue":"10"}}]}},"jetpack-related-posts":[{"id":4782,"url":"https:\/\/atlantide-sauna.com\/it\/sauna-hammam\/club-backroom-glory-holes-sling-croix-de-st-andre-parigi\/","url_meta":{"origin":724,"position":0},"title":"Club Backroom Glory Holes Sling Croix de st Andr\u00e9 Parigi","author":"Atlantide Sauna","date":"22 Maggio 2025","format":false,"excerpt":"Club Libertin Backroom Glory Holes Sling Croix de St Andr\u00e9 a Parigi 12 Tolleranza e diversit\u00e0 di orientamenti sessuali sono le caratteristiche dell'Atlantide Sauna, dove puoi organizzare le tue trombamicizie in un'atmosfera rilassata, vicino alla Gare de Lyon, e incontrare persone che ti interessano. Club backroom glory holes sling croix\u2026","rel":"","context":"In &quot;Sauna Hammam&quot;","block_context":{"text":"Sauna Hammam","link":"https:\/\/atlantide-sauna.com\/it\/category\/sauna-hammam-it\/"},"img":{"alt_text":"Sling Backroom Croix de St  Andr\u00e9","src":"https:\/\/i0.wp.com\/atlantide-sauna.com\/wp-content\/uploads\/2025\/06\/ASH_IMG2025_014-1.jpg?fit=1200%2C675&ssl=1&resize=350%2C200","width":350,"height":200,"srcset":"https:\/\/i0.wp.com\/atlantide-sauna.com\/wp-content\/uploads\/2025\/06\/ASH_IMG2025_014-1.jpg?fit=1200%2C675&ssl=1&resize=350%2C200 1x, https:\/\/i0.wp.com\/atlantide-sauna.com\/wp-content\/uploads\/2025\/06\/ASH_IMG2025_014-1.jpg?fit=1200%2C675&ssl=1&resize=525%2C300 1.5x, https:\/\/i0.wp.com\/atlantide-sauna.com\/wp-content\/uploads\/2025\/06\/ASH_IMG2025_014-1.jpg?fit=1200%2C675&ssl=1&resize=700%2C400 2x, https:\/\/i0.wp.com\/atlantide-sauna.com\/wp-content\/uploads\/2025\/06\/ASH_IMG2025_014-1.jpg?fit=1200%2C675&ssl=1&resize=1050%2C600 3x"},"classes":[]},{"id":1120,"url":"https:\/\/atlantide-sauna.com\/it\/sauna-hammam\/atlantide\/","url_meta":{"origin":724,"position":1},"title":"Atlantide Sauna Parigi","author":"Atlantide Sauna","date":"25 Novembre 2014","format":false,"excerpt":"L'Atlantide Sauna \u00e8 un hammam e una sauna mista a Parigi, una mecca del libertinaggio, in uno spirito di tolleranza e rispetto per tutte le sessualit\u00e0. La Sauna L \u201cAtlantide ha fatto tutto il possibile per soddisfare le tue fantasie sessuali pi\u00f9 diverse e per favorire gli incontri tra libertini,\u2026","rel":"","context":"In &quot;Sauna Hammam&quot;","block_context":{"text":"Sauna Hammam","link":"https:\/\/atlantide-sauna.com\/it\/category\/sauna-hammam-it\/"},"img":{"alt_text":"Atlantide Sauna Paris","src":"https:\/\/i0.wp.com\/atlantide-sauna.com\/wp-content\/uploads\/2025\/05\/ASH_IMG2023_03-e1748970792165.jpg?fit=1200%2C675&ssl=1&resize=350%2C200","width":350,"height":200,"srcset":"https:\/\/i0.wp.com\/atlantide-sauna.com\/wp-content\/uploads\/2025\/05\/ASH_IMG2023_03-e1748970792165.jpg?fit=1200%2C675&ssl=1&resize=350%2C200 1x, https:\/\/i0.wp.com\/atlantide-sauna.com\/wp-content\/uploads\/2025\/05\/ASH_IMG2023_03-e1748970792165.jpg?fit=1200%2C675&ssl=1&resize=525%2C300 1.5x, https:\/\/i0.wp.com\/atlantide-sauna.com\/wp-content\/uploads\/2025\/05\/ASH_IMG2023_03-e1748970792165.jpg?fit=1200%2C675&ssl=1&resize=700%2C400 2x, https:\/\/i0.wp.com\/atlantide-sauna.com\/wp-content\/uploads\/2025\/05\/ASH_IMG2023_03-e1748970792165.jpg?fit=1200%2C675&ssl=1&resize=1050%2C600 3x"},"classes":[]},{"id":4796,"url":"https:\/\/atlantide-sauna.com\/it\/sauna-hammam\/tolleranza-ed-etica-al-servizio-dei-libertini\/","url_meta":{"origin":724,"position":2},"title":"Tolleranza ed etica al servizio dei libertini","author":"Atlantide Sauna","date":"22 Maggio 2025","format":false,"excerpt":"Sauna L'Atlantide: tolleranza ed etica al servizio dei libertini All'Atlantide Sauna Paris 12 troverai le condizioni ideali per i tuoi incontri libertini. Nel bar, nell'hammam o nella sauna, goditi il relax in un'atmosfera amichevole e pansessuale. Aree relax private o collettive sono a tua disposizione per dare libero sfogo ai\u2026","rel":"","context":"In &quot;Sauna Hammam&quot;","block_context":{"text":"Sauna Hammam","link":"https:\/\/atlantide-sauna.com\/it\/category\/sauna-hammam-it\/"},"img":{"alt_text":"","src":"https:\/\/i0.wp.com\/atlantide-sauna.com\/wp-content\/uploads\/2021\/11\/ASH_IMG2023_09.jpg?fit=1200%2C675&ssl=1&resize=350%2C200","width":350,"height":200,"srcset":"https:\/\/i0.wp.com\/atlantide-sauna.com\/wp-content\/uploads\/2021\/11\/ASH_IMG2023_09.jpg?fit=1200%2C675&ssl=1&resize=350%2C200 1x, https:\/\/i0.wp.com\/atlantide-sauna.com\/wp-content\/uploads\/2021\/11\/ASH_IMG2023_09.jpg?fit=1200%2C675&ssl=1&resize=525%2C300 1.5x, https:\/\/i0.wp.com\/atlantide-sauna.com\/wp-content\/uploads\/2021\/11\/ASH_IMG2023_09.jpg?fit=1200%2C675&ssl=1&resize=700%2C400 2x, https:\/\/i0.wp.com\/atlantide-sauna.com\/wp-content\/uploads\/2021\/11\/ASH_IMG2023_09.jpg?fit=1200%2C675&ssl=1&resize=1050%2C600 3x"},"classes":[]},{"id":1148,"url":"https:\/\/atlantide-sauna.com\/it\/sauna-hammam\/opinione-sauna-atlantide\/","url_meta":{"origin":724,"position":3},"title":"Opinione sauna atlantide","author":"Atlantide Sauna","date":"22 Maggio 2025","format":false,"excerpt":"La Sauna Atlantide combina il piacere dei tuoi incontri sconci con le sue strutture lussuose e rilassanti, il tutto in un'atmosfera amichevole. Scopri di pi\u00f9 su : Sauna Atlantide L'Atlantide Sauna, a due passi dalla Gare de Lyon, \u00e8 il primo club privato per incontri libertini di ogni tipo a\u2026","rel":"","context":"In &quot;Sauna Hammam&quot;","block_context":{"text":"Sauna Hammam","link":"https:\/\/atlantide-sauna.com\/it\/category\/sauna-hammam-it\/"},"img":{"alt_text":"","src":"","width":0,"height":0},"classes":[]},{"id":520,"url":"https:\/\/atlantide-sauna.com\/it\/faq-informazioni-pratiche\/","url_meta":{"origin":724,"position":4},"title":"Informazioni","author":"Atlantide Sauna","date":"16 Luglio 2022","format":false,"excerpt":"QUALI SONO GLI ORARI DI APERTURA DELLA SAUNA ATLANTIDE? Tutti i giorni dalle 12:00 alle 22:00, comprese le domeniche e i giorni festivi. Possiamo offrire altri orari di apertura in caso di eventi speciali. QUANDO C'\u00c8 PI\u00d9 GENTE ALLA SAUNA ATLANTIDE? Una domanda per Madame Irma e la sua sfera\u2026","rel":"","context":"In &quot;Atlantide-Sauna&quot;","block_context":{"text":"Atlantide-Sauna","link":"https:\/\/atlantide-sauna.com\/it\/category\/atlantide-sauna-it\/"},"img":{"alt_text":"Atlantide Sauna Paris - Informations pratiques","src":"https:\/\/i0.wp.com\/atlantide-sauna.com\/wp-content\/uploads\/2014\/04\/ASH_IMG_0180_675_1200-e1748345108440.jpg?fit=675%2C380&ssl=1&resize=350%2C200","width":350,"height":200,"srcset":"https:\/\/i0.wp.com\/atlantide-sauna.com\/wp-content\/uploads\/2014\/04\/ASH_IMG_0180_675_1200-e1748345108440.jpg?fit=675%2C380&ssl=1&resize=350%2C200 1x, https:\/\/i0.wp.com\/atlantide-sauna.com\/wp-content\/uploads\/2014\/04\/ASH_IMG_0180_675_1200-e1748345108440.jpg?fit=675%2C380&ssl=1&resize=525%2C300 1.5x"},"classes":[]},{"id":665,"url":"https:\/\/atlantide-sauna.com\/it\/informazioni-legali-e-rgpd\/","url_meta":{"origin":724,"position":5},"title":"Informazioni legali e RGPD","author":"Atlantide Sauna","date":"20 Maggio 2020","format":false,"excerpt":"Definizioni Cliente: qualsiasi professionista o persona fisica capace ai sensi degli articoli 1123 e seguenti del Codice Civile francese, o persona giuridica, che visita il Sito oggetto delle presenti Condizioni Generali. Servizi: ATLANTIDE SAUNA fornisce ai suoi clienti : Contenuto: tutti gli elementi che compongono le informazioni sul Sito, in\u2026","rel":"","context":"In &quot;Atlantide-Sauna&quot;","block_context":{"text":"Atlantide-Sauna","link":"https:\/\/atlantide-sauna.com\/it\/category\/atlantide-sauna-it\/"},"img":{"alt_text":"","src":"","width":0,"height":0},"classes":[]}],"jetpack_sharing_enabled":true,"_links":{"self":[{"href":"https:\/\/atlantide-sauna.com\/it\/wp-json\/wp\/v2\/pages\/724","targetHints":{"allow":["GET"]}}],"collection":[{"href":"https:\/\/atlantide-sauna.com\/it\/wp-json\/wp\/v2\/pages"}],"about":[{"href":"https:\/\/atlantide-sauna.com\/it\/wp-json\/wp\/v2\/types\/page"}],"author":[{"embeddable":true,"href":"https:\/\/atlantide-sauna.com\/it\/wp-json\/wp\/v2\/users\/4"}],"replies":[{"embeddable":true,"href":"https:\/\/atlantide-sauna.com\/it\/wp-json\/wp\/v2\/comments?post=724"}],"version-history":[{"count":5,"href":"https:\/\/atlantide-sauna.com\/it\/wp-json\/wp\/v2\/pages\/724\/revisions"}],"predecessor-version":[{"id":8024,"href":"https:\/\/atlantide-sauna.com\/it\/wp-json\/wp\/v2\/pages\/724\/revisions\/8024"}],"wp:featuredmedia":[{"embeddable":true,"href":"https:\/\/atlantide-sauna.com\/it\/wp-json\/wp\/v2\/media\/4441"}],"wp:attachment":[{"href":"https:\/\/atlantide-sauna.com\/it\/wp-json\/wp\/v2\/media?parent=724"}],"curies":[{"name":"wp","href":"https:\/\/api.w.org\/{rel}","templated":true}]}}