{"id":746,"date":"2022-07-16T17:26:02","date_gmt":"2022-07-16T15:26:02","guid":{"rendered":"https:\/\/dev.atlantide-sauna.com\/tariffe-per-il-2025\/"},"modified":"2026-01-28T17:27:53","modified_gmt":"2026-01-28T16:27:53","slug":"tariffe","status":"publish","type":"page","link":"https:\/\/atlantide-sauna.com\/it\/tariffe\/","title":{"rendered":"Tariffe per il 2026"},"content":{"rendered":"&#13;\n<h1 id=\"h-homme\" class=\"wp-block-heading\">UOMINI<\/h1>&#13;\n&#13;\n<figure class=\"wp-block-table uk-table uk-table-striped uk-table-small uk-table-middle\">&#13;\n<table class=\"has-fixed-layout\">&#13;\n<tbody>&#13;\n<tr>&#13;\n<td class=\"has-text-align-center\" data-align=\"center\"><strong>Settimana<\/strong><br\/>Da luned\u00ec a venerd\u00ec<\/td>&#13;\n<td class=\"has-text-align-right\" data-align=\"right\"><span class=\"uk-h3 uk-text-warning uk-text-right\">35\u20ac<\/span><\/td>&#13;\n<\/tr>&#13;\n<tr>&#13;\n<td class=\"has-text-align-center\" data-align=\"center\"><strong>Weekend<\/strong><br\/>Da sabato a domenica<\/td>&#13;\n<td class=\"has-text-align-right\" data-align=\"right\"><span class=\"uk-h3 uk-text-warning uk-text-right\">45\u20ac<\/span><\/td>&#13;\n<\/tr>&#13;\n<\/tbody>&#13;\n<\/table>&#13;\n<\/figure>&#13;\n&#13;\n<p class=\"has-text-align-center\">Acquista i tuoi <strong>biglietti online<\/strong> dal nostro <a class=\"uk-button uk-button-small uk-button-danger\" href=\"https:\/\/atlantide-sauna.com\/billetterie\/\"><strong>BOX BIGLIETTI<\/strong><\/a><\/p>&#13;\n\r\n<div class=\"uk-tile uk-tile-secondary uk-h3 uk-padding-small\">TARIFFE RIDOTTE<br\/><span class=\"uk-h4 uk-text-warning\">SOLO<br\/>dal luned\u00ec al venerd\u00ec<\/span><\/div>\r\n&#13;\n<figure class=\"wp-block-table uk-table uk-table-striped uk-table-small uk-table-middle\">&#13;\n<table class=\"has-fixed-layout\">&#13;\n<tbody>&#13;\n<tr>&#13;\n<td><span class=\"uk-h4\">Giovane<\/span><\/td>&#13;\n<td>Under 22<br\/>o studente<\/td>&#13;\n<td class=\"has-text-align-right\" data-align=\"right\"><span class=\"uk-h5 uk-text-warning uk-text-right\">18\u20ac<\/span><\/td>&#13;\n<\/tr>&#13;\n<tr>&#13;\n<td>\u00a0<\/td>&#13;\n<td>Under 27<br\/>Militare<br\/>Agente di polizia<\/td>&#13;\n<td class=\"has-text-align-right\" data-align=\"right\"><span class=\"uk-h5 uk-text-warning uk-text-right\">28\u20ac<\/span><\/td>&#13;\n<\/tr>&#13;\n<tr>&#13;\n<td><span class=\"uk-h4\">Senior<\/span><\/td>&#13;\n<td>A partire dai 55 anni<\/td>&#13;\n<td class=\"has-text-align-right\" data-align=\"right\"><span class=\"uk-h5 uk-text-warning uk-text-right\">28\u20ac<\/span><\/td>&#13;\n<\/tr>&#13;\n<\/tbody>&#13;\n<\/table>&#13;\n<\/figure>&#13;\n<hr class=\"wp-block-separator has-alpha-channel-opacity\" \/>&#13;\n<figure class=\"wp-block-table uk-table uk-table-striped uk-table-small uk-table-middle\">&#13;\n<table class=\"has-fixed-layout\">&#13;\n<tbody>&#13;\n<tr>&#13;\n<td><span class=\"uk-h4\">Donna  <\/span><\/td>&#13;\n<td>Da luned\u00ec a venerd\u00ec<\/td>&#13;\n<td class=\"has-text-align-right\" data-align=\"right\"><span class=\"uk-h5 uk-text-warning uk-text-right\">15\u20ac<\/span><\/td>&#13;\n<\/tr>&#13;\n<tr>&#13;\n<td><span class=\"uk-h4 uk-text-muted\">Donna<\/span><\/td>&#13;\n<td>Sabato e domenica<\/td>&#13;\n<td class=\"has-text-align-right\" data-align=\"right\"><span class=\"uk-h5 uk-text-warning uk-text-right\">GRATUITO<\/span><\/td>&#13;\n<\/tr>&#13;\n<\/tbody>&#13;\n<\/table>&#13;\n<\/figure>&#13;\n<hr class=\"wp-block-separator has-alpha-channel-opacity\" \/>&#13;\n<figure class=\"wp-block-table uk-table uk-table-striped uk-table-small uk-table-middle\">&#13;\n<table class=\"has-fixed-layout\">&#13;\n<tbody>&#13;\n<tr>&#13;\n<td><span class=\"uk-h4\">Coppia  <\/span><\/td>&#13;\n<td>Uomo + Donna<\/td>&#13;\n<td class=\"has-text-align-right\" data-align=\"right\"><span class=\"uk-h4 uk-text-warning uk-text-right\">45\u20ac<\/span><\/td>&#13;\n<\/tr>&#13;\n<\/tbody>&#13;\n<\/table>&#13;\n<\/figure>&#13;\n<hr class=\"wp-block-separator has-alpha-channel-opacity\" \/>&#13;\n<figure class=\"wp-block-table uk-table uk-table-responsive uk-table-small uk-table-middle uk-light uk-background-primary\">&#13;\n<table class=\"has-fixed-layout\">&#13;\n<tbody>&#13;\n<tr>&#13;\n<td><span class=\"uk-h3\">Pass giornaliero  <\/span><\/td>&#13;\n<td><span class=\"uk-h4\">ingressi\/uscite illimitati<\/span><\/td>&#13;\n<td class=\"has-text-align-right\" data-align=\"right\"><span class=\"uk-h4 uk-text-warning uk-text-right\">5 \u20ac<\/span><\/td>&#13;\n<\/tr>&#13;\n<\/tbody>&#13;\n<\/table>&#13;\n<\/figure>&#13;\n&#13;\n<h2 id=\"h-supplements\" class=\"wp-block-heading\">Integratori<\/h2>&#13;\n&#13;\n<figure class=\"wp-block-table uk-table uk-table-striped uk-table-hover uk-table-small uk-table-middle uk-table-responsive\">&#13;\n<table class=\"has-fixed-layout\">&#13;\n<tbody>&#13;\n<tr>&#13;\n<td>\n<div class=\"el-title uk-h4\">Soda<\/div>\n<\/td>&#13;\n<td>\n<div class=\"el-meta uk-text-lead uk-text-primary\">2\u20ac<\/div>\n<\/td>&#13;\n<\/tr>&#13;\n<tr>&#13;\n<td>\n<div class=\"el-title uk-h4\">Gelato<\/div>\n<\/td>&#13;\n<td>\n<div class=\"el-meta uk-text-lead uk-text-primary\">2\u20ac<\/div>\n<\/td>&#13;\n<\/tr>&#13;\n<tr>&#13;\n<td>\n<div class=\"el-title uk-h4\">T\u00e8 &#8211; Caff\u00e8<\/div>\n<\/td>&#13;\n<td>\n<div class=\"el-meta uk-text-lead uk-text-primary\">1\u20ac<\/div>\n<\/td>&#13;\n<\/tr>&#13;\n<tr>&#13;\n<td>\n<div class=\"el-title uk-h4\">Panzerotti<\/div>\n<\/td>&#13;\n<td>\n<div class=\"el-meta uk-text-lead uk-text-primary\">10\u20ac<\/div>\n<\/td>&#13;\n<\/tr>&#13;\n<tr>&#13;\n<td>\n<div class=\"el-title uk-h4\">Sandali a noleggio<\/div>\n<\/td>&#13;\n<td>\n<div class=\"el-meta uk-text-lead uk-text-primary\">3\u20ac<\/div>\n<\/td>&#13;\n<\/tr>&#13;\n<tr>&#13;\n<td>\n<div class=\"el-title uk-h4\">Asciugamani<\/div>\n<\/td>&#13;\n<td>\n<div class=\"el-meta uk-text-lead uk-text-primary\">A tua disposizione<\/div>\n<\/td>&#13;\n<\/tr>&#13;\n<tr>&#13;\n<td>\n<div class=\"el-title uk-h4\">Preservativi<\/div>\n<\/td>&#13;\n<td>\n<div class=\"el-meta uk-text-lead uk-text-primary\">Disponibile<\/div>\n<\/td>&#13;\n<\/tr>&#13;\n<tr>&#13;\n<td>\n<div class=\"el-title uk-h4\">Gel lubrificante<\/div>\n<\/td>&#13;\n<td>\n<div class=\"el-meta uk-text-lead uk-text-primary\">Gratis<\/div>\n<\/td>&#13;\n<\/tr>&#13;\n<\/tbody>&#13;\n<\/table>&#13;\n<\/figure>&#13;\n&#13;\n<p>\u00a0<\/p>&#13;\n","protected":false},"excerpt":{"rendered":"<p>&#13; UOMINI &#13; &#13; &#13; &#13; &#13; &#13; SettimanaDa luned\u00ec a venerd\u00ec &#13; 35\u20ac &#13; &#13; &#13; WeekendDa sabato a domenica &#13; 45\u20ac &#13; &#13; &#13; &#13; &#13; &#13; Acquista i tuoi biglietti online dal nostro BOX BIGLIETTI &#13; TARIFFE RIDOTTESOLOdal luned\u00ec al venerd\u00ec &#13; &#13; &#13; &#13; &#13; Giovane &#13; Under 22o studente &#13; [&hellip;]<\/p>\n","protected":false},"author":4,"featured_media":0,"parent":0,"menu_order":6,"comment_status":"closed","ping_status":"closed","template":"","meta":{"footnotes":""},"class_list":["post-746","page","type-page","status-publish","hentry"],"yoast_head":"<!-- This site is optimized with the Yoast SEO Premium plugin v27.2 (Yoast SEO v27.2) - https:\/\/yoast.com\/product\/yoast-seo-premium-wordpress\/ -->\n<title>Biglietti d&#039;ingresso: Uomini, Giovani, Anziani e altro - Atlantide Sauna<\/title>\n<meta name=\"description\" content=\"Scopri le nostre interessanti tariffe per uomini, donne e coppie. Approfitta degli sconti disponibili durante la settimana.\" \/>\n<meta name=\"robots\" content=\"index, follow, max-snippet:-1, max-image-preview:large, max-video-preview:-1\" \/>\n<link rel=\"canonical\" href=\"https:\/\/atlantide-sauna.com\/it\/tariffe\/\" \/>\n<meta property=\"og:locale\" content=\"it_IT\" \/>\n<meta property=\"og:type\" content=\"article\" \/>\n<meta property=\"og:title\" content=\"Tariffe per il 2026\" \/>\n<meta property=\"og:description\" content=\"Scopri le nostre interessanti tariffe per uomini, donne e coppie. Approfitta degli sconti disponibili durante la settimana.\" \/>\n<meta property=\"og:url\" content=\"https:\/\/atlantide-sauna.com\/it\/tariffe\/\" \/>\n<meta property=\"og:site_name\" content=\"Atlantide Sauna\" \/>\n<meta property=\"article:publisher\" content=\"https:\/\/www.facebook.com\/profile.php?id=100082829877238\" \/>\n<meta property=\"article:modified_time\" content=\"2026-01-28T16:27:53+00:00\" \/>\n<meta property=\"og:image\" content=\"https:\/\/i0.wp.com\/atlantide-sauna.com\/wp-content\/uploads\/2025\/06\/ASH_IMG2025_000.jpg?fit=1440%2C810&ssl=1\" \/>\n\t<meta property=\"og:image:width\" content=\"1440\" \/>\n\t<meta property=\"og:image:height\" content=\"810\" \/>\n\t<meta property=\"og:image:type\" content=\"image\/jpeg\" \/>\n<meta name=\"twitter:card\" content=\"summary_large_image\" \/>\n<meta name=\"twitter:site\" content=\"@atlantidesauna\" \/>\n<script type=\"application\/ld+json\" class=\"yoast-schema-graph\">{\"@context\":\"https:\/\/schema.org\",\"@graph\":[{\"@type\":\"WebPage\",\"@id\":\"https:\/\/atlantide-sauna.com\/it\/tariffe\/\",\"url\":\"https:\/\/atlantide-sauna.com\/it\/tariffe\/\",\"name\":\"Biglietti d'ingresso: Uomini, Giovani, Anziani e altro - Atlantide Sauna\",\"isPartOf\":{\"@id\":\"https:\/\/atlantide-sauna.com\/it\/#website\"},\"datePublished\":\"2022-07-16T15:26:02+00:00\",\"dateModified\":\"2026-01-28T16:27:53+00:00\",\"description\":\"Scopri le nostre interessanti tariffe per uomini, donne e coppie. Approfitta degli sconti disponibili durante la settimana.\",\"breadcrumb\":{\"@id\":\"https:\/\/atlantide-sauna.com\/it\/tariffe\/#breadcrumb\"},\"inLanguage\":\"it-IT\",\"potentialAction\":[{\"@type\":\"ReadAction\",\"target\":[\"https:\/\/atlantide-sauna.com\/it\/tariffe\/\"]}]},{\"@type\":\"BreadcrumbList\",\"@id\":\"https:\/\/atlantide-sauna.com\/it\/tariffe\/#breadcrumb\",\"itemListElement\":[{\"@type\":\"ListItem\",\"position\":1,\"name\":\"Accueil\",\"item\":\"https:\/\/atlantide-sauna.com\/it\/casa\/\"},{\"@type\":\"ListItem\",\"position\":2,\"name\":\"Tariffe per il 2026\"}]},{\"@type\":\"WebSite\",\"@id\":\"https:\/\/atlantide-sauna.com\/it\/#website\",\"url\":\"https:\/\/atlantide-sauna.com\/it\/\",\"name\":\"Atlantide Sauna\",\"description\":\"Sauna Toutes Tendances Gay Bi Tr**\",\"publisher\":{\"@id\":\"https:\/\/atlantide-sauna.com\/it\/#organization\"},\"alternateName\":\"Club libertin Atlantide Sauna Paris\",\"potentialAction\":[{\"@type\":\"SearchAction\",\"target\":{\"@type\":\"EntryPoint\",\"urlTemplate\":\"https:\/\/atlantide-sauna.com\/it\/?s={search_term_string}\"},\"query-input\":{\"@type\":\"PropertyValueSpecification\",\"valueRequired\":true,\"valueName\":\"search_term_string\"}}],\"inLanguage\":\"it-IT\"},{\"@type\":\"Organization\",\"@id\":\"https:\/\/atlantide-sauna.com\/it\/#organization\",\"name\":\"ATLANTIDE SAUNA HAMMAM\",\"alternateName\":\"ATLANTIDE SAUNA HAMMAM\",\"url\":\"https:\/\/atlantide-sauna.com\/it\/\",\"logo\":{\"@type\":\"ImageObject\",\"inLanguage\":\"it-IT\",\"@id\":\"https:\/\/atlantide-sauna.com\/it\/#\/schema\/logo\/image\/\",\"url\":\"https:\/\/atlantide-sauna.com\/wp-content\/uploads\/2025\/05\/ash_logo_2025_01.svg\",\"contentUrl\":\"https:\/\/atlantide-sauna.com\/wp-content\/uploads\/2025\/05\/ash_logo_2025_01.svg\",\"width\":1,\"height\":1,\"caption\":\"ATLANTIDE SAUNA HAMMAM\"},\"image\":{\"@id\":\"https:\/\/atlantide-sauna.com\/it\/#\/schema\/logo\/image\/\"},\"sameAs\":[\"https:\/\/www.facebook.com\/profile.php?id=100082829877238\",\"https:\/\/x.com\/atlantidesauna\"],\"description\":\"Sauna hammam toutes tendances. Un espace de libert\u00e9, de mixit\u00e9 et de tol\u00e9rance. Chez Atlantide Sauna vous trouverez les conditions id\u00e9ales pour vos rencontres libertines.\",\"email\":\"infos@atlantide-sauna.com\",\"telephone\":\"0143422243\",\"legalName\":\"ATLANTIDE SAUNA HAMMAM\",\"foundingDate\":\"1999-08-09\",\"vatID\":\"FR39423920370\",\"taxID\":\"42392037000016\",\"numberOfEmployees\":{\"@type\":\"QuantitativeValue\",\"minValue\":\"1\",\"maxValue\":\"10\"}}]}<\/script>\n<!-- \/ Yoast SEO Premium plugin. -->","yoast_head_json":{"title":"Biglietti d'ingresso: Uomini, Giovani, Anziani e altro - Atlantide Sauna","description":"Scopri le nostre interessanti tariffe per uomini, donne e coppie. Approfitta degli sconti disponibili durante la settimana.","robots":{"index":"index","follow":"follow","max-snippet":"max-snippet:-1","max-image-preview":"max-image-preview:large","max-video-preview":"max-video-preview:-1"},"canonical":"https:\/\/atlantide-sauna.com\/it\/tariffe\/","og_locale":"it_IT","og_type":"article","og_title":"Tariffe per il 2026","og_description":"Scopri le nostre interessanti tariffe per uomini, donne e coppie. Approfitta degli sconti disponibili durante la settimana.","og_url":"https:\/\/atlantide-sauna.com\/it\/tariffe\/","og_site_name":"Atlantide Sauna","article_publisher":"https:\/\/www.facebook.com\/profile.php?id=100082829877238","article_modified_time":"2026-01-28T16:27:53+00:00","og_image":[{"width":1440,"height":810,"url":"https:\/\/i0.wp.com\/atlantide-sauna.com\/wp-content\/uploads\/2025\/06\/ASH_IMG2025_000.jpg?fit=1440%2C810&ssl=1","type":"image\/jpeg"}],"twitter_card":"summary_large_image","twitter_site":"@atlantidesauna","schema":{"@context":"https:\/\/schema.org","@graph":[{"@type":"WebPage","@id":"https:\/\/atlantide-sauna.com\/it\/tariffe\/","url":"https:\/\/atlantide-sauna.com\/it\/tariffe\/","name":"Biglietti d'ingresso: Uomini, Giovani, Anziani e altro - Atlantide Sauna","isPartOf":{"@id":"https:\/\/atlantide-sauna.com\/it\/#website"},"datePublished":"2022-07-16T15:26:02+00:00","dateModified":"2026-01-28T16:27:53+00:00","description":"Scopri le nostre interessanti tariffe per uomini, donne e coppie. Approfitta degli sconti disponibili durante la settimana.","breadcrumb":{"@id":"https:\/\/atlantide-sauna.com\/it\/tariffe\/#breadcrumb"},"inLanguage":"it-IT","potentialAction":[{"@type":"ReadAction","target":["https:\/\/atlantide-sauna.com\/it\/tariffe\/"]}]},{"@type":"BreadcrumbList","@id":"https:\/\/atlantide-sauna.com\/it\/tariffe\/#breadcrumb","itemListElement":[{"@type":"ListItem","position":1,"name":"Accueil","item":"https:\/\/atlantide-sauna.com\/it\/casa\/"},{"@type":"ListItem","position":2,"name":"Tariffe per il 2026"}]},{"@type":"WebSite","@id":"https:\/\/atlantide-sauna.com\/it\/#website","url":"https:\/\/atlantide-sauna.com\/it\/","name":"Atlantide Sauna","description":"Sauna Toutes Tendances Gay Bi Tr**","publisher":{"@id":"https:\/\/atlantide-sauna.com\/it\/#organization"},"alternateName":"Club libertin Atlantide Sauna Paris","potentialAction":[{"@type":"SearchAction","target":{"@type":"EntryPoint","urlTemplate":"https:\/\/atlantide-sauna.com\/it\/?s={search_term_string}"},"query-input":{"@type":"PropertyValueSpecification","valueRequired":true,"valueName":"search_term_string"}}],"inLanguage":"it-IT"},{"@type":"Organization","@id":"https:\/\/atlantide-sauna.com\/it\/#organization","name":"ATLANTIDE SAUNA HAMMAM","alternateName":"ATLANTIDE SAUNA HAMMAM","url":"https:\/\/atlantide-sauna.com\/it\/","logo":{"@type":"ImageObject","inLanguage":"it-IT","@id":"https:\/\/atlantide-sauna.com\/it\/#\/schema\/logo\/image\/","url":"https:\/\/atlantide-sauna.com\/wp-content\/uploads\/2025\/05\/ash_logo_2025_01.svg","contentUrl":"https:\/\/atlantide-sauna.com\/wp-content\/uploads\/2025\/05\/ash_logo_2025_01.svg","width":1,"height":1,"caption":"ATLANTIDE SAUNA HAMMAM"},"image":{"@id":"https:\/\/atlantide-sauna.com\/it\/#\/schema\/logo\/image\/"},"sameAs":["https:\/\/www.facebook.com\/profile.php?id=100082829877238","https:\/\/x.com\/atlantidesauna"],"description":"Sauna hammam toutes tendances. Un espace de libert\u00e9, de mixit\u00e9 et de tol\u00e9rance. Chez Atlantide Sauna vous trouverez les conditions id\u00e9ales pour vos rencontres libertines.","email":"infos@atlantide-sauna.com","telephone":"0143422243","legalName":"ATLANTIDE SAUNA HAMMAM","foundingDate":"1999-08-09","vatID":"FR39423920370","taxID":"42392037000016","numberOfEmployees":{"@type":"QuantitativeValue","minValue":"1","maxValue":"10"}}]}},"jetpack-related-posts":[{"id":7781,"url":"https:\/\/atlantide-sauna.com\/it\/tariffe-per-il-2026\/","url_meta":{"origin":746,"position":0},"title":"Tariffe per il 2026","author":"Atlantide Sauna","date":"1 Gennaio 2026","format":false,"excerpt":"Tariffe per il 2026","rel":"","context":"Articolo simile","block_context":{"text":"Articolo simile","link":""},"img":{"alt_text":"","src":"","width":0,"height":0},"classes":[]},{"id":520,"url":"https:\/\/atlantide-sauna.com\/it\/faq-informazioni-pratiche\/","url_meta":{"origin":746,"position":1},"title":"Informazioni","author":"Atlantide Sauna","date":"16 Luglio 2022","format":false,"excerpt":"QUALI SONO GLI ORARI DI APERTURA DELLA SAUNA ATLANTIDE? Tutti i giorni dalle 12:00 alle 22:00, comprese le domeniche e i giorni festivi. Possiamo offrire altri orari di apertura in caso di eventi speciali. QUANDO C'\u00c8 PI\u00d9 GENTE ALLA SAUNA ATLANTIDE? Una domanda per Madame Irma e la sua sfera\u2026","rel":"","context":"In &quot;Atlantide-Sauna&quot;","block_context":{"text":"Atlantide-Sauna","link":"https:\/\/atlantide-sauna.com\/it\/category\/atlantide-sauna-it\/"},"img":{"alt_text":"Atlantide Sauna Paris - Informations pratiques","src":"https:\/\/i0.wp.com\/atlantide-sauna.com\/wp-content\/uploads\/2014\/04\/ASH_IMG_0180_675_1200-e1748345108440.jpg?fit=675%2C380&ssl=1&resize=350%2C200","width":350,"height":200,"srcset":"https:\/\/i0.wp.com\/atlantide-sauna.com\/wp-content\/uploads\/2014\/04\/ASH_IMG_0180_675_1200-e1748345108440.jpg?fit=675%2C380&ssl=1&resize=350%2C200 1x, https:\/\/i0.wp.com\/atlantide-sauna.com\/wp-content\/uploads\/2014\/04\/ASH_IMG_0180_675_1200-e1748345108440.jpg?fit=675%2C380&ssl=1&resize=525%2C300 1.5x"},"classes":[]},{"id":744,"url":"https:\/\/atlantide-sauna.com\/es\/tarifas-para-2025\/","url_meta":{"origin":746,"position":2},"title":"Tarifas para 2026","author":"Atlantide Sauna","date":"16 Luglio 2022","format":false,"excerpt":"\r HOMBRE\r \r \r \r \r \r SemanaDe lunes a viernes\r 35\u20ac\r \r \r Fin de semanaDe s\u00e1bado a domingo\r 45\u20ac\r \r \r \r \r \r Compra tus entradas en l\u00ednea en nuestra TAQUILLA\r TARIFAS REDUCIDASSOLODe lunes a viernes \r \r \r \r \r Joven\r Menores de 22 a\u00f1oso Estudiante\r\u2026","rel":"","context":"In &quot;Atl\u00e1ntida-Sauna&quot;","block_context":{"text":"Atl\u00e1ntida-Sauna","link":"https:\/\/atlantide-sauna.com\/es\/category\/atlantida-sauna\/"},"img":{"alt_text":"","src":"","width":0,"height":0},"classes":[]},{"id":89,"url":"https:\/\/atlantide-sauna.com\/tarifs\/","url_meta":{"origin":746,"position":3},"title":"Tarifs 2026","author":"Atlantide Sauna","date":"16 Luglio 2022","format":false,"excerpt":"HOMME SemaineLundi au Vendredi 35\u20ac Week-EndSamedi au Dimanche 45\u20ac Achetez vos tickets d'entr\u00e9e en ligne depuis notre BILLETTERIE TARIFS REDUITSUNIQUEMENTdu Lundi au Vendredi Jeune Moins de 22 ansou Etudiant 18\u20ac \u00a0 Moins de 27 ansMilitairePolicier 28\u20ac Senior A partir de 55 ans 28\u20ac Femme du Lundi au Vendredi 15\u20ac Femme\u2026","rel":"","context":"In &quot;Atlantide-Sauna&quot;","block_context":{"text":"Atlantide-Sauna","link":"https:\/\/atlantide-sauna.com\/category\/atlantide-sauna\/"},"img":{"alt_text":"","src":"","width":0,"height":0},"classes":[]},{"id":4873,"url":"https:\/\/atlantide-sauna.com\/it\/sauna-hammam\/club-per-bisessuali-e-travestiti-a-parigi-vicino-alla-gare-de-lyon\/","url_meta":{"origin":746,"position":4},"title":"Club per bisessuali e travestiti a Parigi vicino alla Gare de Lyon","author":"Atlantide Sauna","date":"22 Maggio 2025","format":false,"excerpt":"Club per bisessuali e travestiti a Parigi 12 La Sauna Atlantide \u00e8 unica per essere un bagno turco libertino nel cuore di Parigi. La nostra sauna libertina a Parigi Gare de Lyon accoglie coppie e amanti degli incontri con travestiti e transessuali, eterosessuali curiosi o gay. Offriamo uno staff accogliente\u2026","rel":"","context":"In &quot;Sauna Hammam&quot;","block_context":{"text":"Sauna Hammam","link":"https:\/\/atlantide-sauna.com\/it\/category\/sauna-hammam-it\/"},"img":{"alt_text":"","src":"","width":0,"height":0},"classes":[]},{"id":4855,"url":"https:\/\/atlantide-sauna.com\/it\/sauna-hammam\/recensioni-del-club-libertine\/","url_meta":{"origin":746,"position":5},"title":"Recensioni del club Libertine","author":"Atlantide Sauna","date":"22 Maggio 2025","format":false,"excerpt":"All'Atlantide Sauna, al 13 di rue Parrot, vicino alla Gare de Lyon, tutto \u00e8 fatto per favorire i tuoi incontri libertini e le tue telefonate. Sono disponibili aree relax private o di gruppo, senza dimenticare la nostra sauna di alta gamma o il bagno turco piastrellato e profumato. Per facilitare\u2026","rel":"","context":"In &quot;Sauna Hammam&quot;","block_context":{"text":"Sauna Hammam","link":"https:\/\/atlantide-sauna.com\/it\/category\/sauna-hammam-it\/"},"img":{"alt_text":"","src":"","width":0,"height":0},"classes":[]}],"jetpack_sharing_enabled":true,"_links":{"self":[{"href":"https:\/\/atlantide-sauna.com\/it\/wp-json\/wp\/v2\/pages\/746","targetHints":{"allow":["GET"]}}],"collection":[{"href":"https:\/\/atlantide-sauna.com\/it\/wp-json\/wp\/v2\/pages"}],"about":[{"href":"https:\/\/atlantide-sauna.com\/it\/wp-json\/wp\/v2\/types\/page"}],"author":[{"embeddable":true,"href":"https:\/\/atlantide-sauna.com\/it\/wp-json\/wp\/v2\/users\/4"}],"replies":[{"embeddable":true,"href":"https:\/\/atlantide-sauna.com\/it\/wp-json\/wp\/v2\/comments?post=746"}],"version-history":[{"count":5,"href":"https:\/\/atlantide-sauna.com\/it\/wp-json\/wp\/v2\/pages\/746\/revisions"}],"predecessor-version":[{"id":8014,"href":"https:\/\/atlantide-sauna.com\/it\/wp-json\/wp\/v2\/pages\/746\/revisions\/8014"}],"wp:attachment":[{"href":"https:\/\/atlantide-sauna.com\/it\/wp-json\/wp\/v2\/media?parent=746"}],"curies":[{"name":"wp","href":"https:\/\/api.w.org\/{rel}","templated":true}]}}