{"id":8564,"date":"2026-05-02T06:30:08","date_gmt":"2026-05-02T04:30:08","guid":{"rendered":"https:\/\/atlantide-sauna.com\/billetterie\/saldi-della-settimana-della-donna-50\/"},"modified":"2026-05-02T06:37:40","modified_gmt":"2026-05-02T04:37:40","slug":"saldi-della-settimana-della-donna-50","status":"publish","type":"product","link":"https:\/\/atlantide-sauna.com\/it\/billetterie\/saldi-della-settimana-della-donna-50\/","title":{"rendered":"Saldi della Settimana della Donna 50%"},"content":{"rendered":"<p>Valido per una donna o per chi <span style=\"text-decoration: underline;\">\u00e8 vestito da donna all&#8217;arrivo<\/span>. Tariffe valide dal luned\u00ec al venerd\u00ec.<br \/>\n<strong>OFFERTA PROMOZIONALE 1=2 fino al 31 maggio 2026<\/strong><\/p>\n<p><!--more--><\/p>\n<p class=\"whitespace-break-spaces\" dir=\"auto\"><strong>Promo Elegante Biglietto 1=2<br \/>\n<\/strong><em>Per donne o persone vestite da donne<\/em><\/p>\n<p class=\"whitespace-break-spaces\" dir=\"auto\"><span class=\"followup-block followup-block-hidden cursor-pointer outline-none static inline group-hover\/message:[--hover-opacity:1]\" tabindex=\"0\" data-question=\"Quels types d\u2019am\u00e9nagements ou d\u2019activit\u00e9s sp\u00e9cifiques sont propos\u00e9s pour favoriser la d\u00e9tente dans cet espace ?\" aria-haspopup=\"dialog\" aria-expanded=\"false\" aria-controls=\"radix-_r_8r_\" data-state=\"closed\">Scopri un luogo dove rilassarti e divertirti<\/span>, pensato appositamente per il tuo benessere.<\/p>\n<p class=\"whitespace-break-spaces\" dir=\"auto\"><strong>Incluso:<\/strong> \u2705 Accesso illimitato alla sauna e all&#8217;hammam \u2705 <span class=\"followup-block followup-block-hidden cursor-pointer outline-none static inline group-hover\/message:[--hover-opacity:1]\" tabindex=\"0\" data-question=\"Quels genres de vid\u00e9os ou th\u00e8mes sont diffus\u00e9s pour cr\u00e9er cette ambiance immersive ?\" aria-haspopup=\"dialog\" aria-expanded=\"false\" aria-controls=\"radix-_r_8s_\" data-state=\"closed\">Atmosfera immersiva con video ambientali<\/span> proiettati su grandi schermi<\/p>\n<p class=\"whitespace-break-spaces\" dir=\"auto\"><strong>Orari di apertura:<\/strong> \ud83d\udcc5 <strong>dal luned\u00ec al venerd\u00ec<\/strong> \u23f0 <strong>dalle 12.00 alle 22.00<\/strong><\/p>\n<p class=\"whitespace-break-spaces\" dir=\"auto\"><strong>Validit\u00e0:<\/strong> \u23f3 <span style=\"color: #ff0000;\"><strong>8 giorni dalla data di acquisto<\/strong><\/span><\/p>\n<hr>\n<p class=\"whitespace-break-spaces\" dir=\"auto\"><strong>Condizioni:<\/strong><\/p>\n<ul>\n<li>Riservato alle donne o a persone vestite da donna all&#8217;arrivo.<\/li>\n<li>Valido solo nei giorni feriali (esclusi i giorni festivi).<\/li>\n<li>Non \u00e8 consentito consumare cibo (ad eccezione degli acquisti al bar).<\/li>\n<li><strong>Telefono in modalit\u00e0 aereo<\/strong> per garantire la privacy di tutti (tranne che al bar per i pagamenti).<\/li>\n<\/ul>\n<hr>\n<p class=\"whitespace-break-spaces\" dir=\"auto\"><em><span class=\"followup-block followup-block-hidden cursor-pointer outline-none static inline group-hover\/message:[--hover-opacity:1]\" tabindex=\"0\" data-question=\"Comment l\u2019\u00e9l\u00e9gance est-elle int\u00e9gr\u00e9e dans l\u2019am\u00e9nagement ou le service de cet espace ?\" aria-haspopup=\"dialog\" aria-expanded=\"false\" aria-controls=\"radix-_r_8t_\" data-state=\"closed\">Un luogo dove si incontrano rispetto, relax ed eleganza<\/span>.<\/em><\/p>\n","protected":false},"excerpt":{"rendered":"<p>Valido per una donna o per chi \u00e8 vestito da donna all&#8217;arrivo. Tariffe valide dal luned\u00ec al venerd\u00ec. OFFERTA PROMOZIONALE 1=2 fino al 31 maggio 2026<\/p>\n","protected":false},"author":4,"featured_media":7594,"template":"","meta":{"jetpack_publicize_message":"","jetpack_publicize_feature_enabled":true,"jetpack_social_post_already_shared":true,"jetpack_social_options":{"image_generator_settings":{"template":"highway","default_image_id":0,"font":"","enabled":false},"version":2}},"product_brand":[],"product_cat":[390],"product_tag":[366,343],"class_list":{"0":"post-8564","1":"product","2":"type-product","3":"status-publish","4":"has-post-thumbnail","6":"product_cat-vendita-50","7":"product_tag-donna","8":"product_tag-settimana","10":"first","11":"instock","12":"featured","13":"virtual","14":"taxable","15":"purchasable","16":"product-type-simple"},"yoast_head":"<!-- This site is optimized with the Yoast SEO Premium plugin v27.5 (Yoast SEO v27.5) - https:\/\/yoast.com\/product\/yoast-seo-premium-wordpress\/ -->\n<title>Biglietto d&#039;ingresso per le donne - Pratico e facilmente accessibile - Atlantide Sauna<\/title>\n<meta name=\"description\" content=\"Prenota il tuo biglietto per le donne e vieni a divertirti. Questa tariffa speciale \u00e8 disponibile dal luned\u00ec al gioved\u00ec, quindi non aspettare oltre!\" \/>\n<meta name=\"robots\" content=\"index, follow, max-snippet:-1, max-image-preview:large, max-video-preview:-1\" \/>\n<link rel=\"canonical\" href=\"https:\/\/atlantide-sauna.com\/it\/billetterie\/saldi-della-settimana-della-donna-50\/\" \/>\n<meta property=\"og:locale\" content=\"it_IT\" \/>\n<meta property=\"og:type\" content=\"article\" \/>\n<meta property=\"og:title\" content=\"Saldi della Settimana della Donna 50%\" \/>\n<meta property=\"og:description\" content=\"Prenota il tuo biglietto per le donne e vieni a divertirti. Questa tariffa speciale \u00e8 disponibile dal luned\u00ec al gioved\u00ec, quindi non aspettare oltre!\" \/>\n<meta property=\"og:url\" content=\"https:\/\/atlantide-sauna.com\/it\/billetterie\/saldi-della-settimana-della-donna-50\/\" \/>\n<meta property=\"og:site_name\" content=\"Atlantide Sauna\" \/>\n<meta property=\"article:publisher\" content=\"https:\/\/www.facebook.com\/profile.php?id=100082829877238\" \/>\n<meta property=\"article:modified_time\" content=\"2026-05-02T04:37:40+00:00\" \/>\n<meta property=\"og:image\" content=\"https:\/\/i0.wp.com\/atlantide-sauna.com\/wp-content\/uploads\/2025\/06\/ASH_IMG2025_000.jpg?fit=1440%2C810&ssl=1\" \/>\n\t<meta property=\"og:image:width\" content=\"1440\" \/>\n\t<meta property=\"og:image:height\" content=\"810\" \/>\n\t<meta property=\"og:image:type\" content=\"image\/jpeg\" \/>\n<meta name=\"twitter:card\" content=\"summary_large_image\" \/>\n<meta name=\"twitter:site\" content=\"@atlantidesauna\" \/>\n<meta name=\"twitter:label1\" content=\"Tempo di lettura stimato\" \/>\n\t<meta name=\"twitter:data1\" content=\"1 minuto\" \/>\n<script type=\"application\/ld+json\" class=\"yoast-schema-graph\">{\"@context\":\"https:\\\/\\\/schema.org\",\"@graph\":[{\"@type\":\"WebPage\",\"@id\":\"https:\\\/\\\/atlantide-sauna.com\\\/it\\\/billetterie\\\/saldi-della-settimana-della-donna-50\\\/\",\"url\":\"https:\\\/\\\/atlantide-sauna.com\\\/it\\\/billetterie\\\/saldi-della-settimana-della-donna-50\\\/\",\"name\":\"Biglietto d'ingresso per le donne - Pratico e facilmente accessibile - Atlantide Sauna\",\"isPartOf\":{\"@id\":\"https:\\\/\\\/atlantide-sauna.com\\\/it\\\/#website\"},\"primaryImageOfPage\":{\"@id\":\"https:\\\/\\\/atlantide-sauna.com\\\/it\\\/billetterie\\\/saldi-della-settimana-della-donna-50\\\/#primaryimage\"},\"image\":{\"@id\":\"https:\\\/\\\/atlantide-sauna.com\\\/it\\\/billetterie\\\/saldi-della-settimana-della-donna-50\\\/#primaryimage\"},\"thumbnailUrl\":\"https:\\\/\\\/atlantide-sauna.com\\\/wp-content\\\/uploads\\\/2026\\\/01\\\/ASH-TICKETS_2026_FEMME.svg\",\"datePublished\":\"2026-05-02T04:30:08+00:00\",\"dateModified\":\"2026-05-02T04:37:40+00:00\",\"description\":\"Prenota il tuo biglietto per le donne e vieni a divertirti. Questa tariffa speciale \u00e8 disponibile dal luned\u00ec al gioved\u00ec, quindi non aspettare oltre!\",\"breadcrumb\":{\"@id\":\"https:\\\/\\\/atlantide-sauna.com\\\/it\\\/billetterie\\\/saldi-della-settimana-della-donna-50\\\/#breadcrumb\"},\"inLanguage\":\"it-IT\",\"potentialAction\":[{\"@type\":\"ReadAction\",\"target\":[\"https:\\\/\\\/atlantide-sauna.com\\\/it\\\/billetterie\\\/saldi-della-settimana-della-donna-50\\\/\"]}]},{\"@type\":\"ImageObject\",\"inLanguage\":\"it-IT\",\"@id\":\"https:\\\/\\\/atlantide-sauna.com\\\/it\\\/billetterie\\\/saldi-della-settimana-della-donna-50\\\/#primaryimage\",\"url\":\"https:\\\/\\\/atlantide-sauna.com\\\/wp-content\\\/uploads\\\/2026\\\/01\\\/ASH-TICKETS_2026_FEMME.svg\",\"contentUrl\":\"https:\\\/\\\/atlantide-sauna.com\\\/wp-content\\\/uploads\\\/2026\\\/01\\\/ASH-TICKETS_2026_FEMME.svg\",\"width\":800,\"height\":800,\"caption\":\"Solo donne - Atlantide Sauna Paris\"},{\"@type\":\"BreadcrumbList\",\"@id\":\"https:\\\/\\\/atlantide-sauna.com\\\/it\\\/billetterie\\\/saldi-della-settimana-della-donna-50\\\/#breadcrumb\",\"itemListElement\":[{\"@type\":\"ListItem\",\"position\":1,\"name\":\"Accueil\",\"item\":\"https:\\\/\\\/atlantide-sauna.com\\\/it\\\/casa\\\/\"},{\"@type\":\"ListItem\",\"position\":2,\"name\":\"Boutique\",\"item\":\"https:\\\/\\\/atlantide-sauna.com\\\/boutique\\\/\"},{\"@type\":\"ListItem\",\"position\":3,\"name\":\"Saldi della Settimana della Donna 50%\"}]},{\"@type\":\"WebSite\",\"@id\":\"https:\\\/\\\/atlantide-sauna.com\\\/it\\\/#website\",\"url\":\"https:\\\/\\\/atlantide-sauna.com\\\/it\\\/\",\"name\":\"Atlantide Sauna\",\"description\":\"Sauna Toutes Tendances Gay Bi Tr**\",\"publisher\":{\"@id\":\"https:\\\/\\\/atlantide-sauna.com\\\/it\\\/#organization\"},\"alternateName\":\"Club libertin Atlantide Sauna Paris\",\"potentialAction\":[{\"@type\":\"SearchAction\",\"target\":{\"@type\":\"EntryPoint\",\"urlTemplate\":\"https:\\\/\\\/atlantide-sauna.com\\\/it\\\/?s={search_term_string}\"},\"query-input\":{\"@type\":\"PropertyValueSpecification\",\"valueRequired\":true,\"valueName\":\"search_term_string\"}}],\"inLanguage\":\"it-IT\"},{\"@type\":\"Organization\",\"@id\":\"https:\\\/\\\/atlantide-sauna.com\\\/it\\\/#organization\",\"name\":\"ATLANTIDE SAUNA HAMMAM\",\"alternateName\":\"ATLANTIDE SAUNA HAMMAM\",\"url\":\"https:\\\/\\\/atlantide-sauna.com\\\/it\\\/\",\"logo\":{\"@type\":\"ImageObject\",\"inLanguage\":\"it-IT\",\"@id\":\"https:\\\/\\\/atlantide-sauna.com\\\/it\\\/#\\\/schema\\\/logo\\\/image\\\/\",\"url\":\"https:\\\/\\\/atlantide-sauna.com\\\/wp-content\\\/uploads\\\/2025\\\/05\\\/ash_logo_2025_01.svg\",\"contentUrl\":\"https:\\\/\\\/atlantide-sauna.com\\\/wp-content\\\/uploads\\\/2025\\\/05\\\/ash_logo_2025_01.svg\",\"width\":1,\"height\":1,\"caption\":\"ATLANTIDE SAUNA HAMMAM\"},\"image\":{\"@id\":\"https:\\\/\\\/atlantide-sauna.com\\\/it\\\/#\\\/schema\\\/logo\\\/image\\\/\"},\"sameAs\":[\"https:\\\/\\\/www.facebook.com\\\/profile.php?id=100082829877238\",\"https:\\\/\\\/x.com\\\/atlantidesauna\"],\"description\":\"Sauna hammam toutes tendances. Un espace de libert\u00e9, de mixit\u00e9 et de tol\u00e9rance. Chez Atlantide Sauna vous trouverez les conditions id\u00e9ales pour vos rencontres libertines.\",\"email\":\"infos@atlantide-sauna.com\",\"telephone\":\"0143422243\",\"legalName\":\"ATLANTIDE SAUNA HAMMAM\",\"foundingDate\":\"1999-08-09\",\"vatID\":\"FR39423920370\",\"taxID\":\"42392037000016\",\"numberOfEmployees\":{\"@type\":\"QuantitativeValue\",\"minValue\":\"1\",\"maxValue\":\"10\"}}]}<\/script>\n<!-- \/ Yoast SEO Premium plugin. -->","yoast_head_json":{"title":"Biglietto d'ingresso per le donne - Pratico e facilmente accessibile - Atlantide Sauna","description":"Prenota il tuo biglietto per le donne e vieni a divertirti. Questa tariffa speciale \u00e8 disponibile dal luned\u00ec al gioved\u00ec, quindi non aspettare oltre!","robots":{"index":"index","follow":"follow","max-snippet":"max-snippet:-1","max-image-preview":"max-image-preview:large","max-video-preview":"max-video-preview:-1"},"canonical":"https:\/\/atlantide-sauna.com\/it\/billetterie\/saldi-della-settimana-della-donna-50\/","og_locale":"it_IT","og_type":"article","og_title":"Saldi della Settimana della Donna 50%","og_description":"Prenota il tuo biglietto per le donne e vieni a divertirti. Questa tariffa speciale \u00e8 disponibile dal luned\u00ec al gioved\u00ec, quindi non aspettare oltre!","og_url":"https:\/\/atlantide-sauna.com\/it\/billetterie\/saldi-della-settimana-della-donna-50\/","og_site_name":"Atlantide Sauna","article_publisher":"https:\/\/www.facebook.com\/profile.php?id=100082829877238","article_modified_time":"2026-05-02T04:37:40+00:00","og_image":[{"width":1440,"height":810,"url":"https:\/\/i0.wp.com\/atlantide-sauna.com\/wp-content\/uploads\/2025\/06\/ASH_IMG2025_000.jpg?fit=1440%2C810&ssl=1","type":"image\/jpeg"}],"twitter_card":"summary_large_image","twitter_site":"@atlantidesauna","twitter_misc":{"Tempo di lettura stimato":"1 minuto"},"schema":{"@context":"https:\/\/schema.org","@graph":[{"@type":"WebPage","@id":"https:\/\/atlantide-sauna.com\/it\/billetterie\/saldi-della-settimana-della-donna-50\/","url":"https:\/\/atlantide-sauna.com\/it\/billetterie\/saldi-della-settimana-della-donna-50\/","name":"Biglietto d'ingresso per le donne - Pratico e facilmente accessibile - Atlantide Sauna","isPartOf":{"@id":"https:\/\/atlantide-sauna.com\/it\/#website"},"primaryImageOfPage":{"@id":"https:\/\/atlantide-sauna.com\/it\/billetterie\/saldi-della-settimana-della-donna-50\/#primaryimage"},"image":{"@id":"https:\/\/atlantide-sauna.com\/it\/billetterie\/saldi-della-settimana-della-donna-50\/#primaryimage"},"thumbnailUrl":"https:\/\/atlantide-sauna.com\/wp-content\/uploads\/2026\/01\/ASH-TICKETS_2026_FEMME.svg","datePublished":"2026-05-02T04:30:08+00:00","dateModified":"2026-05-02T04:37:40+00:00","description":"Prenota il tuo biglietto per le donne e vieni a divertirti. Questa tariffa speciale \u00e8 disponibile dal luned\u00ec al gioved\u00ec, quindi non aspettare oltre!","breadcrumb":{"@id":"https:\/\/atlantide-sauna.com\/it\/billetterie\/saldi-della-settimana-della-donna-50\/#breadcrumb"},"inLanguage":"it-IT","potentialAction":[{"@type":"ReadAction","target":["https:\/\/atlantide-sauna.com\/it\/billetterie\/saldi-della-settimana-della-donna-50\/"]}]},{"@type":"ImageObject","inLanguage":"it-IT","@id":"https:\/\/atlantide-sauna.com\/it\/billetterie\/saldi-della-settimana-della-donna-50\/#primaryimage","url":"https:\/\/atlantide-sauna.com\/wp-content\/uploads\/2026\/01\/ASH-TICKETS_2026_FEMME.svg","contentUrl":"https:\/\/atlantide-sauna.com\/wp-content\/uploads\/2026\/01\/ASH-TICKETS_2026_FEMME.svg","width":800,"height":800,"caption":"Solo donne - Atlantide Sauna Paris"},{"@type":"BreadcrumbList","@id":"https:\/\/atlantide-sauna.com\/it\/billetterie\/saldi-della-settimana-della-donna-50\/#breadcrumb","itemListElement":[{"@type":"ListItem","position":1,"name":"Accueil","item":"https:\/\/atlantide-sauna.com\/it\/casa\/"},{"@type":"ListItem","position":2,"name":"Boutique","item":"https:\/\/atlantide-sauna.com\/boutique\/"},{"@type":"ListItem","position":3,"name":"Saldi della Settimana della Donna 50%"}]},{"@type":"WebSite","@id":"https:\/\/atlantide-sauna.com\/it\/#website","url":"https:\/\/atlantide-sauna.com\/it\/","name":"Atlantide Sauna","description":"Sauna Toutes Tendances Gay Bi Tr**","publisher":{"@id":"https:\/\/atlantide-sauna.com\/it\/#organization"},"alternateName":"Club libertin Atlantide Sauna Paris","potentialAction":[{"@type":"SearchAction","target":{"@type":"EntryPoint","urlTemplate":"https:\/\/atlantide-sauna.com\/it\/?s={search_term_string}"},"query-input":{"@type":"PropertyValueSpecification","valueRequired":true,"valueName":"search_term_string"}}],"inLanguage":"it-IT"},{"@type":"Organization","@id":"https:\/\/atlantide-sauna.com\/it\/#organization","name":"ATLANTIDE SAUNA HAMMAM","alternateName":"ATLANTIDE SAUNA HAMMAM","url":"https:\/\/atlantide-sauna.com\/it\/","logo":{"@type":"ImageObject","inLanguage":"it-IT","@id":"https:\/\/atlantide-sauna.com\/it\/#\/schema\/logo\/image\/","url":"https:\/\/atlantide-sauna.com\/wp-content\/uploads\/2025\/05\/ash_logo_2025_01.svg","contentUrl":"https:\/\/atlantide-sauna.com\/wp-content\/uploads\/2025\/05\/ash_logo_2025_01.svg","width":1,"height":1,"caption":"ATLANTIDE SAUNA HAMMAM"},"image":{"@id":"https:\/\/atlantide-sauna.com\/it\/#\/schema\/logo\/image\/"},"sameAs":["https:\/\/www.facebook.com\/profile.php?id=100082829877238","https:\/\/x.com\/atlantidesauna"],"description":"Sauna hammam toutes tendances. Un espace de libert\u00e9, de mixit\u00e9 et de tol\u00e9rance. Chez Atlantide Sauna vous trouverez les conditions id\u00e9ales pour vos rencontres libertines.","email":"infos@atlantide-sauna.com","telephone":"0143422243","legalName":"ATLANTIDE SAUNA HAMMAM","foundingDate":"1999-08-09","vatID":"FR39423920370","taxID":"42392037000016","numberOfEmployees":{"@type":"QuantitativeValue","minValue":"1","maxValue":"10"}}]}},"jetpack_publicize_connections":[],"jetpack_sharing_enabled":true,"_links":{"self":[{"href":"https:\/\/atlantide-sauna.com\/it\/wp-json\/wp\/v2\/product\/8564","targetHints":{"allow":["GET"]}}],"collection":[{"href":"https:\/\/atlantide-sauna.com\/it\/wp-json\/wp\/v2\/product"}],"about":[{"href":"https:\/\/atlantide-sauna.com\/it\/wp-json\/wp\/v2\/types\/product"}],"author":[{"embeddable":true,"href":"https:\/\/atlantide-sauna.com\/it\/wp-json\/wp\/v2\/users\/4"}],"wp:featuredmedia":[{"embeddable":true,"href":"https:\/\/atlantide-sauna.com\/it\/wp-json\/wp\/v2\/media\/7594"}],"wp:attachment":[{"href":"https:\/\/atlantide-sauna.com\/it\/wp-json\/wp\/v2\/media?parent=8564"}],"wp:term":[{"taxonomy":"product_brand","embeddable":true,"href":"https:\/\/atlantide-sauna.com\/it\/wp-json\/wp\/v2\/product_brand?post=8564"},{"taxonomy":"product_cat","embeddable":true,"href":"https:\/\/atlantide-sauna.com\/it\/wp-json\/wp\/v2\/product_cat?post=8564"},{"taxonomy":"product_tag","embeddable":true,"href":"https:\/\/atlantide-sauna.com\/it\/wp-json\/wp\/v2\/product_tag?post=8564"}],"curies":[{"name":"wp","href":"https:\/\/api.w.org\/{rel}","templated":true}]}}