{"id":8575,"date":"2026-01-01T23:47:42","date_gmt":"2026-01-01T22:47:42","guid":{"rendered":"https:\/\/atlantide-sauna.com\/billetterie\/uomini-sotto-i-22-anni\/"},"modified":"2026-01-01T23:47:42","modified_gmt":"2026-01-01T22:47:42","slug":"uomini-sotto-i-22-anni","status":"publish","type":"product","link":"https:\/\/atlantide-sauna.com\/it\/billetterie\/uomini-sotto-i-22-anni\/","title":{"rendered":"Uomini sotto i 22 anni"},"content":{"rendered":"<p>Biglietto d&#8217;ingresso per un uomo <strong>single sotto i 22 anni, o per uno studente<\/strong>.<br \/>\nTariffe nei giorni feriali dal luned\u00ec al venerd\u00ec.<br \/>\n<strong><span style=\"text-decoration: underline;\">DOCUMENTO UFFICIALE<\/span> o <span style=\"text-decoration: underline;\">TESSERA STUDENTESCA<\/span> \u00e8 richiesta per entrare nella struttura.<\/strong><br \/>\n<!--more--><br \/>\nVieni a goderti il bagno turco e la sauna e a conoscere nuove persone ogni giorno a partire da mezzogiorno.<\/p>\n<div class=\"uk-alert uk-alert-success\" style=\"text-align: justify;\">\n<p>Biglietto d&#8217;ingresso, <span style=\"text-decoration: underline;\"><strong>non datato<\/strong><\/span>valido durante la settimana e <span style=\"text-decoration: underline;\"><strong>utilizzabile dal LUNEDI&#8217; al VENERDI&#8217;<\/strong>.<\/span><\/p>\n<p>Biglietto d&#8217;ingresso da utilizzare <strong><span style=\"text-decoration: underline;\">entro 3 MESI dalla data di acquisto.<\/span><\/strong>.<\/p>\n<\/div>\n<p class=\"whitespace-break-spaces\"><strong>Termini e condizioni d&#8217;uso:<\/strong><\/p>\n<ul>\n<li>Valido per una sola iscrizione.<\/li>\n<li>Non scambiabile, non rimborsabile.<\/li>\n<li>Riservato agli uomini maggiorenni (18 e meno di 22 anni).<\/li>\n<li>Deve essere presentato all&#8217;ingresso (versione digitale o stampata).<\/li>\n<li>Riservato agli uomini di et\u00e0 superiore ai 18 anni che sono <strong>studenti<\/strong> (tessera studentesca in originale)<\/li>\n<li><span style=\"color: #ff0000;\"><strong>DEVI avere un <span style=\"text-decoration: underline;\">documento d&#8217;identit\u00e0 ufficiale<\/span> o <span style=\"text-decoration: underline;\">una TESSERA STUDENTESCA<br \/>\n<\/span><\/strong>\u00c8 <strong><span style=\"text-decoration: underline;\">obbligatorio<\/span> entrare nella struttura.<\/strong><\/span><\/li>\n<\/ul>\n<p><strong>Hai bisogno di un biglietto per una coppia?<\/strong> Scopri le altre opzioni di prezzo <a href=\"https:\/\/atlantide-sauna.com\/billetterie\/entree-duo\/\"><strong>Biglietto per coppia<\/strong><\/a>.<\/p>\n<p>Hai <strong>55 anni o pi\u00f9!<\/strong> Approfitta della nostra offerta <a href=\"https:\/\/atlantide-sauna.com\/billetterie\/entree-senior\/\"><strong>Ingresso senior<\/strong><\/a>.<\/p>\n<div class=\"uk-alert uk-alert-warning\" style=\"text-align: justify;\"><strong>IMPORTANTE<\/strong><br \/>\nI biglietti d&#8217;ingresso sono validi tutti i giorni di apertura del locale <strong>, ad eccezione dei giorni di EVENTO <\/strong>o di <strong>SERATA SPECIALE.<br \/>\n<\/strong>Chiedi alla reception del locale o consulta i nostri social network su <a href=\"https:\/\/www.instagram.com\/atlantide.sauna\/\" target=\"_blank\" rel=\"noopener\">Instagram<\/a>, <a href=\"https:\/\/www.facebook.com\/people\/Atlantide-Sauna\/100082829877238\/\" target=\"_blank\" rel=\"noopener\">Facebook<\/a> o <a href=\"https:\/\/t.me\/+Ioz1OGyrdg01ZTlk\" target=\"_blank\" rel=\"noopener\">Telegram<\/a>. Puoi anche inviarci un messaggio tramite la pagina <a href=\"https:\/\/atlantide-sauna.com\/it\/contatto\/\" target=\"_blank\" rel=\"noopener\">CONTATTI<\/a>. <\/div>\n<div><\/div>\n<div class=\"uk-alert\">\n<div style=\"text-align: justify;\"><img data-recalc-dims=\"1\" loading=\"lazy\" decoding=\"async\" class=\"alignleft wp-image-6966\" src=\"https:\/\/i0.wp.com\/atlantide-sauna.com\/wp-content\/uploads\/2025\/10\/carte_fidelite.png?resize=145%2C90&#038;ssl=1\" alt=\"Carta fedelt\u00e0 - Atlantide Sauna Parigi\" width=\"145\" height=\"90\" srcset=\"https:\/\/i0.wp.com\/atlantide-sauna.com\/wp-content\/uploads\/2025\/10\/carte_fidelite.png?resize=300%2C186&amp;ssl=1 300w, https:\/\/i0.wp.com\/atlantide-sauna.com\/wp-content\/uploads\/2025\/10\/carte_fidelite.png?w=420&amp;ssl=1 420w\" sizes=\"(max-width: 145px) 100vw, 145px\" \/>Raccogli punti per ogni partecipazione a pagamento e ricevi 1 ingresso gratuito su 900 punti accumulati! Mostra la tua carta fedelt\u00e0 al ricevimento.  Sono non trasferibili e non possono essere combinati con altre offerte. Ci riserviamo il diritto di modificare questi termini in qualsiasi momento. <\/div>\n<\/div>\n<div>https:\/\/atlantide-sauna.com\/billetterie\/<\/div>\n","protected":false},"excerpt":{"rendered":"<p>Ingresso per un uomo single di et\u00e0 superiore ai 18 anni.<\/p>\n","protected":false},"author":4,"featured_media":7618,"template":"","meta":{"jetpack_publicize_message":"","jetpack_publicize_feature_enabled":true,"jetpack_social_post_already_shared":true,"jetpack_social_options":{"image_generator_settings":{"template":"highway","default_image_id":0,"font":"","enabled":false},"version":2}},"product_brand":[],"product_cat":[400],"product_tag":[343,342],"class_list":{"0":"post-8575","1":"product","2":"type-product","3":"status-publish","4":"has-post-thumbnail","6":"product_cat-biglietti","7":"product_tag-settimana","8":"product_tag-uomo","10":"first","11":"instock","12":"featured","13":"virtual","14":"taxable","15":"purchasable","16":"product-type-simple"},"yoast_head":"<!-- This site is optimized with the Yoast SEO Premium plugin v27.5 (Yoast SEO v27.5) - https:\/\/yoast.com\/product\/yoast-seo-premium-wordpress\/ -->\n<title>Biglietto d&#039;ingresso singolo maschile: Ingresso per i maggiori di 18 anni - Atlantide Sauna<\/title>\n<meta name=\"description\" content=\"Scopri un momento di relax con il nostro biglietto unico. Concentrati sul tuo benessere e conosci nuove persone a partire da mezzogiorno! \ud83c\udf1f\" \/>\n<meta name=\"robots\" content=\"index, follow, max-snippet:-1, max-image-preview:large, max-video-preview:-1\" \/>\n<link rel=\"canonical\" href=\"https:\/\/atlantide-sauna.com\/it\/billetterie\/uomini-sotto-i-22-anni\/\" \/>\n<meta property=\"og:locale\" content=\"it_IT\" \/>\n<meta property=\"og:type\" content=\"article\" \/>\n<meta property=\"og:title\" content=\"Uomini sotto i 22 anni\" \/>\n<meta property=\"og:description\" content=\"Scopri un momento di relax con il nostro biglietto unico. Concentrati sul tuo benessere e conosci nuove persone a partire da mezzogiorno! \ud83c\udf1f\" \/>\n<meta property=\"og:url\" content=\"https:\/\/atlantide-sauna.com\/it\/billetterie\/uomini-sotto-i-22-anni\/\" \/>\n<meta property=\"og:site_name\" content=\"Atlantide Sauna\" \/>\n<meta property=\"article:publisher\" content=\"https:\/\/www.facebook.com\/profile.php?id=100082829877238\" \/>\n<meta property=\"og:image\" content=\"https:\/\/i0.wp.com\/atlantide-sauna.com\/wp-content\/uploads\/2025\/06\/ASH_IMG2025_000.jpg?fit=1440%2C810&ssl=1\" \/>\n\t<meta property=\"og:image:width\" content=\"1440\" \/>\n\t<meta property=\"og:image:height\" content=\"810\" \/>\n\t<meta property=\"og:image:type\" content=\"image\/jpeg\" \/>\n<meta name=\"twitter:card\" content=\"summary_large_image\" \/>\n<meta name=\"twitter:site\" content=\"@atlantidesauna\" \/>\n<meta name=\"twitter:label1\" content=\"Tempo di lettura stimato\" \/>\n\t<meta name=\"twitter:data1\" content=\"1 minuto\" \/>\n<script type=\"application\/ld+json\" class=\"yoast-schema-graph\">{\"@context\":\"https:\\\/\\\/schema.org\",\"@graph\":[{\"@type\":\"WebPage\",\"@id\":\"https:\\\/\\\/atlantide-sauna.com\\\/it\\\/billetterie\\\/uomini-sotto-i-22-anni\\\/\",\"url\":\"https:\\\/\\\/atlantide-sauna.com\\\/it\\\/billetterie\\\/uomini-sotto-i-22-anni\\\/\",\"name\":\"Biglietto d'ingresso singolo maschile: Ingresso per i maggiori di 18 anni - Atlantide Sauna\",\"isPartOf\":{\"@id\":\"https:\\\/\\\/atlantide-sauna.com\\\/it\\\/#website\"},\"primaryImageOfPage\":{\"@id\":\"https:\\\/\\\/atlantide-sauna.com\\\/it\\\/billetterie\\\/uomini-sotto-i-22-anni\\\/#primaryimage\"},\"image\":{\"@id\":\"https:\\\/\\\/atlantide-sauna.com\\\/it\\\/billetterie\\\/uomini-sotto-i-22-anni\\\/#primaryimage\"},\"thumbnailUrl\":\"https:\\\/\\\/atlantide-sauna.com\\\/wp-content\\\/uploads\\\/2026\\\/01\\\/ASH-TICKETS_2026_M22.svg\",\"datePublished\":\"2026-01-01T22:47:42+00:00\",\"description\":\"Scopri un momento di relax con il nostro biglietto unico. Concentrati sul tuo benessere e conosci nuove persone a partire da mezzogiorno! \ud83c\udf1f\",\"breadcrumb\":{\"@id\":\"https:\\\/\\\/atlantide-sauna.com\\\/it\\\/billetterie\\\/uomini-sotto-i-22-anni\\\/#breadcrumb\"},\"inLanguage\":\"it-IT\",\"potentialAction\":[{\"@type\":\"ReadAction\",\"target\":[\"https:\\\/\\\/atlantide-sauna.com\\\/it\\\/billetterie\\\/uomini-sotto-i-22-anni\\\/\"]}]},{\"@type\":\"ImageObject\",\"inLanguage\":\"it-IT\",\"@id\":\"https:\\\/\\\/atlantide-sauna.com\\\/it\\\/billetterie\\\/uomini-sotto-i-22-anni\\\/#primaryimage\",\"url\":\"https:\\\/\\\/atlantide-sauna.com\\\/wp-content\\\/uploads\\\/2026\\\/01\\\/ASH-TICKETS_2026_M22.svg\",\"contentUrl\":\"https:\\\/\\\/atlantide-sauna.com\\\/wp-content\\\/uploads\\\/2026\\\/01\\\/ASH-TICKETS_2026_M22.svg\",\"width\":800,\"height\":800,\"caption\":\"Biglietto d'ingresso per singolo UOMO sotto i 22 anni - Atlantide Sauna Paris\"},{\"@type\":\"BreadcrumbList\",\"@id\":\"https:\\\/\\\/atlantide-sauna.com\\\/it\\\/billetterie\\\/uomini-sotto-i-22-anni\\\/#breadcrumb\",\"itemListElement\":[{\"@type\":\"ListItem\",\"position\":1,\"name\":\"Accueil\",\"item\":\"https:\\\/\\\/atlantide-sauna.com\\\/it\\\/casa\\\/\"},{\"@type\":\"ListItem\",\"position\":2,\"name\":\"Boutique\",\"item\":\"https:\\\/\\\/atlantide-sauna.com\\\/boutique\\\/\"},{\"@type\":\"ListItem\",\"position\":3,\"name\":\"Uomini sotto i 22 anni\"}]},{\"@type\":\"WebSite\",\"@id\":\"https:\\\/\\\/atlantide-sauna.com\\\/it\\\/#website\",\"url\":\"https:\\\/\\\/atlantide-sauna.com\\\/it\\\/\",\"name\":\"Atlantide Sauna\",\"description\":\"Sauna Toutes Tendances Gay Bi Tr**\",\"publisher\":{\"@id\":\"https:\\\/\\\/atlantide-sauna.com\\\/it\\\/#organization\"},\"alternateName\":\"Club libertin Atlantide Sauna Paris\",\"potentialAction\":[{\"@type\":\"SearchAction\",\"target\":{\"@type\":\"EntryPoint\",\"urlTemplate\":\"https:\\\/\\\/atlantide-sauna.com\\\/it\\\/?s={search_term_string}\"},\"query-input\":{\"@type\":\"PropertyValueSpecification\",\"valueRequired\":true,\"valueName\":\"search_term_string\"}}],\"inLanguage\":\"it-IT\"},{\"@type\":\"Organization\",\"@id\":\"https:\\\/\\\/atlantide-sauna.com\\\/it\\\/#organization\",\"name\":\"ATLANTIDE SAUNA HAMMAM\",\"alternateName\":\"ATLANTIDE SAUNA HAMMAM\",\"url\":\"https:\\\/\\\/atlantide-sauna.com\\\/it\\\/\",\"logo\":{\"@type\":\"ImageObject\",\"inLanguage\":\"it-IT\",\"@id\":\"https:\\\/\\\/atlantide-sauna.com\\\/it\\\/#\\\/schema\\\/logo\\\/image\\\/\",\"url\":\"https:\\\/\\\/atlantide-sauna.com\\\/wp-content\\\/uploads\\\/2025\\\/05\\\/ash_logo_2025_01.svg\",\"contentUrl\":\"https:\\\/\\\/atlantide-sauna.com\\\/wp-content\\\/uploads\\\/2025\\\/05\\\/ash_logo_2025_01.svg\",\"width\":1,\"height\":1,\"caption\":\"ATLANTIDE SAUNA HAMMAM\"},\"image\":{\"@id\":\"https:\\\/\\\/atlantide-sauna.com\\\/it\\\/#\\\/schema\\\/logo\\\/image\\\/\"},\"sameAs\":[\"https:\\\/\\\/www.facebook.com\\\/profile.php?id=100082829877238\",\"https:\\\/\\\/x.com\\\/atlantidesauna\"],\"description\":\"Sauna hammam toutes tendances. Un espace de libert\u00e9, de mixit\u00e9 et de tol\u00e9rance. Chez Atlantide Sauna vous trouverez les conditions id\u00e9ales pour vos rencontres libertines.\",\"email\":\"infos@atlantide-sauna.com\",\"telephone\":\"0143422243\",\"legalName\":\"ATLANTIDE SAUNA HAMMAM\",\"foundingDate\":\"1999-08-09\",\"vatID\":\"FR39423920370\",\"taxID\":\"42392037000016\",\"numberOfEmployees\":{\"@type\":\"QuantitativeValue\",\"minValue\":\"1\",\"maxValue\":\"10\"}}]}<\/script>\n<!-- \/ Yoast SEO Premium plugin. -->","yoast_head_json":{"title":"Biglietto d'ingresso singolo maschile: Ingresso per i maggiori di 18 anni - Atlantide Sauna","description":"Scopri un momento di relax con il nostro biglietto unico. Concentrati sul tuo benessere e conosci nuove persone a partire da mezzogiorno! \ud83c\udf1f","robots":{"index":"index","follow":"follow","max-snippet":"max-snippet:-1","max-image-preview":"max-image-preview:large","max-video-preview":"max-video-preview:-1"},"canonical":"https:\/\/atlantide-sauna.com\/it\/billetterie\/uomini-sotto-i-22-anni\/","og_locale":"it_IT","og_type":"article","og_title":"Uomini sotto i 22 anni","og_description":"Scopri un momento di relax con il nostro biglietto unico. Concentrati sul tuo benessere e conosci nuove persone a partire da mezzogiorno! \ud83c\udf1f","og_url":"https:\/\/atlantide-sauna.com\/it\/billetterie\/uomini-sotto-i-22-anni\/","og_site_name":"Atlantide Sauna","article_publisher":"https:\/\/www.facebook.com\/profile.php?id=100082829877238","og_image":[{"width":1440,"height":810,"url":"https:\/\/i0.wp.com\/atlantide-sauna.com\/wp-content\/uploads\/2025\/06\/ASH_IMG2025_000.jpg?fit=1440%2C810&ssl=1","type":"image\/jpeg"}],"twitter_card":"summary_large_image","twitter_site":"@atlantidesauna","twitter_misc":{"Tempo di lettura stimato":"1 minuto"},"schema":{"@context":"https:\/\/schema.org","@graph":[{"@type":"WebPage","@id":"https:\/\/atlantide-sauna.com\/it\/billetterie\/uomini-sotto-i-22-anni\/","url":"https:\/\/atlantide-sauna.com\/it\/billetterie\/uomini-sotto-i-22-anni\/","name":"Biglietto d'ingresso singolo maschile: Ingresso per i maggiori di 18 anni - Atlantide Sauna","isPartOf":{"@id":"https:\/\/atlantide-sauna.com\/it\/#website"},"primaryImageOfPage":{"@id":"https:\/\/atlantide-sauna.com\/it\/billetterie\/uomini-sotto-i-22-anni\/#primaryimage"},"image":{"@id":"https:\/\/atlantide-sauna.com\/it\/billetterie\/uomini-sotto-i-22-anni\/#primaryimage"},"thumbnailUrl":"https:\/\/atlantide-sauna.com\/wp-content\/uploads\/2026\/01\/ASH-TICKETS_2026_M22.svg","datePublished":"2026-01-01T22:47:42+00:00","description":"Scopri un momento di relax con il nostro biglietto unico. Concentrati sul tuo benessere e conosci nuove persone a partire da mezzogiorno! \ud83c\udf1f","breadcrumb":{"@id":"https:\/\/atlantide-sauna.com\/it\/billetterie\/uomini-sotto-i-22-anni\/#breadcrumb"},"inLanguage":"it-IT","potentialAction":[{"@type":"ReadAction","target":["https:\/\/atlantide-sauna.com\/it\/billetterie\/uomini-sotto-i-22-anni\/"]}]},{"@type":"ImageObject","inLanguage":"it-IT","@id":"https:\/\/atlantide-sauna.com\/it\/billetterie\/uomini-sotto-i-22-anni\/#primaryimage","url":"https:\/\/atlantide-sauna.com\/wp-content\/uploads\/2026\/01\/ASH-TICKETS_2026_M22.svg","contentUrl":"https:\/\/atlantide-sauna.com\/wp-content\/uploads\/2026\/01\/ASH-TICKETS_2026_M22.svg","width":800,"height":800,"caption":"Biglietto d'ingresso per singolo UOMO sotto i 22 anni - Atlantide Sauna Paris"},{"@type":"BreadcrumbList","@id":"https:\/\/atlantide-sauna.com\/it\/billetterie\/uomini-sotto-i-22-anni\/#breadcrumb","itemListElement":[{"@type":"ListItem","position":1,"name":"Accueil","item":"https:\/\/atlantide-sauna.com\/it\/casa\/"},{"@type":"ListItem","position":2,"name":"Boutique","item":"https:\/\/atlantide-sauna.com\/boutique\/"},{"@type":"ListItem","position":3,"name":"Uomini sotto i 22 anni"}]},{"@type":"WebSite","@id":"https:\/\/atlantide-sauna.com\/it\/#website","url":"https:\/\/atlantide-sauna.com\/it\/","name":"Atlantide Sauna","description":"Sauna Toutes Tendances Gay Bi Tr**","publisher":{"@id":"https:\/\/atlantide-sauna.com\/it\/#organization"},"alternateName":"Club libertin Atlantide Sauna Paris","potentialAction":[{"@type":"SearchAction","target":{"@type":"EntryPoint","urlTemplate":"https:\/\/atlantide-sauna.com\/it\/?s={search_term_string}"},"query-input":{"@type":"PropertyValueSpecification","valueRequired":true,"valueName":"search_term_string"}}],"inLanguage":"it-IT"},{"@type":"Organization","@id":"https:\/\/atlantide-sauna.com\/it\/#organization","name":"ATLANTIDE SAUNA HAMMAM","alternateName":"ATLANTIDE SAUNA HAMMAM","url":"https:\/\/atlantide-sauna.com\/it\/","logo":{"@type":"ImageObject","inLanguage":"it-IT","@id":"https:\/\/atlantide-sauna.com\/it\/#\/schema\/logo\/image\/","url":"https:\/\/atlantide-sauna.com\/wp-content\/uploads\/2025\/05\/ash_logo_2025_01.svg","contentUrl":"https:\/\/atlantide-sauna.com\/wp-content\/uploads\/2025\/05\/ash_logo_2025_01.svg","width":1,"height":1,"caption":"ATLANTIDE SAUNA HAMMAM"},"image":{"@id":"https:\/\/atlantide-sauna.com\/it\/#\/schema\/logo\/image\/"},"sameAs":["https:\/\/www.facebook.com\/profile.php?id=100082829877238","https:\/\/x.com\/atlantidesauna"],"description":"Sauna hammam toutes tendances. Un espace de libert\u00e9, de mixit\u00e9 et de tol\u00e9rance. Chez Atlantide Sauna vous trouverez les conditions id\u00e9ales pour vos rencontres libertines.","email":"infos@atlantide-sauna.com","telephone":"0143422243","legalName":"ATLANTIDE SAUNA HAMMAM","foundingDate":"1999-08-09","vatID":"FR39423920370","taxID":"42392037000016","numberOfEmployees":{"@type":"QuantitativeValue","minValue":"1","maxValue":"10"}}]}},"jetpack_publicize_connections":[],"jetpack_sharing_enabled":true,"_links":{"self":[{"href":"https:\/\/atlantide-sauna.com\/it\/wp-json\/wp\/v2\/product\/8575","targetHints":{"allow":["GET"]}}],"collection":[{"href":"https:\/\/atlantide-sauna.com\/it\/wp-json\/wp\/v2\/product"}],"about":[{"href":"https:\/\/atlantide-sauna.com\/it\/wp-json\/wp\/v2\/types\/product"}],"author":[{"embeddable":true,"href":"https:\/\/atlantide-sauna.com\/it\/wp-json\/wp\/v2\/users\/4"}],"wp:featuredmedia":[{"embeddable":true,"href":"https:\/\/atlantide-sauna.com\/it\/wp-json\/wp\/v2\/media\/7618"}],"wp:attachment":[{"href":"https:\/\/atlantide-sauna.com\/it\/wp-json\/wp\/v2\/media?parent=8575"}],"wp:term":[{"taxonomy":"product_brand","embeddable":true,"href":"https:\/\/atlantide-sauna.com\/it\/wp-json\/wp\/v2\/product_brand?post=8575"},{"taxonomy":"product_cat","embeddable":true,"href":"https:\/\/atlantide-sauna.com\/it\/wp-json\/wp\/v2\/product_cat?post=8575"},{"taxonomy":"product_tag","embeddable":true,"href":"https:\/\/atlantide-sauna.com\/it\/wp-json\/wp\/v2\/product_tag?post=8575"}],"curies":[{"name":"wp","href":"https:\/\/api.w.org\/{rel}","templated":true}]}}