{"id":8579,"date":"2025-10-25T16:04:19","date_gmt":"2025-10-25T14:04:19","guid":{"rendered":"https:\/\/atlantide-sauna.com\/billetterie\/duo\/"},"modified":"2025-10-25T16:04:19","modified_gmt":"2025-10-25T14:04:19","slug":"duo","status":"publish","type":"product","link":"https:\/\/atlantide-sauna.com\/it\/billetterie\/duo\/","title":{"rendered":"Duo"},"content":{"rendered":"<p>Valido per un uomo e il suo +1<br \/>\nPrezzo tutti i giorni dal luned\u00ec alla domenica<\/p>\n<p><!--more--><\/p>\n<p class=\"whitespace-break-spaces\" dir=\"auto\"><strong>Biglietto Duo Discovery<\/strong> <em>Per un uomo e il suo +1<\/em><\/p>\n<p class=\"whitespace-break-spaces\" dir=\"auto\">Goditi un momento privilegiato per due nel nostro <span class=\"followup-block followup-block-hidden cursor-pointer outline-none static inline group-hover\/message:[--hover-opacity:1]\" tabindex=\"0\" data-question=\"Quels types d'\u00e9quipements ou d'installations sp\u00e9cifiques sont disponibles dans cet espace libertin pour assurer le confort des clients?\" aria-haspopup=\"dialog\" aria-expanded=\"false\" aria-controls=\"radix-_r_b5_\" data-state=\"closed\">spazio libertino<\/span>, progettato per il tuo comfort e piacere.<\/p>\n<p class=\"whitespace-break-spaces\" dir=\"auto\"><strong>Include:<\/strong> \u2705 Accesso illimitato alla sauna e all&#8217;hammam per due persone \u2705 <span class=\"followup-block followup-block-hidden cursor-pointer outline-none static inline group-hover\/message:[--hover-opacity:1]\" tabindex=\"0\" data-question=\"Quel genre de vid\u00e9os ou d'ambiances sont propos\u00e9es pour cr\u00e9er cette immersion?\" aria-haspopup=\"dialog\" aria-expanded=\"false\" aria-controls=\"radix-_r_b6_\" data-state=\"closed\">Atmosfera coinvolgente con video<\/span> proiettati su schermi di grandi dimensioni \u2705 <strong><span class=\"followup-block followup-block-hidden cursor-pointer outline-none static inline group-hover\/message:[--hover-opacity:1]\" tabindex=\"0\" data-question=\"Quels types de boissons chaudes sont inclus dans cette offre?\" aria-haspopup=\"dialog\" aria-expanded=\"false\" aria-controls=\"radix-_r_b7_\" data-state=\"closed\">1 bevanda calda in omaggio<\/span><\/strong> per persona alla prima visita<\/p>\n<p class=\"whitespace-break-spaces\" dir=\"auto\"><strong>Orari di apertura:<\/strong> \ud83d\udcc5 <strong>da luned\u00ec a domenica\u23f0<\/strong> <strong>dalle 12.00 alle 22.00<\/strong><\/p>\n<p class=\"whitespace-break-spaces\" dir=\"auto\"><strong>Validit\u00e0:<\/strong> \u23f3 <strong>3 mesi<\/strong> dalla data di acquisto<\/p>\n<hr>\n<p class=\"whitespace-break-spaces\" dir=\"auto\"><strong>Condizioni:<\/strong><\/p>\n<ul>\n<li>Riservato a un uomo accompagnato da una persona di sua scelta.<\/li>\n<li>Valido tutti i giorni (esclusi i giorni festivi e gli eventi).<\/li>\n<li>Non \u00e8 consentito consumare cibo (ad eccezione degli acquisti al bar).<\/li>\n<li><strong><span class=\"followup-block followup-block-hidden cursor-pointer outline-none static inline group-hover\/message:[--hover-opacity:1]\" tabindex=\"0\" data-question=\"Pourquoi cette r\u00e8gle concernant les t\u00e9l\u00e9phones est-elle impos\u00e9e dans l'espace?\" aria-haspopup=\"dialog\" aria-expanded=\"false\" aria-controls=\"radix-_r_b8_\" data-state=\"closed\">Telefono in modalit\u00e0 aereo<\/span><\/strong> (tranne che al bar per i pagamenti).<\/li>\n<\/ul>\n<hr>\n<p class=\"whitespace-break-spaces\" dir=\"auto\"><em><span class=\"followup-block followup-block-hidden cursor-pointer outline-none static inline group-hover\/message:[--hover-opacity:1]\" tabindex=\"0\" data-question=\"Quelles activit\u00e9s ou services sont propos\u00e9s pour favoriser cette complicit\u00e9 et d\u00e9tente?\" aria-haspopup=\"dialog\" aria-expanded=\"false\" aria-controls=\"radix-_r_b9_\" data-state=\"closed\">Uno spazio dove la complicit\u00e0 e il relax possono essere condivisi<\/span> con discrezione.<\/em><\/p>\n<p class=\"whitespace-break-spaces\">Questo biglietto consente l&#8217;accesso alla nostra area <strong>solo ai maggiorenni<\/strong>. \u00c8 <strong>strettamente personale e nominativo<\/strong>: all&#8217;ingresso verr\u00e0 richiesto un documento d&#8217;identit\u00e0 valido per verificare la tua et\u00e0. <\/p>\n<p class=\"whitespace-break-spaces\">Vieni a goderti il bagno turco e la sauna e a conoscere nuove persone ogni giorno a partire da mezzogiorno.<\/p>\n<p>Biglietto d&#8217;ingresso, <span style=\"text-decoration: underline;\"><strong>non datato<\/strong><\/span>valido e   <span style=\"text-decoration: underline;\"><strong>disponibile da luned\u00ec a domenica<\/strong>.<\/span><\/p>\n<p class=\"whitespace-break-spaces\"><strong>Termini e condizioni d&#8217;uso:<\/strong><\/p>\n<ul>\n<li>Valido per un singolo ingresso con il tuo +1<\/li>\n<li>Non scambiabile, non rimborsabile.<\/li>\n<li>Riservato agli uomini maggiorenni.<\/li>\n<li>Deve essere presentato all&#8217;ingresso (versione digitale o stampata).<\/li>\n<\/ul>\n<p>Hai <strong>55 anni o pi\u00f9!<\/strong> Approfitta della nostra offerta <a href=\"https:\/\/atlantide-sauna.com\/billetterie\/entree-senior\/\"><strong>Ingresso senior<\/strong><\/a>.<\/p>\n","protected":false},"excerpt":{"rendered":"<p>Valido per un uomo e il suo +1 Prezzo tutti i giorni dal luned\u00ec alla domenica<\/p>\n","protected":false},"author":4,"featured_media":7570,"template":"","meta":{"jetpack_publicize_message":"","jetpack_publicize_feature_enabled":true,"jetpack_social_post_already_shared":true,"jetpack_social_options":{"image_generator_settings":{"template":"highway","default_image_id":0,"font":"","enabled":false},"version":2}},"product_brand":[],"product_cat":[400],"product_tag":[343],"class_list":{"0":"post-8579","1":"product","2":"type-product","3":"status-publish","4":"has-post-thumbnail","6":"product_cat-biglietti","7":"product_tag-settimana","9":"first","10":"instock","11":"virtual","12":"taxable","13":"purchasable","14":"product-type-simple"},"yoast_head":"<!-- This site is optimized with the Yoast SEO Premium plugin v27.5 (Yoast SEO v27.5) - https:\/\/yoast.com\/product\/yoast-seo-premium-wordpress\/ -->\n<title>Biglietto d&#039;ingresso Duo : Amenez Votre +1 Avec Vous - Atlantide Sauna<\/title>\n<meta name=\"description\" content=\"Vivi momenti eccezionali con il biglietto d&#039;ingresso Duo. Per un uomo e il suo +1, questa opportunit\u00e0 \u00e8 in palio! \ud83c\udf1f\" \/>\n<meta name=\"robots\" content=\"index, follow, max-snippet:-1, max-image-preview:large, max-video-preview:-1\" \/>\n<link rel=\"canonical\" href=\"https:\/\/atlantide-sauna.com\/it\/billetterie\/duo\/\" \/>\n<meta property=\"og:locale\" content=\"it_IT\" \/>\n<meta property=\"og:type\" content=\"article\" \/>\n<meta property=\"og:title\" content=\"Duo\" \/>\n<meta property=\"og:description\" content=\"Vivi momenti eccezionali con il biglietto d&#039;ingresso Duo. Per un uomo e il suo +1, questa opportunit\u00e0 \u00e8 in palio! \ud83c\udf1f\" \/>\n<meta property=\"og:url\" content=\"https:\/\/atlantide-sauna.com\/it\/billetterie\/duo\/\" \/>\n<meta property=\"og:site_name\" content=\"Atlantide Sauna\" \/>\n<meta property=\"article:publisher\" content=\"https:\/\/www.facebook.com\/profile.php?id=100082829877238\" \/>\n<meta property=\"og:image\" content=\"https:\/\/i0.wp.com\/atlantide-sauna.com\/wp-content\/uploads\/2025\/06\/ASH_IMG2025_000.jpg?fit=1440%2C810&ssl=1\" \/>\n\t<meta property=\"og:image:width\" content=\"1440\" \/>\n\t<meta property=\"og:image:height\" content=\"810\" \/>\n\t<meta property=\"og:image:type\" content=\"image\/jpeg\" \/>\n<meta name=\"twitter:card\" content=\"summary_large_image\" \/>\n<meta name=\"twitter:site\" content=\"@atlantidesauna\" \/>\n<meta name=\"twitter:label1\" content=\"Tempo di lettura stimato\" \/>\n\t<meta name=\"twitter:data1\" content=\"1 minuto\" \/>\n<script type=\"application\/ld+json\" class=\"yoast-schema-graph\">{\"@context\":\"https:\\\/\\\/schema.org\",\"@graph\":[{\"@type\":\"WebPage\",\"@id\":\"https:\\\/\\\/atlantide-sauna.com\\\/it\\\/billetterie\\\/duo\\\/\",\"url\":\"https:\\\/\\\/atlantide-sauna.com\\\/it\\\/billetterie\\\/duo\\\/\",\"name\":\"Biglietto d'ingresso Duo : Amenez Votre +1 Avec Vous - Atlantide Sauna\",\"isPartOf\":{\"@id\":\"https:\\\/\\\/atlantide-sauna.com\\\/it\\\/#website\"},\"primaryImageOfPage\":{\"@id\":\"https:\\\/\\\/atlantide-sauna.com\\\/it\\\/billetterie\\\/duo\\\/#primaryimage\"},\"image\":{\"@id\":\"https:\\\/\\\/atlantide-sauna.com\\\/it\\\/billetterie\\\/duo\\\/#primaryimage\"},\"thumbnailUrl\":\"https:\\\/\\\/atlantide-sauna.com\\\/wp-content\\\/uploads\\\/2026\\\/01\\\/ASH-TICKETS_2026_COUPLE_SEMAINE.svg\",\"datePublished\":\"2025-10-25T14:04:19+00:00\",\"description\":\"Vivi momenti eccezionali con il biglietto d'ingresso Duo. Per un uomo e il suo +1, questa opportunit\u00e0 \u00e8 in palio! \ud83c\udf1f\",\"breadcrumb\":{\"@id\":\"https:\\\/\\\/atlantide-sauna.com\\\/it\\\/billetterie\\\/duo\\\/#breadcrumb\"},\"inLanguage\":\"it-IT\",\"potentialAction\":[{\"@type\":\"ReadAction\",\"target\":[\"https:\\\/\\\/atlantide-sauna.com\\\/it\\\/billetterie\\\/duo\\\/\"]}]},{\"@type\":\"ImageObject\",\"inLanguage\":\"it-IT\",\"@id\":\"https:\\\/\\\/atlantide-sauna.com\\\/it\\\/billetterie\\\/duo\\\/#primaryimage\",\"url\":\"https:\\\/\\\/atlantide-sauna.com\\\/wp-content\\\/uploads\\\/2026\\\/01\\\/ASH-TICKETS_2026_COUPLE_SEMAINE.svg\",\"contentUrl\":\"https:\\\/\\\/atlantide-sauna.com\\\/wp-content\\\/uploads\\\/2026\\\/01\\\/ASH-TICKETS_2026_COUPLE_SEMAINE.svg\",\"width\":800,\"height\":800,\"caption\":\"Biglietto d'ingresso DUO - Sauna Atlantide Parigi\"},{\"@type\":\"BreadcrumbList\",\"@id\":\"https:\\\/\\\/atlantide-sauna.com\\\/it\\\/billetterie\\\/duo\\\/#breadcrumb\",\"itemListElement\":[{\"@type\":\"ListItem\",\"position\":1,\"name\":\"Accueil\",\"item\":\"https:\\\/\\\/atlantide-sauna.com\\\/it\\\/casa\\\/\"},{\"@type\":\"ListItem\",\"position\":2,\"name\":\"Boutique\",\"item\":\"https:\\\/\\\/atlantide-sauna.com\\\/boutique\\\/\"},{\"@type\":\"ListItem\",\"position\":3,\"name\":\"Duo\"}]},{\"@type\":\"WebSite\",\"@id\":\"https:\\\/\\\/atlantide-sauna.com\\\/it\\\/#website\",\"url\":\"https:\\\/\\\/atlantide-sauna.com\\\/it\\\/\",\"name\":\"Atlantide Sauna\",\"description\":\"Sauna Toutes Tendances Gay Bi Tr**\",\"publisher\":{\"@id\":\"https:\\\/\\\/atlantide-sauna.com\\\/it\\\/#organization\"},\"alternateName\":\"Club libertin Atlantide Sauna Paris\",\"potentialAction\":[{\"@type\":\"SearchAction\",\"target\":{\"@type\":\"EntryPoint\",\"urlTemplate\":\"https:\\\/\\\/atlantide-sauna.com\\\/it\\\/?s={search_term_string}\"},\"query-input\":{\"@type\":\"PropertyValueSpecification\",\"valueRequired\":true,\"valueName\":\"search_term_string\"}}],\"inLanguage\":\"it-IT\"},{\"@type\":\"Organization\",\"@id\":\"https:\\\/\\\/atlantide-sauna.com\\\/it\\\/#organization\",\"name\":\"ATLANTIDE SAUNA HAMMAM\",\"alternateName\":\"ATLANTIDE SAUNA HAMMAM\",\"url\":\"https:\\\/\\\/atlantide-sauna.com\\\/it\\\/\",\"logo\":{\"@type\":\"ImageObject\",\"inLanguage\":\"it-IT\",\"@id\":\"https:\\\/\\\/atlantide-sauna.com\\\/it\\\/#\\\/schema\\\/logo\\\/image\\\/\",\"url\":\"https:\\\/\\\/atlantide-sauna.com\\\/wp-content\\\/uploads\\\/2025\\\/05\\\/ash_logo_2025_01.svg\",\"contentUrl\":\"https:\\\/\\\/atlantide-sauna.com\\\/wp-content\\\/uploads\\\/2025\\\/05\\\/ash_logo_2025_01.svg\",\"width\":1,\"height\":1,\"caption\":\"ATLANTIDE SAUNA HAMMAM\"},\"image\":{\"@id\":\"https:\\\/\\\/atlantide-sauna.com\\\/it\\\/#\\\/schema\\\/logo\\\/image\\\/\"},\"sameAs\":[\"https:\\\/\\\/www.facebook.com\\\/profile.php?id=100082829877238\",\"https:\\\/\\\/x.com\\\/atlantidesauna\"],\"description\":\"Sauna hammam toutes tendances. Un espace de libert\u00e9, de mixit\u00e9 et de tol\u00e9rance. Chez Atlantide Sauna vous trouverez les conditions id\u00e9ales pour vos rencontres libertines.\",\"email\":\"infos@atlantide-sauna.com\",\"telephone\":\"0143422243\",\"legalName\":\"ATLANTIDE SAUNA HAMMAM\",\"foundingDate\":\"1999-08-09\",\"vatID\":\"FR39423920370\",\"taxID\":\"42392037000016\",\"numberOfEmployees\":{\"@type\":\"QuantitativeValue\",\"minValue\":\"1\",\"maxValue\":\"10\"}}]}<\/script>\n<!-- \/ Yoast SEO Premium plugin. -->","yoast_head_json":{"title":"Biglietto d'ingresso Duo : Amenez Votre +1 Avec Vous - Atlantide Sauna","description":"Vivi momenti eccezionali con il biglietto d'ingresso Duo. Per un uomo e il suo +1, questa opportunit\u00e0 \u00e8 in palio! \ud83c\udf1f","robots":{"index":"index","follow":"follow","max-snippet":"max-snippet:-1","max-image-preview":"max-image-preview:large","max-video-preview":"max-video-preview:-1"},"canonical":"https:\/\/atlantide-sauna.com\/it\/billetterie\/duo\/","og_locale":"it_IT","og_type":"article","og_title":"Duo","og_description":"Vivi momenti eccezionali con il biglietto d'ingresso Duo. Per un uomo e il suo +1, questa opportunit\u00e0 \u00e8 in palio! \ud83c\udf1f","og_url":"https:\/\/atlantide-sauna.com\/it\/billetterie\/duo\/","og_site_name":"Atlantide Sauna","article_publisher":"https:\/\/www.facebook.com\/profile.php?id=100082829877238","og_image":[{"width":1440,"height":810,"url":"https:\/\/i0.wp.com\/atlantide-sauna.com\/wp-content\/uploads\/2025\/06\/ASH_IMG2025_000.jpg?fit=1440%2C810&ssl=1","type":"image\/jpeg"}],"twitter_card":"summary_large_image","twitter_site":"@atlantidesauna","twitter_misc":{"Tempo di lettura stimato":"1 minuto"},"schema":{"@context":"https:\/\/schema.org","@graph":[{"@type":"WebPage","@id":"https:\/\/atlantide-sauna.com\/it\/billetterie\/duo\/","url":"https:\/\/atlantide-sauna.com\/it\/billetterie\/duo\/","name":"Biglietto d'ingresso Duo : Amenez Votre +1 Avec Vous - Atlantide Sauna","isPartOf":{"@id":"https:\/\/atlantide-sauna.com\/it\/#website"},"primaryImageOfPage":{"@id":"https:\/\/atlantide-sauna.com\/it\/billetterie\/duo\/#primaryimage"},"image":{"@id":"https:\/\/atlantide-sauna.com\/it\/billetterie\/duo\/#primaryimage"},"thumbnailUrl":"https:\/\/atlantide-sauna.com\/wp-content\/uploads\/2026\/01\/ASH-TICKETS_2026_COUPLE_SEMAINE.svg","datePublished":"2025-10-25T14:04:19+00:00","description":"Vivi momenti eccezionali con il biglietto d'ingresso Duo. Per un uomo e il suo +1, questa opportunit\u00e0 \u00e8 in palio! \ud83c\udf1f","breadcrumb":{"@id":"https:\/\/atlantide-sauna.com\/it\/billetterie\/duo\/#breadcrumb"},"inLanguage":"it-IT","potentialAction":[{"@type":"ReadAction","target":["https:\/\/atlantide-sauna.com\/it\/billetterie\/duo\/"]}]},{"@type":"ImageObject","inLanguage":"it-IT","@id":"https:\/\/atlantide-sauna.com\/it\/billetterie\/duo\/#primaryimage","url":"https:\/\/atlantide-sauna.com\/wp-content\/uploads\/2026\/01\/ASH-TICKETS_2026_COUPLE_SEMAINE.svg","contentUrl":"https:\/\/atlantide-sauna.com\/wp-content\/uploads\/2026\/01\/ASH-TICKETS_2026_COUPLE_SEMAINE.svg","width":800,"height":800,"caption":"Biglietto d'ingresso DUO - Sauna Atlantide Parigi"},{"@type":"BreadcrumbList","@id":"https:\/\/atlantide-sauna.com\/it\/billetterie\/duo\/#breadcrumb","itemListElement":[{"@type":"ListItem","position":1,"name":"Accueil","item":"https:\/\/atlantide-sauna.com\/it\/casa\/"},{"@type":"ListItem","position":2,"name":"Boutique","item":"https:\/\/atlantide-sauna.com\/boutique\/"},{"@type":"ListItem","position":3,"name":"Duo"}]},{"@type":"WebSite","@id":"https:\/\/atlantide-sauna.com\/it\/#website","url":"https:\/\/atlantide-sauna.com\/it\/","name":"Atlantide Sauna","description":"Sauna Toutes Tendances Gay Bi Tr**","publisher":{"@id":"https:\/\/atlantide-sauna.com\/it\/#organization"},"alternateName":"Club libertin Atlantide Sauna Paris","potentialAction":[{"@type":"SearchAction","target":{"@type":"EntryPoint","urlTemplate":"https:\/\/atlantide-sauna.com\/it\/?s={search_term_string}"},"query-input":{"@type":"PropertyValueSpecification","valueRequired":true,"valueName":"search_term_string"}}],"inLanguage":"it-IT"},{"@type":"Organization","@id":"https:\/\/atlantide-sauna.com\/it\/#organization","name":"ATLANTIDE SAUNA HAMMAM","alternateName":"ATLANTIDE SAUNA HAMMAM","url":"https:\/\/atlantide-sauna.com\/it\/","logo":{"@type":"ImageObject","inLanguage":"it-IT","@id":"https:\/\/atlantide-sauna.com\/it\/#\/schema\/logo\/image\/","url":"https:\/\/atlantide-sauna.com\/wp-content\/uploads\/2025\/05\/ash_logo_2025_01.svg","contentUrl":"https:\/\/atlantide-sauna.com\/wp-content\/uploads\/2025\/05\/ash_logo_2025_01.svg","width":1,"height":1,"caption":"ATLANTIDE SAUNA HAMMAM"},"image":{"@id":"https:\/\/atlantide-sauna.com\/it\/#\/schema\/logo\/image\/"},"sameAs":["https:\/\/www.facebook.com\/profile.php?id=100082829877238","https:\/\/x.com\/atlantidesauna"],"description":"Sauna hammam toutes tendances. Un espace de libert\u00e9, de mixit\u00e9 et de tol\u00e9rance. Chez Atlantide Sauna vous trouverez les conditions id\u00e9ales pour vos rencontres libertines.","email":"infos@atlantide-sauna.com","telephone":"0143422243","legalName":"ATLANTIDE SAUNA HAMMAM","foundingDate":"1999-08-09","vatID":"FR39423920370","taxID":"42392037000016","numberOfEmployees":{"@type":"QuantitativeValue","minValue":"1","maxValue":"10"}}]}},"jetpack_publicize_connections":[],"jetpack_sharing_enabled":true,"_links":{"self":[{"href":"https:\/\/atlantide-sauna.com\/it\/wp-json\/wp\/v2\/product\/8579","targetHints":{"allow":["GET"]}}],"collection":[{"href":"https:\/\/atlantide-sauna.com\/it\/wp-json\/wp\/v2\/product"}],"about":[{"href":"https:\/\/atlantide-sauna.com\/it\/wp-json\/wp\/v2\/types\/product"}],"author":[{"embeddable":true,"href":"https:\/\/atlantide-sauna.com\/it\/wp-json\/wp\/v2\/users\/4"}],"wp:featuredmedia":[{"embeddable":true,"href":"https:\/\/atlantide-sauna.com\/it\/wp-json\/wp\/v2\/media\/7570"}],"wp:attachment":[{"href":"https:\/\/atlantide-sauna.com\/it\/wp-json\/wp\/v2\/media?parent=8579"}],"wp:term":[{"taxonomy":"product_brand","embeddable":true,"href":"https:\/\/atlantide-sauna.com\/it\/wp-json\/wp\/v2\/product_brand?post=8579"},{"taxonomy":"product_cat","embeddable":true,"href":"https:\/\/atlantide-sauna.com\/it\/wp-json\/wp\/v2\/product_cat?post=8579"},{"taxonomy":"product_tag","embeddable":true,"href":"https:\/\/atlantide-sauna.com\/it\/wp-json\/wp\/v2\/product_tag?post=8579"}],"curies":[{"name":"wp","href":"https:\/\/api.w.org\/{rel}","templated":true}]}}