{"id":8584,"date":"2025-10-27T18:15:08","date_gmt":"2025-10-27T17:15:08","guid":{"rendered":"https:\/\/atlantide-sauna.com\/billetterie\/settimana-della-terza-eta\/"},"modified":"2025-10-27T18:15:08","modified_gmt":"2025-10-27T17:15:08","slug":"settimana-della-terza-eta","status":"publish","type":"product","link":"https:\/\/atlantide-sauna.com\/it\/billetterie\/settimana-della-terza-eta\/","title":{"rendered":"Settimana della terza et\u00e0"},"content":{"rendered":"<p>Ingresso per uomini single dai 55 anni in su. Valido nei giorni feriali dal luned\u00ec al venerd\u00ec.<br \/>\n<!--more--><br \/>\nVieni a goderti il bagno turco e la sauna e a conoscere nuove persone ogni giorno a partire da mezzogiorno.<\/p>\n<p>Biglietto d&#8217;ingresso, <span style=\"text-decoration: underline;\"><strong>senza data<\/strong><\/span>valido nei giorni feriali <span style=\"text-decoration: underline;\"><strong>da luned\u00ec a venerd\u00ec<\/strong>.<\/span><\/p>\n<p class=\"whitespace-break-spaces\" dir=\"auto\"><strong>Biglietto Senior Discovery<\/strong> <em>Per uomini di 55 anni e oltre<\/em><\/p>\n<p class=\"whitespace-break-spaces\" dir=\"auto\">Concediti un momento di relax e piacere nella nostra area libertina, appositamente studiata per il tuo comfort.<\/p>\n<p class=\"whitespace-break-spaces\" dir=\"auto\"><strong>Include:<\/strong><\/p>\n<ul>\n<li class=\"whitespace-break-spaces\" dir=\"auto\">\u2705 Accesso illimitato alla sauna e al bagno turco<\/li>\n<li class=\"whitespace-break-spaces\" dir=\"auto\">\u2705 Atmosfera coinvolgente con video di sfondo proiettati su grandi schermi<\/li>\n<li class=\"whitespace-break-spaces\" dir=\"auto\">\u2705 <strong>1 bevanda calda gratuita<\/strong> alla prima visita<\/li>\n<\/ul>\n<p class=\"whitespace-break-spaces\" dir=\"auto\"><strong>Orari di apertura:<\/strong> \ud83d\udcc5 <strong>dal luned\u00ec al venerd\u00ec<\/strong> \u23f0 <strong>dalle 12.00 alle 22.00<\/strong><\/p>\n<p class=\"whitespace-break-spaces\" dir=\"auto\"><strong>Validit\u00e0:<\/strong> \u23f3 <strong>3 mesi<\/strong> dalla data di acquisto<\/p>\n<hr>\n<p class=\"whitespace-break-spaces\" dir=\"auto\"><strong>Condizioni:<\/strong><\/p>\n<ul>\n<li>Riservato agli uomini dai 55 anni in su.<\/li>\n<li>Valido solo nei giorni feriali (esclusi i giorni festivi).<\/li>\n<li>Non \u00e8 consentito consumare cibo (ad eccezione degli acquisti al bar).<\/li>\n<li><strong>Telefono in modalit\u00e0 aereo<\/strong> per garantire la privacy di tutti (tranne che al bar per i pagamenti).<\/li>\n<\/ul>\n<p class=\"whitespace-break-spaces\"><strong>Termini e condizioni d&#8217;uso:<\/strong><\/p>\n<ul>\n<li>Valido per una sola iscrizione.<\/li>\n<li><strong>Dal luned\u00ec al venerd\u00ec<\/strong>, se vuoi venire nel fine settimana per acquistare un Weekend Man<\/li>\n<li>Non scambiabile, non rimborsabile.<\/li>\n<\/ul>\n<p><strong>Hai bisogno di un biglietto per una coppia?<\/strong> Scopri le altre opzioni di prezzo <a href=\"https:\/\/atlantide-sauna.com\/billetterie\/entree-duo\/\"><strong>Biglietto per coppia<\/strong><\/a>.<\/p>\n<div class=\"uk-alert uk-alert-warning\" style=\"text-align: justify;\"><strong>IMPORTANTE<\/strong><br \/>\nI biglietti d&#8217;ingresso sono validi tutti i giorni di apertura del locale <strong>, ad eccezione dei giorni di EVENTO <\/strong>o di <strong>SERATA SPECIALE.<br \/>\n<\/strong>Chiedi alla reception del locale o consulta i nostri social network su <a href=\"https:\/\/www.instagram.com\/atlantide.sauna\/\" target=\"_blank\" rel=\"noopener\">Instagram<\/a>, <a href=\"https:\/\/www.facebook.com\/people\/Atlantide-Sauna\/100082829877238\/\" target=\"_blank\" rel=\"noopener\">Facebook<\/a> o <a href=\"https:\/\/t.me\/+Ioz1OGyrdg01ZTlk\" target=\"_blank\" rel=\"noopener\">Telegram<\/a>. Puoi anche inviarci un messaggio tramite la pagina <a href=\"https:\/\/atlantide-sauna.com\/it\/contatto\/\" target=\"_blank\" rel=\"noopener\">CONTATTI<\/a>. <\/div>\n<div><\/div>\n<div class=\"uk-alert\">\n<div style=\"text-align: justify;\"><img data-recalc-dims=\"1\" loading=\"lazy\" decoding=\"async\" class=\"alignleft wp-image-6966\" src=\"https:\/\/i0.wp.com\/atlantide-sauna.com\/wp-content\/uploads\/2025\/10\/carte_fidelite.png?resize=145%2C90&#038;ssl=1\" alt=\"Carta fedelt\u00e0 - Atlantide Sauna Parigi\" width=\"145\" height=\"90\" srcset=\"https:\/\/i0.wp.com\/atlantide-sauna.com\/wp-content\/uploads\/2025\/10\/carte_fidelite.png?resize=300%2C186&amp;ssl=1 300w, https:\/\/i0.wp.com\/atlantide-sauna.com\/wp-content\/uploads\/2025\/10\/carte_fidelite.png?w=420&amp;ssl=1 420w\" sizes=\"(max-width: 145px) 100vw, 145px\" \/>Raccogli punti per ogni partecipazione a pagamento e ricevi 1 ingresso gratuito su 900 punti accumulati! Mostra la tua carta fedelt\u00e0 al ricevimento.  Sono non trasferibili e non possono essere combinati con altre offerte. Ci riserviamo il diritto di modificare questi termini in qualsiasi momento. <\/div>\n<\/div>\n<div>https:\/\/atlantide-sauna.com\/billetterie\/<\/div>\n","protected":false},"excerpt":{"rendered":"<p>Ingresso per uomini single dai 55 anni in su. Valido nei giorni feriali dal luned\u00ec al venerd\u00ec.<\/p>\n","protected":false},"author":4,"featured_media":7642,"template":"","meta":{"jetpack_publicize_message":"","jetpack_publicize_feature_enabled":true,"jetpack_social_post_already_shared":true,"jetpack_social_options":{"image_generator_settings":{"template":"highway","default_image_id":0,"font":"","enabled":false},"version":2}},"product_brand":[],"product_cat":[400],"product_tag":[343,342],"class_list":{"0":"post-8584","1":"product","2":"type-product","3":"status-publish","4":"has-post-thumbnail","6":"product_cat-biglietti","7":"product_tag-settimana","8":"product_tag-uomo","10":"first","11":"instock","12":"featured","13":"virtual","14":"taxable","15":"purchasable","16":"product-type-simple"},"yoast_head":"<!-- This site is optimized with the Yoast SEO Premium plugin v27.5 (Yoast SEO v27.5) - https:\/\/yoast.com\/product\/yoast-seo-premium-wordpress\/ -->\n<title>Biglietto Senior: prenota ora la tua esperienza -% Atlantide Sauna%<\/title>\n<meta name=\"description\" content=\"Il Ticket d&#039;ingresso S\u00e9nior ti aspetta per regalarti piaceri indimenticabili! Approfitta dei vantaggi a te riservati, acquista il tuo!\" \/>\n<meta name=\"robots\" content=\"index, follow, max-snippet:-1, max-image-preview:large, max-video-preview:-1\" \/>\n<link rel=\"canonical\" href=\"https:\/\/atlantide-sauna.com\/it\/billetterie\/settimana-della-terza-eta\/\" \/>\n<meta property=\"og:locale\" content=\"it_IT\" \/>\n<meta property=\"og:type\" content=\"article\" \/>\n<meta property=\"og:title\" content=\"Settimana della terza et\u00e0\" \/>\n<meta property=\"og:description\" content=\"Il Ticket d&#039;ingresso S\u00e9nior ti aspetta per regalarti piaceri indimenticabili! Approfitta dei vantaggi a te riservati, acquista il tuo!\" \/>\n<meta property=\"og:url\" content=\"https:\/\/atlantide-sauna.com\/it\/billetterie\/settimana-della-terza-eta\/\" \/>\n<meta property=\"og:site_name\" content=\"Atlantide Sauna\" \/>\n<meta property=\"article:publisher\" content=\"https:\/\/www.facebook.com\/profile.php?id=100082829877238\" \/>\n<meta property=\"og:image\" content=\"https:\/\/i0.wp.com\/atlantide-sauna.com\/wp-content\/uploads\/2025\/06\/ASH_IMG2025_000.jpg?fit=1440%2C810&ssl=1\" \/>\n\t<meta property=\"og:image:width\" content=\"1440\" \/>\n\t<meta property=\"og:image:height\" content=\"810\" \/>\n\t<meta property=\"og:image:type\" content=\"image\/jpeg\" \/>\n<meta name=\"twitter:card\" content=\"summary_large_image\" \/>\n<meta name=\"twitter:site\" content=\"@atlantidesauna\" \/>\n<meta name=\"twitter:label1\" content=\"Tempo di lettura stimato\" \/>\n\t<meta name=\"twitter:data1\" content=\"1 minuto\" \/>\n<script type=\"application\/ld+json\" class=\"yoast-schema-graph\">{\"@context\":\"https:\\\/\\\/schema.org\",\"@graph\":[{\"@type\":\"WebPage\",\"@id\":\"https:\\\/\\\/atlantide-sauna.com\\\/it\\\/billetterie\\\/settimana-della-terza-eta\\\/\",\"url\":\"https:\\\/\\\/atlantide-sauna.com\\\/it\\\/billetterie\\\/settimana-della-terza-eta\\\/\",\"name\":\"Biglietto Senior: prenota ora la tua esperienza -% Atlantide Sauna%\",\"isPartOf\":{\"@id\":\"https:\\\/\\\/atlantide-sauna.com\\\/it\\\/#website\"},\"primaryImageOfPage\":{\"@id\":\"https:\\\/\\\/atlantide-sauna.com\\\/it\\\/billetterie\\\/settimana-della-terza-eta\\\/#primaryimage\"},\"image\":{\"@id\":\"https:\\\/\\\/atlantide-sauna.com\\\/it\\\/billetterie\\\/settimana-della-terza-eta\\\/#primaryimage\"},\"thumbnailUrl\":\"https:\\\/\\\/atlantide-sauna.com\\\/wp-content\\\/uploads\\\/2026\\\/01\\\/ASH-TICKETS_2026_SENIOR.svg\",\"datePublished\":\"2025-10-27T17:15:08+00:00\",\"description\":\"Il Ticket d'ingresso S\u00e9nior ti aspetta per regalarti piaceri indimenticabili! Approfitta dei vantaggi a te riservati, acquista il tuo!\",\"breadcrumb\":{\"@id\":\"https:\\\/\\\/atlantide-sauna.com\\\/it\\\/billetterie\\\/settimana-della-terza-eta\\\/#breadcrumb\"},\"inLanguage\":\"it-IT\",\"potentialAction\":[{\"@type\":\"ReadAction\",\"target\":[\"https:\\\/\\\/atlantide-sauna.com\\\/it\\\/billetterie\\\/settimana-della-terza-eta\\\/\"]}]},{\"@type\":\"ImageObject\",\"inLanguage\":\"it-IT\",\"@id\":\"https:\\\/\\\/atlantide-sauna.com\\\/it\\\/billetterie\\\/settimana-della-terza-eta\\\/#primaryimage\",\"url\":\"https:\\\/\\\/atlantide-sauna.com\\\/wp-content\\\/uploads\\\/2026\\\/01\\\/ASH-TICKETS_2026_SENIOR.svg\",\"contentUrl\":\"https:\\\/\\\/atlantide-sauna.com\\\/wp-content\\\/uploads\\\/2026\\\/01\\\/ASH-TICKETS_2026_SENIOR.svg\",\"width\":800,\"height\":800,\"caption\":\"Biglietto d'ingresso per uomini single over 55 - Seniors - Atlantide Sauna Paris\"},{\"@type\":\"BreadcrumbList\",\"@id\":\"https:\\\/\\\/atlantide-sauna.com\\\/it\\\/billetterie\\\/settimana-della-terza-eta\\\/#breadcrumb\",\"itemListElement\":[{\"@type\":\"ListItem\",\"position\":1,\"name\":\"Accueil\",\"item\":\"https:\\\/\\\/atlantide-sauna.com\\\/it\\\/casa\\\/\"},{\"@type\":\"ListItem\",\"position\":2,\"name\":\"Boutique\",\"item\":\"https:\\\/\\\/atlantide-sauna.com\\\/boutique\\\/\"},{\"@type\":\"ListItem\",\"position\":3,\"name\":\"Settimana della terza et\u00e0\"}]},{\"@type\":\"WebSite\",\"@id\":\"https:\\\/\\\/atlantide-sauna.com\\\/it\\\/#website\",\"url\":\"https:\\\/\\\/atlantide-sauna.com\\\/it\\\/\",\"name\":\"Atlantide Sauna\",\"description\":\"Sauna Toutes Tendances Gay Bi Tr**\",\"publisher\":{\"@id\":\"https:\\\/\\\/atlantide-sauna.com\\\/it\\\/#organization\"},\"alternateName\":\"Club libertin Atlantide Sauna Paris\",\"potentialAction\":[{\"@type\":\"SearchAction\",\"target\":{\"@type\":\"EntryPoint\",\"urlTemplate\":\"https:\\\/\\\/atlantide-sauna.com\\\/it\\\/?s={search_term_string}\"},\"query-input\":{\"@type\":\"PropertyValueSpecification\",\"valueRequired\":true,\"valueName\":\"search_term_string\"}}],\"inLanguage\":\"it-IT\"},{\"@type\":\"Organization\",\"@id\":\"https:\\\/\\\/atlantide-sauna.com\\\/it\\\/#organization\",\"name\":\"ATLANTIDE SAUNA HAMMAM\",\"alternateName\":\"ATLANTIDE SAUNA HAMMAM\",\"url\":\"https:\\\/\\\/atlantide-sauna.com\\\/it\\\/\",\"logo\":{\"@type\":\"ImageObject\",\"inLanguage\":\"it-IT\",\"@id\":\"https:\\\/\\\/atlantide-sauna.com\\\/it\\\/#\\\/schema\\\/logo\\\/image\\\/\",\"url\":\"https:\\\/\\\/atlantide-sauna.com\\\/wp-content\\\/uploads\\\/2025\\\/05\\\/ash_logo_2025_01.svg\",\"contentUrl\":\"https:\\\/\\\/atlantide-sauna.com\\\/wp-content\\\/uploads\\\/2025\\\/05\\\/ash_logo_2025_01.svg\",\"width\":1,\"height\":1,\"caption\":\"ATLANTIDE SAUNA HAMMAM\"},\"image\":{\"@id\":\"https:\\\/\\\/atlantide-sauna.com\\\/it\\\/#\\\/schema\\\/logo\\\/image\\\/\"},\"sameAs\":[\"https:\\\/\\\/www.facebook.com\\\/profile.php?id=100082829877238\",\"https:\\\/\\\/x.com\\\/atlantidesauna\"],\"description\":\"Sauna hammam toutes tendances. Un espace de libert\u00e9, de mixit\u00e9 et de tol\u00e9rance. Chez Atlantide Sauna vous trouverez les conditions id\u00e9ales pour vos rencontres libertines.\",\"email\":\"infos@atlantide-sauna.com\",\"telephone\":\"0143422243\",\"legalName\":\"ATLANTIDE SAUNA HAMMAM\",\"foundingDate\":\"1999-08-09\",\"vatID\":\"FR39423920370\",\"taxID\":\"42392037000016\",\"numberOfEmployees\":{\"@type\":\"QuantitativeValue\",\"minValue\":\"1\",\"maxValue\":\"10\"}}]}<\/script>\n<!-- \/ Yoast SEO Premium plugin. -->","yoast_head_json":{"title":"Biglietto Senior: prenota ora la tua esperienza -% Atlantide Sauna%","description":"Il Ticket d'ingresso S\u00e9nior ti aspetta per regalarti piaceri indimenticabili! Approfitta dei vantaggi a te riservati, acquista il tuo!","robots":{"index":"index","follow":"follow","max-snippet":"max-snippet:-1","max-image-preview":"max-image-preview:large","max-video-preview":"max-video-preview:-1"},"canonical":"https:\/\/atlantide-sauna.com\/it\/billetterie\/settimana-della-terza-eta\/","og_locale":"it_IT","og_type":"article","og_title":"Settimana della terza et\u00e0","og_description":"Il Ticket d'ingresso S\u00e9nior ti aspetta per regalarti piaceri indimenticabili! Approfitta dei vantaggi a te riservati, acquista il tuo!","og_url":"https:\/\/atlantide-sauna.com\/it\/billetterie\/settimana-della-terza-eta\/","og_site_name":"Atlantide Sauna","article_publisher":"https:\/\/www.facebook.com\/profile.php?id=100082829877238","og_image":[{"width":1440,"height":810,"url":"https:\/\/i0.wp.com\/atlantide-sauna.com\/wp-content\/uploads\/2025\/06\/ASH_IMG2025_000.jpg?fit=1440%2C810&ssl=1","type":"image\/jpeg"}],"twitter_card":"summary_large_image","twitter_site":"@atlantidesauna","twitter_misc":{"Tempo di lettura stimato":"1 minuto"},"schema":{"@context":"https:\/\/schema.org","@graph":[{"@type":"WebPage","@id":"https:\/\/atlantide-sauna.com\/it\/billetterie\/settimana-della-terza-eta\/","url":"https:\/\/atlantide-sauna.com\/it\/billetterie\/settimana-della-terza-eta\/","name":"Biglietto Senior: prenota ora la tua esperienza -% Atlantide Sauna%","isPartOf":{"@id":"https:\/\/atlantide-sauna.com\/it\/#website"},"primaryImageOfPage":{"@id":"https:\/\/atlantide-sauna.com\/it\/billetterie\/settimana-della-terza-eta\/#primaryimage"},"image":{"@id":"https:\/\/atlantide-sauna.com\/it\/billetterie\/settimana-della-terza-eta\/#primaryimage"},"thumbnailUrl":"https:\/\/atlantide-sauna.com\/wp-content\/uploads\/2026\/01\/ASH-TICKETS_2026_SENIOR.svg","datePublished":"2025-10-27T17:15:08+00:00","description":"Il Ticket d'ingresso S\u00e9nior ti aspetta per regalarti piaceri indimenticabili! Approfitta dei vantaggi a te riservati, acquista il tuo!","breadcrumb":{"@id":"https:\/\/atlantide-sauna.com\/it\/billetterie\/settimana-della-terza-eta\/#breadcrumb"},"inLanguage":"it-IT","potentialAction":[{"@type":"ReadAction","target":["https:\/\/atlantide-sauna.com\/it\/billetterie\/settimana-della-terza-eta\/"]}]},{"@type":"ImageObject","inLanguage":"it-IT","@id":"https:\/\/atlantide-sauna.com\/it\/billetterie\/settimana-della-terza-eta\/#primaryimage","url":"https:\/\/atlantide-sauna.com\/wp-content\/uploads\/2026\/01\/ASH-TICKETS_2026_SENIOR.svg","contentUrl":"https:\/\/atlantide-sauna.com\/wp-content\/uploads\/2026\/01\/ASH-TICKETS_2026_SENIOR.svg","width":800,"height":800,"caption":"Biglietto d'ingresso per uomini single over 55 - Seniors - Atlantide Sauna Paris"},{"@type":"BreadcrumbList","@id":"https:\/\/atlantide-sauna.com\/it\/billetterie\/settimana-della-terza-eta\/#breadcrumb","itemListElement":[{"@type":"ListItem","position":1,"name":"Accueil","item":"https:\/\/atlantide-sauna.com\/it\/casa\/"},{"@type":"ListItem","position":2,"name":"Boutique","item":"https:\/\/atlantide-sauna.com\/boutique\/"},{"@type":"ListItem","position":3,"name":"Settimana della terza et\u00e0"}]},{"@type":"WebSite","@id":"https:\/\/atlantide-sauna.com\/it\/#website","url":"https:\/\/atlantide-sauna.com\/it\/","name":"Atlantide Sauna","description":"Sauna Toutes Tendances Gay Bi Tr**","publisher":{"@id":"https:\/\/atlantide-sauna.com\/it\/#organization"},"alternateName":"Club libertin Atlantide Sauna Paris","potentialAction":[{"@type":"SearchAction","target":{"@type":"EntryPoint","urlTemplate":"https:\/\/atlantide-sauna.com\/it\/?s={search_term_string}"},"query-input":{"@type":"PropertyValueSpecification","valueRequired":true,"valueName":"search_term_string"}}],"inLanguage":"it-IT"},{"@type":"Organization","@id":"https:\/\/atlantide-sauna.com\/it\/#organization","name":"ATLANTIDE SAUNA HAMMAM","alternateName":"ATLANTIDE SAUNA HAMMAM","url":"https:\/\/atlantide-sauna.com\/it\/","logo":{"@type":"ImageObject","inLanguage":"it-IT","@id":"https:\/\/atlantide-sauna.com\/it\/#\/schema\/logo\/image\/","url":"https:\/\/atlantide-sauna.com\/wp-content\/uploads\/2025\/05\/ash_logo_2025_01.svg","contentUrl":"https:\/\/atlantide-sauna.com\/wp-content\/uploads\/2025\/05\/ash_logo_2025_01.svg","width":1,"height":1,"caption":"ATLANTIDE SAUNA HAMMAM"},"image":{"@id":"https:\/\/atlantide-sauna.com\/it\/#\/schema\/logo\/image\/"},"sameAs":["https:\/\/www.facebook.com\/profile.php?id=100082829877238","https:\/\/x.com\/atlantidesauna"],"description":"Sauna hammam toutes tendances. Un espace de libert\u00e9, de mixit\u00e9 et de tol\u00e9rance. Chez Atlantide Sauna vous trouverez les conditions id\u00e9ales pour vos rencontres libertines.","email":"infos@atlantide-sauna.com","telephone":"0143422243","legalName":"ATLANTIDE SAUNA HAMMAM","foundingDate":"1999-08-09","vatID":"FR39423920370","taxID":"42392037000016","numberOfEmployees":{"@type":"QuantitativeValue","minValue":"1","maxValue":"10"}}]}},"jetpack_publicize_connections":[],"jetpack_sharing_enabled":true,"_links":{"self":[{"href":"https:\/\/atlantide-sauna.com\/it\/wp-json\/wp\/v2\/product\/8584","targetHints":{"allow":["GET"]}}],"collection":[{"href":"https:\/\/atlantide-sauna.com\/it\/wp-json\/wp\/v2\/product"}],"about":[{"href":"https:\/\/atlantide-sauna.com\/it\/wp-json\/wp\/v2\/types\/product"}],"author":[{"embeddable":true,"href":"https:\/\/atlantide-sauna.com\/it\/wp-json\/wp\/v2\/users\/4"}],"wp:featuredmedia":[{"embeddable":true,"href":"https:\/\/atlantide-sauna.com\/it\/wp-json\/wp\/v2\/media\/7642"}],"wp:attachment":[{"href":"https:\/\/atlantide-sauna.com\/it\/wp-json\/wp\/v2\/media?parent=8584"}],"wp:term":[{"taxonomy":"product_brand","embeddable":true,"href":"https:\/\/atlantide-sauna.com\/it\/wp-json\/wp\/v2\/product_brand?post=8584"},{"taxonomy":"product_cat","embeddable":true,"href":"https:\/\/atlantide-sauna.com\/it\/wp-json\/wp\/v2\/product_cat?post=8584"},{"taxonomy":"product_tag","embeddable":true,"href":"https:\/\/atlantide-sauna.com\/it\/wp-json\/wp\/v2\/product_tag?post=8584"}],"curies":[{"name":"wp","href":"https:\/\/api.w.org\/{rel}","templated":true}]}}