{"id":8595,"date":"2026-05-01T09:55:23","date_gmt":"2026-05-01T07:55:23","guid":{"rendered":"https:\/\/atlantide-sauna.com\/billetterie\/promozione-vigili-del-fuoco-della-polizia-militare-50\/"},"modified":"2026-05-02T06:38:26","modified_gmt":"2026-05-02T04:38:26","slug":"promozione-vigili-del-fuoco-della-polizia-militare-50","status":"publish","type":"product","link":"https:\/\/atlantide-sauna.com\/it\/billetterie\/promozione-vigili-del-fuoco-della-polizia-militare-50\/","title":{"rendered":"Promozione Vigili del Fuoco della Polizia Militare 50%"},"content":{"rendered":"<p>Biglietto d&#8217;ingresso per un uomo single.<br \/>\n<span style=\"color: #ff0000;\"><strong>PROMO SPECIALE 1=<span style=\"text-decoration: underline;\">2 1 Biglietto acquistato = 1 Ingresso gratuito<\/span><br \/>\nTariffa per vigili del fuoco, poliziotti o militari nei giorni feriali dal luned\u00ec al venerd\u00ec<br \/>\n<\/strong><\/span><strong><br \/>\n<\/strong><br \/>\n<!--more--><br \/>\nVieni a goderti il bagno turco e la sauna e a conoscere nuove persone ogni giorno a partire da mezzogiorno.<br \/>\n<span style=\"text-align: justify;\">I 2 biglietti d&#8217;ingresso sono <\/span><span style=\"text-align: justify;\">validi durante la settimana e <\/span><span style=\"text-decoration: underline;\"><strong>possono essere utilizzati dal LUNED\u00cc al VENERD\u00cc<\/strong>.<br \/>\n<\/span><strong><span style=\"text-align: justify;\">I 2 biglietti devono essere utilizzati <\/span><span style=\"text-align: justify; color: #ff0000;\"><span style=\"text-decoration: underline;\">entro 8 GIORNI dalla data di acquisto<\/span>.<\/span><\/strong><\/p>\n<p class=\"whitespace-break-spaces\"><strong>Termini e condizioni d&#8217;uso:<\/strong><\/p>\n<ul>\n<li>Biglietti d&#8217;ingresso trasferibili.<\/li>\n<li>Non scambiabile, non rimborsabile.<\/li>\n<li>Riservato agli uomini adulti che sono vigili del fuoco, agenti di polizia o soldati.<\/li>\n<li>Deve essere presentato all&#8217;ingresso (versione digitale o stampata).<\/li>\n<\/ul>\n","protected":false},"excerpt":{"rendered":"<p>Ingresso per un uomo single di et\u00e0 superiore ai 18 anni.<\/p>\n","protected":false},"author":4,"featured_media":7634,"template":"","meta":{"jetpack_publicize_message":"","jetpack_publicize_feature_enabled":true,"jetpack_social_post_already_shared":true,"jetpack_social_options":{"image_generator_settings":{"template":"highway","default_image_id":0,"font":"","enabled":false},"version":2}},"product_brand":[],"product_cat":[390],"product_tag":[343,342,396],"class_list":{"0":"post-8595","1":"product","2":"type-product","3":"status-publish","4":"has-post-thumbnail","6":"product_cat-vendita-50","7":"product_tag-settimana","8":"product_tag-uomo","9":"product_tag-vendita","11":"first","12":"instock","13":"virtual","14":"taxable","15":"purchasable","16":"product-type-simple"},"yoast_head":"<!-- This site is optimized with the Yoast SEO Premium plugin v27.5 (Yoast SEO v27.5) - https:\/\/yoast.com\/product\/yoast-seo-premium-wordpress\/ -->\n<title>PROMO 1=2 \ud83c\udf9f\ufe0f Biglietto d&#039;ingresso per uomini Vigili del Fuoco Polizia Militare<\/title>\n<meta name=\"description\" content=\"Vigili del fuoco, poliziotti o militari \ud83c\udf46 Area relax con il nostro biglietto speciale. Rilassati nella nostra sauna e nel nostro hammam per le riunioni\ud83d\udd25\" \/>\n<meta name=\"robots\" content=\"index, follow, max-snippet:-1, max-image-preview:large, max-video-preview:-1\" \/>\n<link rel=\"canonical\" href=\"https:\/\/atlantide-sauna.com\/it\/billetterie\/promozione-vigili-del-fuoco-della-polizia-militare-50\/\" \/>\n<meta property=\"og:locale\" content=\"it_IT\" \/>\n<meta property=\"og:type\" content=\"article\" \/>\n<meta property=\"og:title\" content=\"Promozione Vigili del Fuoco della Polizia Militare 50%\" \/>\n<meta property=\"og:description\" content=\"Vigili del fuoco, poliziotti o militari \ud83c\udf46 Area relax con il nostro biglietto speciale. Rilassati nella nostra sauna e nel nostro hammam per le riunioni\ud83d\udd25\" \/>\n<meta property=\"og:url\" content=\"https:\/\/atlantide-sauna.com\/it\/billetterie\/promozione-vigili-del-fuoco-della-polizia-militare-50\/\" \/>\n<meta property=\"og:site_name\" content=\"Atlantide Sauna\" \/>\n<meta property=\"article:publisher\" content=\"https:\/\/www.facebook.com\/profile.php?id=100082829877238\" \/>\n<meta property=\"article:modified_time\" content=\"2026-05-02T04:38:26+00:00\" \/>\n<meta property=\"og:image\" content=\"https:\/\/i0.wp.com\/atlantide-sauna.com\/wp-content\/uploads\/2025\/06\/ASH_IMG2025_000.jpg?fit=1440%2C810&ssl=1\" \/>\n\t<meta property=\"og:image:width\" content=\"1440\" \/>\n\t<meta property=\"og:image:height\" content=\"810\" \/>\n\t<meta property=\"og:image:type\" content=\"image\/jpeg\" \/>\n<meta name=\"twitter:card\" content=\"summary_large_image\" \/>\n<meta name=\"twitter:site\" content=\"@atlantidesauna\" \/>\n<meta name=\"twitter:label1\" content=\"Tempo di lettura stimato\" \/>\n\t<meta name=\"twitter:data1\" content=\"1 minuto\" \/>\n<script type=\"application\/ld+json\" class=\"yoast-schema-graph\">{\"@context\":\"https:\\\/\\\/schema.org\",\"@graph\":[{\"@type\":\"WebPage\",\"@id\":\"https:\\\/\\\/atlantide-sauna.com\\\/it\\\/billetterie\\\/promozione-vigili-del-fuoco-della-polizia-militare-50\\\/\",\"url\":\"https:\\\/\\\/atlantide-sauna.com\\\/it\\\/billetterie\\\/promozione-vigili-del-fuoco-della-polizia-militare-50\\\/\",\"name\":\"PROMO 1=2 \ud83c\udf9f\ufe0f Biglietto d'ingresso per uomini Vigili del Fuoco Polizia Militare\",\"isPartOf\":{\"@id\":\"https:\\\/\\\/atlantide-sauna.com\\\/it\\\/#website\"},\"primaryImageOfPage\":{\"@id\":\"https:\\\/\\\/atlantide-sauna.com\\\/it\\\/billetterie\\\/promozione-vigili-del-fuoco-della-polizia-militare-50\\\/#primaryimage\"},\"image\":{\"@id\":\"https:\\\/\\\/atlantide-sauna.com\\\/it\\\/billetterie\\\/promozione-vigili-del-fuoco-della-polizia-militare-50\\\/#primaryimage\"},\"thumbnailUrl\":\"https:\\\/\\\/atlantide-sauna.com\\\/wp-content\\\/uploads\\\/2026\\\/01\\\/ASH-TICKETS_2026_POMPIER_POLICIER.svg\",\"datePublished\":\"2026-05-01T07:55:23+00:00\",\"dateModified\":\"2026-05-02T04:38:26+00:00\",\"description\":\"Vigili del fuoco, poliziotti o militari \ud83c\udf46 Area relax con il nostro biglietto speciale. Rilassati nella nostra sauna e nel nostro hammam per le riunioni\ud83d\udd25\",\"breadcrumb\":{\"@id\":\"https:\\\/\\\/atlantide-sauna.com\\\/it\\\/billetterie\\\/promozione-vigili-del-fuoco-della-polizia-militare-50\\\/#breadcrumb\"},\"inLanguage\":\"it-IT\",\"potentialAction\":[{\"@type\":\"ReadAction\",\"target\":[\"https:\\\/\\\/atlantide-sauna.com\\\/it\\\/billetterie\\\/promozione-vigili-del-fuoco-della-polizia-militare-50\\\/\"]}]},{\"@type\":\"ImageObject\",\"inLanguage\":\"it-IT\",\"@id\":\"https:\\\/\\\/atlantide-sauna.com\\\/it\\\/billetterie\\\/promozione-vigili-del-fuoco-della-polizia-militare-50\\\/#primaryimage\",\"url\":\"https:\\\/\\\/atlantide-sauna.com\\\/wp-content\\\/uploads\\\/2026\\\/01\\\/ASH-TICKETS_2026_POMPIER_POLICIER.svg\",\"contentUrl\":\"https:\\\/\\\/atlantide-sauna.com\\\/wp-content\\\/uploads\\\/2026\\\/01\\\/ASH-TICKETS_2026_POMPIER_POLICIER.svg\",\"width\":800,\"height\":800,\"caption\":\"Biglietto d'ingresso per singolo UOMO Vigile del fuoco Poliziotto Militare - Atlantide Sauna Paris\"},{\"@type\":\"BreadcrumbList\",\"@id\":\"https:\\\/\\\/atlantide-sauna.com\\\/it\\\/billetterie\\\/promozione-vigili-del-fuoco-della-polizia-militare-50\\\/#breadcrumb\",\"itemListElement\":[{\"@type\":\"ListItem\",\"position\":1,\"name\":\"Accueil\",\"item\":\"https:\\\/\\\/atlantide-sauna.com\\\/it\\\/casa\\\/\"},{\"@type\":\"ListItem\",\"position\":2,\"name\":\"Boutique\",\"item\":\"https:\\\/\\\/atlantide-sauna.com\\\/boutique\\\/\"},{\"@type\":\"ListItem\",\"position\":3,\"name\":\"Promozione Vigili del Fuoco della Polizia Militare 50%\"}]},{\"@type\":\"WebSite\",\"@id\":\"https:\\\/\\\/atlantide-sauna.com\\\/it\\\/#website\",\"url\":\"https:\\\/\\\/atlantide-sauna.com\\\/it\\\/\",\"name\":\"Atlantide Sauna\",\"description\":\"Sauna Toutes Tendances Gay Bi Tr**\",\"publisher\":{\"@id\":\"https:\\\/\\\/atlantide-sauna.com\\\/it\\\/#organization\"},\"alternateName\":\"Club libertin Atlantide Sauna Paris\",\"potentialAction\":[{\"@type\":\"SearchAction\",\"target\":{\"@type\":\"EntryPoint\",\"urlTemplate\":\"https:\\\/\\\/atlantide-sauna.com\\\/it\\\/?s={search_term_string}\"},\"query-input\":{\"@type\":\"PropertyValueSpecification\",\"valueRequired\":true,\"valueName\":\"search_term_string\"}}],\"inLanguage\":\"it-IT\"},{\"@type\":\"Organization\",\"@id\":\"https:\\\/\\\/atlantide-sauna.com\\\/it\\\/#organization\",\"name\":\"ATLANTIDE SAUNA HAMMAM\",\"alternateName\":\"ATLANTIDE SAUNA HAMMAM\",\"url\":\"https:\\\/\\\/atlantide-sauna.com\\\/it\\\/\",\"logo\":{\"@type\":\"ImageObject\",\"inLanguage\":\"it-IT\",\"@id\":\"https:\\\/\\\/atlantide-sauna.com\\\/it\\\/#\\\/schema\\\/logo\\\/image\\\/\",\"url\":\"https:\\\/\\\/atlantide-sauna.com\\\/wp-content\\\/uploads\\\/2025\\\/05\\\/ash_logo_2025_01.svg\",\"contentUrl\":\"https:\\\/\\\/atlantide-sauna.com\\\/wp-content\\\/uploads\\\/2025\\\/05\\\/ash_logo_2025_01.svg\",\"width\":1,\"height\":1,\"caption\":\"ATLANTIDE SAUNA HAMMAM\"},\"image\":{\"@id\":\"https:\\\/\\\/atlantide-sauna.com\\\/it\\\/#\\\/schema\\\/logo\\\/image\\\/\"},\"sameAs\":[\"https:\\\/\\\/www.facebook.com\\\/profile.php?id=100082829877238\",\"https:\\\/\\\/x.com\\\/atlantidesauna\"],\"description\":\"Sauna hammam toutes tendances. Un espace de libert\u00e9, de mixit\u00e9 et de tol\u00e9rance. Chez Atlantide Sauna vous trouverez les conditions id\u00e9ales pour vos rencontres libertines.\",\"email\":\"infos@atlantide-sauna.com\",\"telephone\":\"0143422243\",\"legalName\":\"ATLANTIDE SAUNA HAMMAM\",\"foundingDate\":\"1999-08-09\",\"vatID\":\"FR39423920370\",\"taxID\":\"42392037000016\",\"numberOfEmployees\":{\"@type\":\"QuantitativeValue\",\"minValue\":\"1\",\"maxValue\":\"10\"}}]}<\/script>\n<!-- \/ Yoast SEO Premium plugin. -->","yoast_head_json":{"title":"PROMO 1=2 \ud83c\udf9f\ufe0f Biglietto d'ingresso per uomini Vigili del Fuoco Polizia Militare","description":"Vigili del fuoco, poliziotti o militari \ud83c\udf46 Area relax con il nostro biglietto speciale. Rilassati nella nostra sauna e nel nostro hammam per le riunioni\ud83d\udd25","robots":{"index":"index","follow":"follow","max-snippet":"max-snippet:-1","max-image-preview":"max-image-preview:large","max-video-preview":"max-video-preview:-1"},"canonical":"https:\/\/atlantide-sauna.com\/it\/billetterie\/promozione-vigili-del-fuoco-della-polizia-militare-50\/","og_locale":"it_IT","og_type":"article","og_title":"Promozione Vigili del Fuoco della Polizia Militare 50%","og_description":"Vigili del fuoco, poliziotti o militari \ud83c\udf46 Area relax con il nostro biglietto speciale. Rilassati nella nostra sauna e nel nostro hammam per le riunioni\ud83d\udd25","og_url":"https:\/\/atlantide-sauna.com\/it\/billetterie\/promozione-vigili-del-fuoco-della-polizia-militare-50\/","og_site_name":"Atlantide Sauna","article_publisher":"https:\/\/www.facebook.com\/profile.php?id=100082829877238","article_modified_time":"2026-05-02T04:38:26+00:00","og_image":[{"width":1440,"height":810,"url":"https:\/\/i0.wp.com\/atlantide-sauna.com\/wp-content\/uploads\/2025\/06\/ASH_IMG2025_000.jpg?fit=1440%2C810&ssl=1","type":"image\/jpeg"}],"twitter_card":"summary_large_image","twitter_site":"@atlantidesauna","twitter_misc":{"Tempo di lettura stimato":"1 minuto"},"schema":{"@context":"https:\/\/schema.org","@graph":[{"@type":"WebPage","@id":"https:\/\/atlantide-sauna.com\/it\/billetterie\/promozione-vigili-del-fuoco-della-polizia-militare-50\/","url":"https:\/\/atlantide-sauna.com\/it\/billetterie\/promozione-vigili-del-fuoco-della-polizia-militare-50\/","name":"PROMO 1=2 \ud83c\udf9f\ufe0f Biglietto d'ingresso per uomini Vigili del Fuoco Polizia Militare","isPartOf":{"@id":"https:\/\/atlantide-sauna.com\/it\/#website"},"primaryImageOfPage":{"@id":"https:\/\/atlantide-sauna.com\/it\/billetterie\/promozione-vigili-del-fuoco-della-polizia-militare-50\/#primaryimage"},"image":{"@id":"https:\/\/atlantide-sauna.com\/it\/billetterie\/promozione-vigili-del-fuoco-della-polizia-militare-50\/#primaryimage"},"thumbnailUrl":"https:\/\/atlantide-sauna.com\/wp-content\/uploads\/2026\/01\/ASH-TICKETS_2026_POMPIER_POLICIER.svg","datePublished":"2026-05-01T07:55:23+00:00","dateModified":"2026-05-02T04:38:26+00:00","description":"Vigili del fuoco, poliziotti o militari \ud83c\udf46 Area relax con il nostro biglietto speciale. Rilassati nella nostra sauna e nel nostro hammam per le riunioni\ud83d\udd25","breadcrumb":{"@id":"https:\/\/atlantide-sauna.com\/it\/billetterie\/promozione-vigili-del-fuoco-della-polizia-militare-50\/#breadcrumb"},"inLanguage":"it-IT","potentialAction":[{"@type":"ReadAction","target":["https:\/\/atlantide-sauna.com\/it\/billetterie\/promozione-vigili-del-fuoco-della-polizia-militare-50\/"]}]},{"@type":"ImageObject","inLanguage":"it-IT","@id":"https:\/\/atlantide-sauna.com\/it\/billetterie\/promozione-vigili-del-fuoco-della-polizia-militare-50\/#primaryimage","url":"https:\/\/atlantide-sauna.com\/wp-content\/uploads\/2026\/01\/ASH-TICKETS_2026_POMPIER_POLICIER.svg","contentUrl":"https:\/\/atlantide-sauna.com\/wp-content\/uploads\/2026\/01\/ASH-TICKETS_2026_POMPIER_POLICIER.svg","width":800,"height":800,"caption":"Biglietto d'ingresso per singolo UOMO Vigile del fuoco Poliziotto Militare - Atlantide Sauna Paris"},{"@type":"BreadcrumbList","@id":"https:\/\/atlantide-sauna.com\/it\/billetterie\/promozione-vigili-del-fuoco-della-polizia-militare-50\/#breadcrumb","itemListElement":[{"@type":"ListItem","position":1,"name":"Accueil","item":"https:\/\/atlantide-sauna.com\/it\/casa\/"},{"@type":"ListItem","position":2,"name":"Boutique","item":"https:\/\/atlantide-sauna.com\/boutique\/"},{"@type":"ListItem","position":3,"name":"Promozione Vigili del Fuoco della Polizia Militare 50%"}]},{"@type":"WebSite","@id":"https:\/\/atlantide-sauna.com\/it\/#website","url":"https:\/\/atlantide-sauna.com\/it\/","name":"Atlantide Sauna","description":"Sauna Toutes Tendances Gay Bi Tr**","publisher":{"@id":"https:\/\/atlantide-sauna.com\/it\/#organization"},"alternateName":"Club libertin Atlantide Sauna Paris","potentialAction":[{"@type":"SearchAction","target":{"@type":"EntryPoint","urlTemplate":"https:\/\/atlantide-sauna.com\/it\/?s={search_term_string}"},"query-input":{"@type":"PropertyValueSpecification","valueRequired":true,"valueName":"search_term_string"}}],"inLanguage":"it-IT"},{"@type":"Organization","@id":"https:\/\/atlantide-sauna.com\/it\/#organization","name":"ATLANTIDE SAUNA HAMMAM","alternateName":"ATLANTIDE SAUNA HAMMAM","url":"https:\/\/atlantide-sauna.com\/it\/","logo":{"@type":"ImageObject","inLanguage":"it-IT","@id":"https:\/\/atlantide-sauna.com\/it\/#\/schema\/logo\/image\/","url":"https:\/\/atlantide-sauna.com\/wp-content\/uploads\/2025\/05\/ash_logo_2025_01.svg","contentUrl":"https:\/\/atlantide-sauna.com\/wp-content\/uploads\/2025\/05\/ash_logo_2025_01.svg","width":1,"height":1,"caption":"ATLANTIDE SAUNA HAMMAM"},"image":{"@id":"https:\/\/atlantide-sauna.com\/it\/#\/schema\/logo\/image\/"},"sameAs":["https:\/\/www.facebook.com\/profile.php?id=100082829877238","https:\/\/x.com\/atlantidesauna"],"description":"Sauna hammam toutes tendances. Un espace de libert\u00e9, de mixit\u00e9 et de tol\u00e9rance. Chez Atlantide Sauna vous trouverez les conditions id\u00e9ales pour vos rencontres libertines.","email":"infos@atlantide-sauna.com","telephone":"0143422243","legalName":"ATLANTIDE SAUNA HAMMAM","foundingDate":"1999-08-09","vatID":"FR39423920370","taxID":"42392037000016","numberOfEmployees":{"@type":"QuantitativeValue","minValue":"1","maxValue":"10"}}]}},"jetpack_publicize_connections":[],"jetpack_sharing_enabled":true,"_links":{"self":[{"href":"https:\/\/atlantide-sauna.com\/it\/wp-json\/wp\/v2\/product\/8595","targetHints":{"allow":["GET"]}}],"collection":[{"href":"https:\/\/atlantide-sauna.com\/it\/wp-json\/wp\/v2\/product"}],"about":[{"href":"https:\/\/atlantide-sauna.com\/it\/wp-json\/wp\/v2\/types\/product"}],"author":[{"embeddable":true,"href":"https:\/\/atlantide-sauna.com\/it\/wp-json\/wp\/v2\/users\/4"}],"wp:featuredmedia":[{"embeddable":true,"href":"https:\/\/atlantide-sauna.com\/it\/wp-json\/wp\/v2\/media\/7634"}],"wp:attachment":[{"href":"https:\/\/atlantide-sauna.com\/it\/wp-json\/wp\/v2\/media?parent=8595"}],"wp:term":[{"taxonomy":"product_brand","embeddable":true,"href":"https:\/\/atlantide-sauna.com\/it\/wp-json\/wp\/v2\/product_brand?post=8595"},{"taxonomy":"product_cat","embeddable":true,"href":"https:\/\/atlantide-sauna.com\/it\/wp-json\/wp\/v2\/product_cat?post=8595"},{"taxonomy":"product_tag","embeddable":true,"href":"https:\/\/atlantide-sauna.com\/it\/wp-json\/wp\/v2\/product_tag?post=8595"}],"curies":[{"name":"wp","href":"https:\/\/api.w.org\/{rel}","templated":true}]}}